{"id":3631,"date":"2023-05-24T14:54:04","date_gmt":"2023-05-24T14:54:04","guid":{"rendered":"https:\/\/suissemassage.digichablais.ch\/?product=drap-housse-papier-jetable-table-de-massage"},"modified":"2026-04-16T15:49:12","modified_gmt":"2026-04-16T13:49:12","slug":"drap-housse-papier-jetable-table-de-massage","status":"publish","type":"product","link":"https:\/\/swissmassage.ch\/fr\/produits\/drap-housse-papier-jetable-table-de-massage\/","title":{"rendered":"Drap housse papier jetable table de massage"},"content":{"rendered":"<h2 style=\"text-align: left\">Drap housse en papier jetable pour table de massage.<\/h2>\n<p style=\"text-align: left\"><span style=\"font-size: 10pt\">Pour tables de massage de 182cm \u00e0 195cm de long par 65cm \u00e0 80cm de large.<br \/>\nPaquet de 10 pi\u00e8ces<\/span><\/p>\n","protected":false},"excerpt":{"rendered":"<p>Drap housse en papier jetable pour table de massage. Pour tables de massage de 182cm \u00e0 195cm de long par 65cm \u00e0 80cm de large. Paquet de 10 pi\u00e8ces<\/p>\n","protected":false},"featured_media":3632,"template":"","meta":{"_seopress_robots_primary_cat":"none","_seopress_titles_title":"","_seopress_titles_desc":"Drap housse en papier jetable pour table de massage. Pour tables de massage de 182cm \u00e0 195cm de long par 65cm \u00e0 80cm de large. Paquet de 10 pi\u00e8ces.","_seopress_robots_index":""},"pwb-brand":[],"product_brand":[],"product_cat":[271,1079],"product_tag":[1090,1098,1095,1094],"product_folder":[1017],"class_list":{"0":"post-3631","1":"product","2":"type-product","3":"status-publish","4":"has-post-thumbnail","6":"product_cat-protection-table-de-massage","7":"product_cat-tous-les-accessoires-de-massage","8":"product_tag-drap","9":"product_tag-drap-jetable","10":"product_tag-drap-housse","11":"product_tag-protection","13":"first","14":"instock","15":"taxable","16":"shipping-taxable","17":"purchasable","18":"product-type-simple"},"exclude_global_add_ons":[],"addons":[],"brands":[],"_links":{"self":[{"href":"https:\/\/swissmassage.ch\/fr\/wp-json\/wp\/v2\/product\/3631","targetHints":{"allow":["GET"]}}],"collection":[{"href":"https:\/\/swissmassage.ch\/fr\/wp-json\/wp\/v2\/product"}],"about":[{"href":"https:\/\/swissmassage.ch\/fr\/wp-json\/wp\/v2\/types\/product"}],"wp:featuredmedia":[{"embeddable":true,"href":"https:\/\/swissmassage.ch\/fr\/wp-json\/wp\/v2\/media\/3632"}],"wp:attachment":[{"href":"https:\/\/swissmassage.ch\/fr\/wp-json\/wp\/v2\/media?parent=3631"}],"wp:term":[{"taxonomy":"pwb-brand","embeddable":true,"href":"https:\/\/swissmassage.ch\/fr\/wp-json\/wp\/v2\/pwb-brand?post=3631"},{"taxonomy":"product_brand","embeddable":true,"href":"https:\/\/swissmassage.ch\/fr\/wp-json\/wp\/v2\/product_brand?post=3631"},{"taxonomy":"product_cat","embeddable":true,"href":"https:\/\/swissmassage.ch\/fr\/wp-json\/wp\/v2\/product_cat?post=3631"},{"taxonomy":"product_tag","embeddable":true,"href":"https:\/\/swissmassage.ch\/fr\/wp-json\/wp\/v2\/product_tag?post=3631"},{"taxonomy":"product_folder","embeddable":true,"href":"https:\/\/swissmassage.ch\/fr\/wp-json\/wp\/v2\/product_folder?post=3631"}],"curies":[{"name":"wp","href":"https:\/\/api.w.org\/{rel}","templated":true}]}}