{"id":3635,"date":"2023-05-24T14:54:05","date_gmt":"2023-05-24T14:54:05","guid":{"rendered":"https:\/\/suissemassage.digichablais.ch\/?product=derouleur-de-papier-d-examen-pour-fauteuils-esthetique"},"modified":"2025-02-21T09:05:44","modified_gmt":"2025-02-21T08:05:44","slug":"derouleur-de-papier-d-examen-pour-fauteuils-esthetique","status":"publish","type":"product","link":"https:\/\/swissmassage.ch\/fr\/produits\/derouleur-de-papier-d-examen-pour-fauteuils-esthetique\/","title":{"rendered":"D\u00e9rouleur de papier d&rsquo;examen pour fauteuils esth\u00e9tiques"},"content":{"rendered":"<h2>Support d\u00e9rouleur de papier d&rsquo;examen pour fauteuils esth\u00e9tiques mod\u00e8le Fulu.<\/h2>\n<p>Support de rouleaux de papier jusqu&rsquo;\u00e0 60 cm de large.<br \/>\nInstallation facile au dos de fauteuils d&rsquo;esth\u00e9tique poss\u00e9dant des accoudoirs.<\/p>\n","protected":false},"excerpt":{"rendered":"<p>Support d\u00e9rouleur de papier d&rsquo;examen pour fauteuils esth\u00e9tiques mod\u00e8le Fulu. Support de rouleaux de papier jusqu&rsquo;\u00e0 60 cm de large. Installation facile au dos de fauteuils d&rsquo;esth\u00e9tique poss\u00e9dant des accoudoirs.<\/p>\n","protected":false},"featured_media":3634,"template":"","meta":{"_seopress_robots_primary_cat":"none","_seopress_titles_title":"D\u00e9rouleur de papier d'examen pour fauteuils esth\u00e9tiques","_seopress_titles_desc":"Support d\u00e9rouleur de papier d'examen pour fauteuils esth\u00e9tiques mod\u00e8le Fulu. Installation facile au dos de fauteuils d'esth\u00e9tique poss\u00e9dant des accoudoirs.","_seopress_robots_index":""},"pwb-brand":[],"product_brand":[],"product_cat":[356,1079],"product_tag":[1169,1134,1096,1097,1170],"product_folder":[1030],"class_list":{"0":"post-3635","1":"product","2":"type-product","3":"status-publish","4":"has-post-thumbnail","6":"product_cat-accessoires-table-de-massage","7":"product_cat-tous-les-accessoires-de-massage","8":"product_tag-accessoirs","9":"product_tag-esthetique","10":"product_tag-papier","11":"product_tag-rouleau-papier","12":"product_tag-support-papier","14":"first","15":"instock","16":"taxable","17":"shipping-taxable","18":"purchasable","19":"product-type-simple"},"exclude_global_add_ons":[],"addons":[],"brands":[],"_links":{"self":[{"href":"https:\/\/swissmassage.ch\/fr\/wp-json\/wp\/v2\/product\/3635","targetHints":{"allow":["GET"]}}],"collection":[{"href":"https:\/\/swissmassage.ch\/fr\/wp-json\/wp\/v2\/product"}],"about":[{"href":"https:\/\/swissmassage.ch\/fr\/wp-json\/wp\/v2\/types\/product"}],"wp:featuredmedia":[{"embeddable":true,"href":"https:\/\/swissmassage.ch\/fr\/wp-json\/wp\/v2\/media\/3634"}],"wp:attachment":[{"href":"https:\/\/swissmassage.ch\/fr\/wp-json\/wp\/v2\/media?parent=3635"}],"wp:term":[{"taxonomy":"pwb-brand","embeddable":true,"href":"https:\/\/swissmassage.ch\/fr\/wp-json\/wp\/v2\/pwb-brand?post=3635"},{"taxonomy":"product_brand","embeddable":true,"href":"https:\/\/swissmassage.ch\/fr\/wp-json\/wp\/v2\/product_brand?post=3635"},{"taxonomy":"product_cat","embeddable":true,"href":"https:\/\/swissmassage.ch\/fr\/wp-json\/wp\/v2\/product_cat?post=3635"},{"taxonomy":"product_tag","embeddable":true,"href":"https:\/\/swissmassage.ch\/fr\/wp-json\/wp\/v2\/product_tag?post=3635"},{"taxonomy":"product_folder","embeddable":true,"href":"https:\/\/swissmassage.ch\/fr\/wp-json\/wp\/v2\/product_folder?post=3635"}],"curies":[{"name":"wp","href":"https:\/\/api.w.org\/{rel}","templated":true}]}}