{"id":3636,"date":"2023-05-24T14:54:08","date_gmt":"2023-05-24T14:54:08","guid":{"rendered":"https:\/\/suissemassage.digichablais.ch\/?product=coussin-facial"},"modified":"2026-04-16T15:36:37","modified_gmt":"2026-04-16T13:36:37","slug":"coussin-facial-blanc","status":"publish","type":"product","link":"https:\/\/swissmassage.ch\/fr\/produits\/coussin-facial-blanc\/","title":{"rendered":"Coussin facial mod\u00e8le Tao Facial blanc"},"content":{"rendered":"<h2 style=\"text-align: left\">Coussin de massage\u00a0 mod\u00e8le Tao facial blanc ergonomique.<\/h2>\n<p>Rev\u00eatement en polyur\u00e9thane extr\u00eamement souple et confortable.<br \/>\nMousse de 5 cm d\u2019\u00e9paisseur.<br \/>\nVelcro de fixation au dessous, compatible avec les t\u00eati\u00e8res de tables de massage.<\/p>\n","protected":false},"excerpt":{"rendered":"<p>Coussin de massage\u00a0 mod\u00e8le Tao facial blanc ergonomique. Rev\u00eatement en polyur\u00e9thane extr\u00eamement souple et confortable. Mousse de 5 cm d\u2019\u00e9paisseur. Velcro de fixation au dessous, compatible avec les t\u00eati\u00e8res de tables de massage.<\/p>\n","protected":false},"featured_media":6894,"template":"","meta":{"_seopress_robots_primary_cat":"none","_seopress_titles_title":"","_seopress_titles_desc":"Coussin de massage\u00a0 mod\u00e8le Tao facial blanc ergonomique. Rev\u00eatement en polyur\u00e9thane extr\u00eamement souple et confortable.","_seopress_robots_index":""},"pwb-brand":[],"product_brand":[],"product_cat":[219,1079],"product_tag":[1056,1224,1105],"product_folder":[1001],"class_list":{"0":"post-3636","1":"product","2":"type-product","3":"status-publish","4":"has-post-thumbnail","6":"product_cat-coussins-de-massage","7":"product_cat-tous-les-accessoires-de-massage","8":"product_tag-coussin","9":"product_tag-coussin-facial","10":"product_tag-facial","12":"first","13":"instock","14":"taxable","15":"shipping-taxable","16":"purchasable","17":"product-type-simple"},"exclude_global_add_ons":[],"addons":[],"brands":[],"_links":{"self":[{"href":"https:\/\/swissmassage.ch\/fr\/wp-json\/wp\/v2\/product\/3636","targetHints":{"allow":["GET"]}}],"collection":[{"href":"https:\/\/swissmassage.ch\/fr\/wp-json\/wp\/v2\/product"}],"about":[{"href":"https:\/\/swissmassage.ch\/fr\/wp-json\/wp\/v2\/types\/product"}],"wp:featuredmedia":[{"embeddable":true,"href":"https:\/\/swissmassage.ch\/fr\/wp-json\/wp\/v2\/media\/6894"}],"wp:attachment":[{"href":"https:\/\/swissmassage.ch\/fr\/wp-json\/wp\/v2\/media?parent=3636"}],"wp:term":[{"taxonomy":"pwb-brand","embeddable":true,"href":"https:\/\/swissmassage.ch\/fr\/wp-json\/wp\/v2\/pwb-brand?post=3636"},{"taxonomy":"product_brand","embeddable":true,"href":"https:\/\/swissmassage.ch\/fr\/wp-json\/wp\/v2\/product_brand?post=3636"},{"taxonomy":"product_cat","embeddable":true,"href":"https:\/\/swissmassage.ch\/fr\/wp-json\/wp\/v2\/product_cat?post=3636"},{"taxonomy":"product_tag","embeddable":true,"href":"https:\/\/swissmassage.ch\/fr\/wp-json\/wp\/v2\/product_tag?post=3636"},{"taxonomy":"product_folder","embeddable":true,"href":"https:\/\/swissmassage.ch\/fr\/wp-json\/wp\/v2\/product_folder?post=3636"}],"curies":[{"name":"wp","href":"https:\/\/api.w.org\/{rel}","templated":true}]}}