{"id":3819,"date":"2023-05-24T14:55:36","date_gmt":"2023-05-24T14:55:36","guid":{"rendered":"https:\/\/suissemassage.digichablais.ch\/?product=drap-housse-coton-eponge-xl"},"modified":"2026-04-17T08:50:21","modified_gmt":"2026-04-17T06:50:21","slug":"drap-housse-coton-eponge-xl","status":"publish","type":"product","link":"https:\/\/swissmassage.ch\/fr\/produits\/drap-housse-coton-eponge-xl\/","title":{"rendered":"Drap housse en coton \u00e9ponge avec trou facial"},"content":{"rendered":"<h2 style=\"text-align: left\">Drap-Housse blanc pour table de massage avec trou facial formats XL et XXL<\/h2>\n<p><span style=\"font-size: 10pt\"><span style=\"font-size: 10pt\">Deux choix de dimensions pour une tenue parfaite sur vos tables de massage.<br \/>\nOptez soit pour le 80&#215;200 cm ou pour le 90&#215;200 cm.<br \/>\nLe drap-housse en coton \u00e9ponge blanc 80&#215;200 cm avec trou facial est adapt\u00e9 aux table de massage qui font 190 \u00e0 200 cm de long et 76 cm \u00e0 82 cm de large.<br \/>\nPour toutes les tables de massage plus grandes, le 90&#215;200 cm conviendra mieux.<br \/>\n<\/span><\/span><span style=\"font-size: 10pt\">L<span style=\"font-size: 10pt\">ivrable dans toute la Suisse. Ou \u00e0 l&#8217;emporter directement dans notre showroom<\/span>.<\/span><br \/>\n<span style=\"font-size: 10pt\">Marque d\u00e9pos\u00e9e SWISSMASSAGE, garantie de s\u00e9rieux et de suivi.<\/span><\/p>\n","protected":false},"excerpt":{"rendered":"<p>Drap-Housse blanc pour table de massage avec trou facial formats XL et XXL Deux choix de dimensions pour une tenue parfaite sur vos tables de massage. Optez soit pour le 80&#215;200 cm ou pour le 90&#215;200 cm. Le drap-housse en coton \u00e9ponge blanc 80&#215;200 cm avec trou facial est adapt\u00e9 aux table de massage qui&hellip;<\/p>\n","protected":false},"featured_media":3820,"template":"","meta":{"_seopress_robots_primary_cat":"none","_seopress_titles_title":"","_seopress_titles_desc":"Drap-housse en coton \u00e9ponge blanc avec trou facial pour table de massage de 190 \u00e0 200 cm de long et 76 cm \u00e0 82 cm de large.","_seopress_robots_index":""},"pwb-brand":[],"product_brand":[],"product_cat":[271,1079],"product_tag":[1090,1091,1095,1094],"product_folder":[1017],"class_list":{"0":"post-3819","1":"product","2":"type-product","3":"status-publish","4":"has-post-thumbnail","6":"product_cat-protection-table-de-massage","7":"product_cat-tous-les-accessoires-de-massage","8":"product_tag-drap","9":"product_tag-drap-lavable","10":"product_tag-drap-housse","11":"product_tag-protection","13":"first","14":"instock","15":"taxable","16":"shipping-taxable","17":"purchasable","18":"product-type-variable","19":"has-default-attributes"},"exclude_global_add_ons":[],"addons":[],"brands":[],"_links":{"self":[{"href":"https:\/\/swissmassage.ch\/fr\/wp-json\/wp\/v2\/product\/3819","targetHints":{"allow":["GET"]}}],"collection":[{"href":"https:\/\/swissmassage.ch\/fr\/wp-json\/wp\/v2\/product"}],"about":[{"href":"https:\/\/swissmassage.ch\/fr\/wp-json\/wp\/v2\/types\/product"}],"wp:featuredmedia":[{"embeddable":true,"href":"https:\/\/swissmassage.ch\/fr\/wp-json\/wp\/v2\/media\/3820"}],"wp:attachment":[{"href":"https:\/\/swissmassage.ch\/fr\/wp-json\/wp\/v2\/media?parent=3819"}],"wp:term":[{"taxonomy":"pwb-brand","embeddable":true,"href":"https:\/\/swissmassage.ch\/fr\/wp-json\/wp\/v2\/pwb-brand?post=3819"},{"taxonomy":"product_brand","embeddable":true,"href":"https:\/\/swissmassage.ch\/fr\/wp-json\/wp\/v2\/product_brand?post=3819"},{"taxonomy":"product_cat","embeddable":true,"href":"https:\/\/swissmassage.ch\/fr\/wp-json\/wp\/v2\/product_cat?post=3819"},{"taxonomy":"product_tag","embeddable":true,"href":"https:\/\/swissmassage.ch\/fr\/wp-json\/wp\/v2\/product_tag?post=3819"},{"taxonomy":"product_folder","embeddable":true,"href":"https:\/\/swissmassage.ch\/fr\/wp-json\/wp\/v2\/product_folder?post=3819"}],"curies":[{"name":"wp","href":"https:\/\/api.w.org\/{rel}","templated":true}]}}