{"id":3822,"date":"2023-05-24T14:55:39","date_gmt":"2023-05-24T14:55:39","guid":{"rendered":"https:\/\/suissemassage.digichablais.ch\/?product=lampe-desinfectante-cabine"},"modified":"2024-07-12T11:23:25","modified_gmt":"2024-07-12T09:23:25","slug":"lampe-desinfectante-cabine","status":"publish","type":"product","link":"https:\/\/swissmassage.ch\/fr\/produits\/lampe-desinfectante-cabine\/","title":{"rendered":"Lampe d\u00e9sinfectante cabine"},"content":{"rendered":"<h2>Lampe ultraviolet d\u00e9sinfectante pour cabines d&rsquo;esth\u00e9tiques ou cabinets m\u00e9dicaux.<\/h2>\n<p>Branchez l\u2019appareil, appuyez sur le bouton, la lumi\u00e8re s\u2019allume et la lampe commence \u00e0 travailler.<br \/>\nLes rayons UV-C en particulier ont un fort effet germicide<br \/>\nLes ultraviolets g\u00e9n\u00e8rent l&rsquo;ozone qui est un gaz antibact\u00e9rien qui va d\u00e9sinfecter votre cabine en 20 mn.<br \/>\nPuissance 38 W. 220 V<br \/>\nDimensions :<br \/>\nHauteur\u00a0 42 cm<br \/>\nLargeur 14 cm<br \/>\nProfondeur 14 cm<br \/>\nPoids 2 kg.<\/p>\n","protected":false},"excerpt":{"rendered":"<p>Lampe ultraviolet d\u00e9sinfectante pour cabines d&rsquo;esth\u00e9tiques ou cabinets m\u00e9dicaux. Branchez l\u2019appareil, appuyez sur le bouton, la lumi\u00e8re s\u2019allume et la lampe commence \u00e0 travailler. Les rayons UV-C en particulier ont un fort effet germicide Les ultraviolets g\u00e9n\u00e8rent l&rsquo;ozone qui est un gaz antibact\u00e9rien qui va d\u00e9sinfecter votre cabine en 20 mn. Puissance 38 W. 220&hellip;<\/p>\n","protected":false},"featured_media":3823,"template":"","meta":{"_seopress_robots_primary_cat":"none","_seopress_titles_title":"Lampe ultraviolet d\u00e9sinfectante - Swissmassage","_seopress_titles_desc":"Lampe ultraviolet d\u00e9sinfectante pour cabines d'esth\u00e9tiques ou cabinets m\u00e9dicaux. Les rayons UV-C en particulier ont un fort effet germicide.","_seopress_robots_index":""},"pwb-brand":[],"product_brand":[],"product_cat":[360,1079],"product_tag":[1117,1115],"product_folder":[1018],"class_list":{"0":"post-3822","1":"product","2":"type-product","3":"status-publish","4":"has-post-thumbnail","6":"product_cat-nettoyage-et-desinfectant","7":"product_cat-tous-les-accessoires-de-massage","8":"product_tag-lampe","9":"product_tag-sterilisateur","11":"first","12":"instock","13":"taxable","14":"shipping-taxable","15":"purchasable","16":"product-type-simple"},"exclude_global_add_ons":[],"addons":[],"brands":[],"_links":{"self":[{"href":"https:\/\/swissmassage.ch\/fr\/wp-json\/wp\/v2\/product\/3822","targetHints":{"allow":["GET"]}}],"collection":[{"href":"https:\/\/swissmassage.ch\/fr\/wp-json\/wp\/v2\/product"}],"about":[{"href":"https:\/\/swissmassage.ch\/fr\/wp-json\/wp\/v2\/types\/product"}],"wp:featuredmedia":[{"embeddable":true,"href":"https:\/\/swissmassage.ch\/fr\/wp-json\/wp\/v2\/media\/3823"}],"wp:attachment":[{"href":"https:\/\/swissmassage.ch\/fr\/wp-json\/wp\/v2\/media?parent=3822"}],"wp:term":[{"taxonomy":"pwb-brand","embeddable":true,"href":"https:\/\/swissmassage.ch\/fr\/wp-json\/wp\/v2\/pwb-brand?post=3822"},{"taxonomy":"product_brand","embeddable":true,"href":"https:\/\/swissmassage.ch\/fr\/wp-json\/wp\/v2\/product_brand?post=3822"},{"taxonomy":"product_cat","embeddable":true,"href":"https:\/\/swissmassage.ch\/fr\/wp-json\/wp\/v2\/product_cat?post=3822"},{"taxonomy":"product_tag","embeddable":true,"href":"https:\/\/swissmassage.ch\/fr\/wp-json\/wp\/v2\/product_tag?post=3822"},{"taxonomy":"product_folder","embeddable":true,"href":"https:\/\/swissmassage.ch\/fr\/wp-json\/wp\/v2\/product_folder?post=3822"}],"curies":[{"name":"wp","href":"https:\/\/api.w.org\/{rel}","templated":true}]}}