{"id":3850,"date":"2023-05-24T14:56:06","date_gmt":"2023-05-24T14:56:06","guid":{"rendered":"https:\/\/suissemassage.digichablais.ch\/?product=papier-d-examen-pour-table-de-massage-80-cm"},"modified":"2026-04-23T11:06:30","modified_gmt":"2026-04-23T09:06:30","slug":"papier-d-examen-pour-table-de-massage-80-cm","status":"publish","type":"product","link":"https:\/\/swissmassage.ch\/fr\/produits\/papier-d-examen-pour-table-de-massage-80-cm\/","title":{"rendered":"Papier d Examen pour table de massage 80 cm, Pack de 6 rouleaux"},"content":{"rendered":"<h2 style=\"text-align: left\">Papier d&rsquo;examen sp\u00e9cial pour tables de massage larges, pack de 6 rouleaux.<\/h2>\n<p>largeur 80 cm longueur 100 m par rouleau et 30 gr..<br \/>\nPapier d&rsquo;examen sp\u00e9cial massage, plus doux et beaucoup plus r\u00e9sistant que le papier classique. ( Des variations de largeurs peuvent \u00eatre constat\u00e9es de 78 cm \u00e0 81 cm, elles sont due \u00e0 la tol\u00e9rance de fabrication.)<br \/>\nEconomique, doux et agr\u00e9able.<br \/>\nNe fait pas de bruit \u00e0 l&rsquo;utilisation.<br \/>\nEchantillons \u00e0 disposition pour tests, envoie par poste possible.<br \/>\nLivrable dans toute la Suisse.<br \/>\nOu \u00e0 l&#8217;emporter directement dans notre atelier \u00e0 la pi\u00e8ce prix 58.-\/pcs<\/p>\n","protected":false},"excerpt":{"rendered":"<p>Papier d&rsquo;examen sp\u00e9cial pour tables de massage larges, pack de 6 rouleaux. largeur 80 cm longueur 100 m par rouleau et 30 gr.. Papier d&rsquo;examen sp\u00e9cial massage, plus doux et beaucoup plus r\u00e9sistant que le papier classique. ( Des variations de largeurs peuvent \u00eatre constat\u00e9es de 78 cm \u00e0 81 cm, elles sont due \u00e0&hellip;<\/p>\n","protected":false},"featured_media":3851,"template":"","meta":{"_seopress_robots_primary_cat":"none","_seopress_titles_title":"Papier d'Examen pour table de massage 80 cm - Pack de 6","_seopress_titles_desc":"Papier d'examen sp\u00e9cial pour tables de massage larges, pack de 6 rouleaux. Economique, doux et agr\u00e9able. Ne fait pas de bruit \u00e0 l'utilisation.","_seopress_robots_index":""},"pwb-brand":[],"product_brand":[],"product_cat":[271,1079],"product_tag":[1096,1094,1097],"product_folder":[1017],"class_list":{"0":"post-3850","1":"product","2":"type-product","3":"status-publish","4":"has-post-thumbnail","6":"product_cat-protection-table-de-massage","7":"product_cat-tous-les-accessoires-de-massage","8":"product_tag-papier","9":"product_tag-protection","10":"product_tag-rouleau-papier","12":"first","13":"instock","14":"taxable","15":"shipping-taxable","16":"purchasable","17":"product-type-simple"},"exclude_global_add_ons":[],"addons":[],"brands":[],"_links":{"self":[{"href":"https:\/\/swissmassage.ch\/fr\/wp-json\/wp\/v2\/product\/3850","targetHints":{"allow":["GET"]}}],"collection":[{"href":"https:\/\/swissmassage.ch\/fr\/wp-json\/wp\/v2\/product"}],"about":[{"href":"https:\/\/swissmassage.ch\/fr\/wp-json\/wp\/v2\/types\/product"}],"wp:featuredmedia":[{"embeddable":true,"href":"https:\/\/swissmassage.ch\/fr\/wp-json\/wp\/v2\/media\/3851"}],"wp:attachment":[{"href":"https:\/\/swissmassage.ch\/fr\/wp-json\/wp\/v2\/media?parent=3850"}],"wp:term":[{"taxonomy":"pwb-brand","embeddable":true,"href":"https:\/\/swissmassage.ch\/fr\/wp-json\/wp\/v2\/pwb-brand?post=3850"},{"taxonomy":"product_brand","embeddable":true,"href":"https:\/\/swissmassage.ch\/fr\/wp-json\/wp\/v2\/product_brand?post=3850"},{"taxonomy":"product_cat","embeddable":true,"href":"https:\/\/swissmassage.ch\/fr\/wp-json\/wp\/v2\/product_cat?post=3850"},{"taxonomy":"product_tag","embeddable":true,"href":"https:\/\/swissmassage.ch\/fr\/wp-json\/wp\/v2\/product_tag?post=3850"},{"taxonomy":"product_folder","embeddable":true,"href":"https:\/\/swissmassage.ch\/fr\/wp-json\/wp\/v2\/product_folder?post=3850"}],"curies":[{"name":"wp","href":"https:\/\/api.w.org\/{rel}","templated":true}]}}