{"id":3872,"date":"2023-05-24T14:56:41","date_gmt":"2023-05-24T14:56:41","guid":{"rendered":"https:\/\/suissemassage.digichablais.ch\/?product=housse-protection-tabouret-ergonomique"},"modified":"2025-07-22T17:00:10","modified_gmt":"2025-07-22T15:00:10","slug":"housse-protection-tabouret-ergonomique","status":"publish","type":"product","link":"https:\/\/swissmassage.ch\/fr\/produits\/housse-protection-tabouret-ergonomique\/","title":{"rendered":"Housse protection tabouret ergonomique"},"content":{"rendered":"<h2>Housse de protection en tissu \u00e9lastique pour tabouret ergonomique en forme de selle.<\/h2>\n<p>Housse en tissu stretch pour la protection de si\u00e8ge de tabouret pour une assise de largeur maximum de 48 cm et de 35 cm minimum<br \/>\nLes meilleures id\u00e9es pour votre meilleur confort.<\/p>\n","protected":false},"excerpt":{"rendered":"<p>Housse de protection en tissu \u00e9lastique pour tabouret ergonomique en forme de selle. Housse en tissu stretch pour la protection de si\u00e8ge de tabouret pour une assise de largeur maximum de 48 cm et de 35 cm minimum Les meilleures id\u00e9es pour votre meilleur confort.<\/p>\n","protected":false},"featured_media":3873,"template":"","meta":{"_seopress_robots_primary_cat":"none","_seopress_titles_title":"","_seopress_titles_desc":"Housse en tissu stretch pour la protection de si\u00e8ge de tabouret pour une assise de largeur maximum de 48 cm et de 35 cm minimum.","_seopress_robots_index":""},"pwb-brand":[],"product_brand":[],"product_cat":[1050,1052,235,1051,1049,1079,1077,1076,1078,1075],"product_tag":[1087],"product_folder":[992],"class_list":{"0":"post-3872","1":"product","2":"type-product","3":"status-publish","4":"has-post-thumbnail","6":"product_cat-chaises-pour-estheticiennes","7":"product_cat-tabourets-et-confort","8":"product_cat-esthetique-tabourets","9":"product_cat-tabourets-pour-spa","10":"product_cat-tabourets-pour-therapeutes","11":"product_cat-tous-les-accessoires-de-massage","12":"product_cat-tous-les-articles-esthetiques","13":"product_cat-tous-les-articles-physio-medical","14":"product_cat-tous-les-articles-spa-beaute","15":"product_cat-tous-les-articles-de-massage","16":"product_tag-housse-tabouret","17":"product_shipping_class-frais-de-port-inclus-colis","19":"first","20":"instock","21":"taxable","22":"shipping-taxable","23":"purchasable","24":"product-type-variable"},"exclude_global_add_ons":[],"addons":[],"brands":[],"_links":{"self":[{"href":"https:\/\/swissmassage.ch\/fr\/wp-json\/wp\/v2\/product\/3872","targetHints":{"allow":["GET"]}}],"collection":[{"href":"https:\/\/swissmassage.ch\/fr\/wp-json\/wp\/v2\/product"}],"about":[{"href":"https:\/\/swissmassage.ch\/fr\/wp-json\/wp\/v2\/types\/product"}],"wp:featuredmedia":[{"embeddable":true,"href":"https:\/\/swissmassage.ch\/fr\/wp-json\/wp\/v2\/media\/3873"}],"wp:attachment":[{"href":"https:\/\/swissmassage.ch\/fr\/wp-json\/wp\/v2\/media?parent=3872"}],"wp:term":[{"taxonomy":"pwb-brand","embeddable":true,"href":"https:\/\/swissmassage.ch\/fr\/wp-json\/wp\/v2\/pwb-brand?post=3872"},{"taxonomy":"product_brand","embeddable":true,"href":"https:\/\/swissmassage.ch\/fr\/wp-json\/wp\/v2\/product_brand?post=3872"},{"taxonomy":"product_cat","embeddable":true,"href":"https:\/\/swissmassage.ch\/fr\/wp-json\/wp\/v2\/product_cat?post=3872"},{"taxonomy":"product_tag","embeddable":true,"href":"https:\/\/swissmassage.ch\/fr\/wp-json\/wp\/v2\/product_tag?post=3872"},{"taxonomy":"product_folder","embeddable":true,"href":"https:\/\/swissmassage.ch\/fr\/wp-json\/wp\/v2\/product_folder?post=3872"}],"curies":[{"name":"wp","href":"https:\/\/api.w.org\/{rel}","templated":true}]}}