{"id":3876,"date":"2023-05-24T14:56:43","date_gmt":"2023-05-24T14:56:43","guid":{"rendered":"https:\/\/suissemassage.digichablais.ch\/?product=table-de-gynecologie-modele-flex"},"modified":"2025-12-04T16:27:22","modified_gmt":"2025-12-04T15:27:22","slug":"table-de-gynecologie-modele-flex","status":"publish","type":"product","link":"https:\/\/swissmassage.ch\/fr\/produits\/table-de-gynecologie-modele-flex\/","title":{"rendered":"Fauteuil de Gyn\u00e9cologie mod\u00e8le Flex"},"content":{"rendered":"<h2>Fauteuil de Gyn\u00e9cologie mod\u00e8le Flex, mod\u00e8le de d\u00e9mo avec 1 an de garantie.<\/h2>\n<p>Table d&rsquo;\u00e9xamen gyn\u00e9cologique avec 2 moteurs<br \/>\nTable de soins gyn\u00e9cologiques, examens, op\u00e9rations chirurgicales, et accouchements.<br \/>\nElle est \u00e9quip\u00e9e de deux moteurs avec t\u00e9l\u00e9commandes \u00e0 pieds, le premier r\u00e8gle la hauteur et le secon la d\u00e9clive.<br \/>\nLe plateau des jambes est amovible, il peut s&rsquo;enlever afin de pratiquer les soins en utilisant les \u00e9triers qui sont coupl\u00e9s aux barri\u00e8res de s\u00e9curit\u00e9s escamotables.<br \/>\nLes \u00e9triers peuvent \u00eatre remplac\u00e9s par les reposes genoux qui ont des poign\u00e9es pour les mains, afin que la patiente puisse si tenir en cas de besoin.<br \/>\nLe dossier est relevable ce qui augment passablement le confort \u00e0 la position de force en cas d&rsquo;accouchement.<br \/>\nLe chassis est dot\u00e9 d&rsquo;un syst\u00e8me de 4 grandes roues r\u00e9tractables qui facilitent sa mobilit\u00e9 et le d\u00e9placement de la patiente en cas de besoin.<\/p>\n<h2>Dimensions :<\/h2>\n<p>Longueur 185 cm<br \/>\nlargeur 60 cm<br \/>\nHauteur r\u00e9glable de 64 cm \u00e0 106 cm<br \/>\nPoids 85 kg<br \/>\nMousse confort de 5 cm, densit\u00e9 de 36 kg\/m3<br \/>\nRev\u00eatement m\u00e9dical PVC anthracite.<br \/>\nCertification CE -93\/42\/EEC Directive Dispositifs M\u00e9dicaux.<\/p>\n<h2>Video du fauteuil de gyn\u00e9cologie mod\u00e8le Flex:<\/h2>\n<div style=\"width: 640px;\" class=\"wp-video\"><video class=\"wp-video-shortcode\" id=\"video-3876-1\" width=\"640\" height=\"368\" preload=\"auto\" controls=\"controls\"><source type=\"video\/mp4\" src=\"https:\/\/swissmassage.ch\/wp-content\/uploads\/Table-Swissmassage-Examen-medicaux-Gynecologique.mp4?_=1\" \/><a href=\"https:\/\/swissmassage.ch\/wp-content\/uploads\/Table-Swissmassage-Examen-medicaux-Gynecologique.mp4\">https:\/\/swissmassage.ch\/wp-content\/uploads\/Table-Swissmassage-Examen-medicaux-Gynecologique.mp4<\/a><\/video><\/div>\n","protected":false},"excerpt":{"rendered":"<p>Fauteuil de Gyn\u00e9cologie mod\u00e8le Flex, mod\u00e8le de d\u00e9mo avec 1 an de garantie. Table d&rsquo;\u00e9xamen gyn\u00e9cologique avec 2 moteurs Table de soins gyn\u00e9cologiques, examens, op\u00e9rations chirurgicales, et accouchements. Elle est \u00e9quip\u00e9e de deux moteurs avec t\u00e9l\u00e9commandes \u00e0 pieds, le premier r\u00e8gle la hauteur et le secon la d\u00e9clive. Le plateau des jambes est amovible, il&hellip;<\/p>\n","protected":false},"featured_media":22186,"template":"","meta":{"_seopress_robots_primary_cat":"none","_seopress_titles_title":"Table de Gyn\u00e9cologie mod\u00e8le Flex - Swissmassage","_seopress_titles_desc":"Table de soins gyn\u00e9cologiques, examens, op\u00e9rations chirurgicales, et accouchements. Le chassis est dot\u00e9 d'un syst\u00e8me de 4 grandes roues r\u00e9tractables qui facilitent sa mobilit\u00e9.","_seopress_robots_index":""},"pwb-brand":[],"product_brand":[],"product_cat":[373,324,1076],"product_tag":[],"product_folder":[1007],"class_list":{"0":"post-3876","1":"product","2":"type-product","3":"status-publish","4":"has-post-thumbnail","6":"product_cat-outlet","7":"product_cat-table-de-gynecologie","8":"product_cat-tous-les-articles-physio-medical","10":"first","11":"instock","12":"sale","13":"taxable","14":"shipping-taxable","15":"purchasable","16":"product-type-simple"},"exclude_global_add_ons":[],"addons":[],"brands":[],"_links":{"self":[{"href":"https:\/\/swissmassage.ch\/fr\/wp-json\/wp\/v2\/product\/3876","targetHints":{"allow":["GET"]}}],"collection":[{"href":"https:\/\/swissmassage.ch\/fr\/wp-json\/wp\/v2\/product"}],"about":[{"href":"https:\/\/swissmassage.ch\/fr\/wp-json\/wp\/v2\/types\/product"}],"wp:featuredmedia":[{"embeddable":true,"href":"https:\/\/swissmassage.ch\/fr\/wp-json\/wp\/v2\/media\/22186"}],"wp:attachment":[{"href":"https:\/\/swissmassage.ch\/fr\/wp-json\/wp\/v2\/media?parent=3876"}],"wp:term":[{"taxonomy":"pwb-brand","embeddable":true,"href":"https:\/\/swissmassage.ch\/fr\/wp-json\/wp\/v2\/pwb-brand?post=3876"},{"taxonomy":"product_brand","embeddable":true,"href":"https:\/\/swissmassage.ch\/fr\/wp-json\/wp\/v2\/product_brand?post=3876"},{"taxonomy":"product_cat","embeddable":true,"href":"https:\/\/swissmassage.ch\/fr\/wp-json\/wp\/v2\/product_cat?post=3876"},{"taxonomy":"product_tag","embeddable":true,"href":"https:\/\/swissmassage.ch\/fr\/wp-json\/wp\/v2\/product_tag?post=3876"},{"taxonomy":"product_folder","embeddable":true,"href":"https:\/\/swissmassage.ch\/fr\/wp-json\/wp\/v2\/product_folder?post=3876"}],"curies":[{"name":"wp","href":"https:\/\/api.w.org\/{rel}","templated":true}]}}