{"id":4054,"date":"2023-05-24T14:59:07","date_gmt":"2023-05-24T14:59:07","guid":{"rendered":"https:\/\/suissemassage.digichablais.ch\/?product=fauteuil-de-soins-esthetique-modele-beauty-cherry"},"modified":"2026-02-23T11:01:41","modified_gmt":"2026-02-23T10:01:41","slug":"fauteuil-de-soins-esthetique-modele-beauty-cherry","status":"publish","type":"product","link":"https:\/\/swissmassage.ch\/fr\/produits\/fauteuil-de-soins-esthetique-modele-beauty-cherry\/","title":{"rendered":"Fauteuil de soins esth\u00e9tique mod\u00e8le Beauty-Cherry"},"content":{"rendered":"<h2>Fauteuil Esth\u00e9tique Haut de gamme mod\u00e8le Beauty Cherry 4 moteurs avec si\u00e8ge ergonomique chauffant et \u00e9clairage Led.<\/h2>\n<p><span style=\"font-size: 10pt;\">1er moteur r\u00e8gle la hauteur de 50 cm \u00e0 83 cm.<br \/>\n2\u00e8me moteur\u00a0l\u00e8ve le dossier en position assise.<br \/>\n3\u00e8me moteur permet de relever ou d&rsquo;abaisser\u00a0les jambes.<br \/>\n4\u00e8me moteur permet la balance ou l&rsquo;inversion et facilite les soins du visage.<br \/>\nCommande \u00e0 boutons sur le cadre et commande \u00e0 pieds et commande \u00e0 main.<br \/>\nLe fauteuil d&rsquo;esth\u00e9tique Beauty Cherry peut tourner sur lui-m\u00eame sur 90\u00b0 ce qui facilite l&rsquo;accessibilit\u00e9, optimise l&rsquo;espace de travail et son utilisation dans une cabine de petite taille.<br \/>\n<strong>Nouveaut\u00e9, si\u00e8ge chauffant, et lumi\u00e8re led modulable.\u00a0<\/strong><br \/>\nRev\u00eatement souple et solide en Polyur\u00e9thane blanc.<br \/>\nT\u00eati\u00e8re inclinable avec trou facial et bouchon.<br \/>\nMousse <\/span>8,5 cm ultra-confort<span style=\"font-size: 10pt;\">.<br \/>\nDesign esth\u00e9tique.<br \/>\nLargeur 60 cm + 11 cm de chaque c\u00f4t\u00e9s gr\u00e2ce aux appuies bras escamotables.<br \/>\nLongueur 186 cm.<br \/>\nPoids 80 kg<\/span><\/p>\n<p>Livraison dans toute la Suisse ou \u00e0 l&#8217;emporter<br \/>\n<span class=\"rouge\">2 ans de garantie.<\/span><\/p>\n","protected":false},"excerpt":{"rendered":"<p>Fauteuil Esth\u00e9tique Haut de gamme mod\u00e8le Beauty Cherry 4 moteurs avec si\u00e8ge ergonomique chauffant et \u00e9clairage Led. 1er moteur r\u00e8gle la hauteur de 50 cm \u00e0 83 cm. 2\u00e8me moteur\u00a0l\u00e8ve le dossier en position assise. 3\u00e8me moteur permet de relever ou d&rsquo;abaisser\u00a0les jambes. 4\u00e8me moteur permet la balance ou l&rsquo;inversion et facilite les soins du&hellip;<\/p>\n","protected":false},"featured_media":7995,"template":"","meta":{"_seopress_robots_primary_cat":"1132","_seopress_titles_title":"Fauteuil de soins esth\u00e9tique mod\u00e8le Beauty-Cherry","_seopress_titles_desc":"Le fauteuil d'esth\u00e9tique Beauty Cherry peut tourner sur lui-m\u00eame sur 90\u00b0 ce qui facilite l'accessibilit\u00e9, optimise l'espace de travail et dans une cabine de petite taille.","_seopress_robots_index":""},"pwb-brand":[],"product_brand":[],"product_cat":[1132,1077],"product_tag":[1134,1155,1156],"product_folder":[1019],"class_list":{"0":"post-4054","1":"product","2":"type-product","3":"status-publish","4":"has-post-thumbnail","6":"product_cat-fauteuils-esthetique","7":"product_cat-tous-les-articles-esthetiques","8":"product_tag-esthetique","9":"product_tag-fauteuil","10":"product_tag-fauteuil-soins-esthetique","12":"first","13":"instock","14":"sale","15":"taxable","16":"shipping-taxable","17":"purchasable","18":"product-type-simple"},"exclude_global_add_ons":false,"addons":[{"name":"Options:","type":"checkbox","position":0,"required":false,"title_format":"label","description_enable":false,"description":"","placeholder_enable":false,"placeholder":"","display":"select","restrictions_type":"any_text","adjust_price":false,"price":"","price_type":"flat_fee","restrictions":false,"min":0,"max":0,"options":[{"label":"D\u00e9rouleur de papier","price":"50.00","price_type":"flat_fee","image":0}],"id":1713284172}],"brands":[],"_links":{"self":[{"href":"https:\/\/swissmassage.ch\/fr\/wp-json\/wp\/v2\/product\/4054","targetHints":{"allow":["GET"]}}],"collection":[{"href":"https:\/\/swissmassage.ch\/fr\/wp-json\/wp\/v2\/product"}],"about":[{"href":"https:\/\/swissmassage.ch\/fr\/wp-json\/wp\/v2\/types\/product"}],"wp:featuredmedia":[{"embeddable":true,"href":"https:\/\/swissmassage.ch\/fr\/wp-json\/wp\/v2\/media\/7995"}],"wp:attachment":[{"href":"https:\/\/swissmassage.ch\/fr\/wp-json\/wp\/v2\/media?parent=4054"}],"wp:term":[{"taxonomy":"pwb-brand","embeddable":true,"href":"https:\/\/swissmassage.ch\/fr\/wp-json\/wp\/v2\/pwb-brand?post=4054"},{"taxonomy":"product_brand","embeddable":true,"href":"https:\/\/swissmassage.ch\/fr\/wp-json\/wp\/v2\/product_brand?post=4054"},{"taxonomy":"product_cat","embeddable":true,"href":"https:\/\/swissmassage.ch\/fr\/wp-json\/wp\/v2\/product_cat?post=4054"},{"taxonomy":"product_tag","embeddable":true,"href":"https:\/\/swissmassage.ch\/fr\/wp-json\/wp\/v2\/product_tag?post=4054"},{"taxonomy":"product_folder","embeddable":true,"href":"https:\/\/swissmassage.ch\/fr\/wp-json\/wp\/v2\/product_folder?post=4054"}],"curies":[{"name":"wp","href":"https:\/\/api.w.org\/{rel}","templated":true}]}}