{"id":4080,"date":"2023-05-24T14:59:20","date_gmt":"2023-05-24T14:59:20","guid":{"rendered":"https:\/\/suissemassage.digichablais.ch\/?product=tabouret-cabinet-medical-modele-confort-iso-blanc-2"},"modified":"2026-04-16T15:23:48","modified_gmt":"2026-04-16T13:23:48","slug":"tabouret-cabinet-medical-modele-confort-iso-blanc-2","status":"publish","type":"product","link":"https:\/\/swissmassage.ch\/fr\/produits\/tabouret-cabinet-medical-modele-confort-iso-blanc-2\/","title":{"rendered":"Tabouret cabinet m\u00e9dical mod\u00e8le Confort ISO Graphite"},"content":{"rendered":"<h2>Tabouret pour cabinet m\u00e9dical mod\u00e8le Confort iso graphite.<\/h2>\n<p>Tabouret pour m\u00e9decins avec si\u00e8ge rond et dossier.<br \/>\nRev\u00eatement aux normes m\u00e9dicales.<br \/>\nR\u00e9glage de l&rsquo;inclinaison du si\u00e8ge.<br \/>\nR\u00e9glage de l&rsquo;inclinaison du dossier.<br \/>\nGrand r\u00e9glage de hauteur de 50 cm \u00e0 70 cm.<br \/>\nDimensions assise 38 cm.<br \/>\nPoids 11 kg. Poids maximum support\u00e9 100 kg<br \/>\nAvec commande \u00e0 main.<br \/>\nId\u00e9al pour les m\u00e9decins.<br \/>\nVeuillez noter qu&rsquo;en raison des diff\u00e9rences morphologiques de chaque personne, nous vous conseillons vivement d&rsquo;essayer les tabourets dans notre exposition \u00e0 Aigle avant de finaliser votre achat. En cas d&rsquo;erreur d&rsquo;achat, les tabourets ne pourront ni \u00eatre retourn\u00e9s ni \u00e9chang\u00e9s.<\/p>\n","protected":false},"excerpt":{"rendered":"<p>Tabouret pour cabinet m\u00e9dical mod\u00e8le Confort iso graphite. Tabouret pour m\u00e9decins avec si\u00e8ge rond et dossier. Rev\u00eatement aux normes m\u00e9dicales. R\u00e9glage de l&rsquo;inclinaison du si\u00e8ge. R\u00e9glage de l&rsquo;inclinaison du dossier. Grand r\u00e9glage de hauteur de 50 cm \u00e0 70 cm. Dimensions assise 38 cm. Poids 11 kg. Poids maximum support\u00e9 100 kg Avec commande \u00e0&hellip;<\/p>\n","protected":false},"featured_media":7025,"template":"","meta":{"_seopress_robots_primary_cat":"none","_seopress_titles_title":"Tabouret cabinet m\u00e9dical Confort ISO Graphite - Swissmassage","_seopress_titles_desc":"Tabouret m\u00e9dical avec si\u00e8ge rond et dossier inclinables, dot\u00e9 d'un rev\u00eatement conforme aux normes m\u00e9dicales pour un confort et une ergonomie optimaux.","_seopress_robots_index":""},"pwb-brand":[],"product_brand":[],"product_cat":[1050,1052,235,1051,1049,1079,1077,1076,1078,1075],"product_tag":[1037,1040,1038,1043,1083,1039],"product_folder":[992],"class_list":{"0":"post-4080","1":"product","2":"type-product","3":"status-publish","4":"has-post-thumbnail","6":"product_cat-chaises-pour-estheticiennes","7":"product_cat-tabourets-et-confort","8":"product_cat-esthetique-tabourets","9":"product_cat-tabourets-pour-spa","10":"product_cat-tabourets-pour-therapeutes","11":"product_cat-tous-les-accessoires-de-massage","12":"product_cat-tous-les-articles-esthetiques","13":"product_cat-tous-les-articles-physio-medical","14":"product_cat-tous-les-articles-spa-beaute","15":"product_cat-tous-les-articles-de-massage","16":"product_tag-tabouret","17":"product_tag-tabouret-en-forme-de-selle","18":"product_tag-tabouret-ergonomique","19":"product_tag-tabouret-medical","20":"product_tag-tabouret-roulettes","21":"product_tag-tabourets-medicaux","23":"first","24":"instock","25":"taxable","26":"shipping-taxable","27":"purchasable","28":"product-type-simple"},"exclude_global_add_ons":[],"addons":[],"brands":[],"_links":{"self":[{"href":"https:\/\/swissmassage.ch\/fr\/wp-json\/wp\/v2\/product\/4080","targetHints":{"allow":["GET"]}}],"collection":[{"href":"https:\/\/swissmassage.ch\/fr\/wp-json\/wp\/v2\/product"}],"about":[{"href":"https:\/\/swissmassage.ch\/fr\/wp-json\/wp\/v2\/types\/product"}],"wp:featuredmedia":[{"embeddable":true,"href":"https:\/\/swissmassage.ch\/fr\/wp-json\/wp\/v2\/media\/7025"}],"wp:attachment":[{"href":"https:\/\/swissmassage.ch\/fr\/wp-json\/wp\/v2\/media?parent=4080"}],"wp:term":[{"taxonomy":"pwb-brand","embeddable":true,"href":"https:\/\/swissmassage.ch\/fr\/wp-json\/wp\/v2\/pwb-brand?post=4080"},{"taxonomy":"product_brand","embeddable":true,"href":"https:\/\/swissmassage.ch\/fr\/wp-json\/wp\/v2\/product_brand?post=4080"},{"taxonomy":"product_cat","embeddable":true,"href":"https:\/\/swissmassage.ch\/fr\/wp-json\/wp\/v2\/product_cat?post=4080"},{"taxonomy":"product_tag","embeddable":true,"href":"https:\/\/swissmassage.ch\/fr\/wp-json\/wp\/v2\/product_tag?post=4080"},{"taxonomy":"product_folder","embeddable":true,"href":"https:\/\/swissmassage.ch\/fr\/wp-json\/wp\/v2\/product_folder?post=4080"}],"curies":[{"name":"wp","href":"https:\/\/api.w.org\/{rel}","templated":true}]}}