{"id":4195,"date":"2023-05-24T15:01:27","date_gmt":"2023-05-24T15:01:27","guid":{"rendered":"https:\/\/suissemassage.digichablais.ch\/?product=table-de-physiotherapie-5-plans-modele-ce-0190-arpc"},"modified":"2026-01-19T14:39:11","modified_gmt":"2026-01-19T13:39:11","slug":"table-de-physiotherapie-5-plans-modele-ce-0190-arpc","status":"publish","type":"product","link":"https:\/\/swissmassage.ch\/fr\/produits\/table-de-physiotherapie-5-plans-modele-ce-0190-arpc\/","title":{"rendered":"Table de Physioth\u00e9rapie 5 plans mod\u00e8le CE-0190-ARPC"},"content":{"rendered":"<h2>Table de Physioth\u00e9rapie 5 plans mod\u00e8le CE-0190-ARPC.<\/h2>\n<p>Type de t\u00eati\u00e8re T\u00eati\u00e8re avec trou et bouchon facial<br \/>\nType de dossier Position pro\/d\u00e9clive en n\u00e9gatif<br \/>\nJambes Repose-pieds (troisi\u00e8me plan) r\u00e9glable<br \/>\nAccoudoirs plats, rotatifs et tapiss\u00e9s<br \/>\nAccoudoirs au dossier r\u00e9glables en hauteur et en largeur<br \/>\nCommande \u00e0 main 1<br \/>\nPositions sp\u00e9ciales Trendelenburg, cyphose<br \/>\nType de structure chassis ciseaux avec mont\u00e9e \u00e0 la vertical sans d\u00e9placement lat\u00e9ral<br \/>\nPoids support\u00e9 180 kg<br \/>\nMat\u00e9riaux, ch\u00e2ssis m\u00e9cano soud\u00e9 en acier. Finition: peinture poudre \u00e9poxy cuite au four \u00e0 210\u00baC<br \/>\nPeinture Blanc<br \/>\nType de moteur \u00c9lectrique<br \/>\nNombre de moteurs 1<br \/>\nFonctionnalit\u00e9s motoris\u00e9es Hauteur de 50 cm \u00e0 90 cm<br \/>\nFonctionnalit\u00e9s par un v\u00e9rin \u00e0 gaz pour le dossier<br \/>\nescamotable et inclinable<br \/>\nFonctionnalit\u00e9s par deux v\u00e8rins \u00e0 gaz pour le coussin des jamnes inclinable<br \/>\nMont\u00e9e \u00e0 la verticale sans d\u00e9placement lat\u00e9ral<br \/>\nLongueur 193 cm largeur \u00e0 choix 62 cm ou 70 cm<br \/>\nMousse 5 cm pour 30 kg \/ m\u00b3 ou sur demande, mousse 3 ou 8 cm jusqu&rsquo;\u00e0 60 kg \/ m\u00b3<br \/>\nSyst\u00e8me de roulettes Escamotables par une seule p\u00e9dale<br \/>\nType de roulettes Roulettes doubles de \u00d8 50 mm<br \/>\nNormes et securit\u00e9, le moteur se conforme aux normes de securit\u00e9 europ\u00e9ennes<br \/>\nProduit CE. Fabriqu\u00e9 en Europe<\/p>\n<h2>Caract\u00e9ristiques du rev\u00eatement Spradling.<\/h2>\n<p>Le rev\u00eatement, aux normes m\u00e9dicales, a un niveau de propri\u00e9t\u00e9s tr\u00e8s \u00e9lev\u00e9es qui le positionne avec certification aux normes m\u00e9dicales.<br \/>\nIl est antimicrobien, antibact\u00e9rien, anti-mycosiens. Il r\u00e9siste \u00e0 l\u2019abrasion, supporte les contacts avec le corps humain, salive, transpiration, urine, sang.<br \/>\nCe rev\u00eatement imperm\u00e9able et ignifug\u00e9, il est conseill\u00e9 et reconnu pour toutes utilisations dans les milieux m\u00e9dicaux.<\/p>\n<h2>Choix de couleurs du rev\u00eatement.<\/h2>\n<p><img loading=\"lazy\" decoding=\"async\" class=\"alignnone size-full wp-image-8278\" src=\"https:\/\/swissmassage.ch\/wp-content\/uploads\/Palette-de-couleur-tables-physio-2.webp\" alt=\"\" width=\"1000\" height=\"600\" srcset=\"https:\/\/swissmassage.ch\/wp-content\/uploads\/Palette-de-couleur-tables-physio-2.webp 1000w, https:\/\/swissmassage.ch\/wp-content\/uploads\/Palette-de-couleur-tables-physio-2-600x360.webp 600w, https:\/\/swissmassage.ch\/wp-content\/uploads\/Palette-de-couleur-tables-physio-2-300x180.webp 300w, https:\/\/swissmassage.ch\/wp-content\/uploads\/Palette-de-couleur-tables-physio-2-768x461.webp 768w, https:\/\/swissmassage.ch\/wp-content\/uploads\/Palette-de-couleur-tables-physio-2-20x12.webp 20w\" sizes=\"auto, (max-width: 1000px) 100vw, 1000px\" \/> <img loading=\"lazy\" decoding=\"async\" class=\"alignnone size-full wp-image-8279\" src=\"https:\/\/swissmassage.ch\/wp-content\/uploads\/Palette-de-couleur-tables-physio-1.webp\" alt=\"\" width=\"1000\" height=\"600\" srcset=\"https:\/\/swissmassage.ch\/wp-content\/uploads\/Palette-de-couleur-tables-physio-1.webp 1000w, https:\/\/swissmassage.ch\/wp-content\/uploads\/Palette-de-couleur-tables-physio-1-600x360.webp 600w, https:\/\/swissmassage.ch\/wp-content\/uploads\/Palette-de-couleur-tables-physio-1-300x180.webp 300w, https:\/\/swissmassage.ch\/wp-content\/uploads\/Palette-de-couleur-tables-physio-1-768x461.webp 768w, https:\/\/swissmassage.ch\/wp-content\/uploads\/Palette-de-couleur-tables-physio-1-20x12.webp 20w\" sizes=\"auto, (max-width: 1000px) 100vw, 1000px\" \/><\/p>\n","protected":false},"excerpt":{"rendered":"<p>Table de Physioth\u00e9rapie 5 plans mod\u00e8le CE-0190-ARPC. Type de t\u00eati\u00e8re T\u00eati\u00e8re avec trou et bouchon facial Type de dossier Position pro\/d\u00e9clive en n\u00e9gatif Jambes Repose-pieds (troisi\u00e8me plan) r\u00e9glable Accoudoirs plats, rotatifs et tapiss\u00e9s Accoudoirs au dossier r\u00e9glables en hauteur et en largeur Commande \u00e0 main 1 Positions sp\u00e9ciales Trendelenburg, cyphose Type de structure chassis ciseaux&hellip;<\/p>\n","protected":false},"featured_media":21061,"template":"","meta":{"_seopress_robots_primary_cat":"none","_seopress_titles_title":"Table de Physioth\u00e9rapie 5 plans mod\u00e8le CE-0190-ARPC","_seopress_titles_desc":"Table de physioth\u00e9rapie 5 plans, mod\u00e8le CE-0190-ARPC : hauteur motoris\u00e9e de 50 cm \u00e0 90 cm, dossier ajustable par v\u00e9rin \u00e0 gaz.","_seopress_robots_index":""},"pwb-brand":[],"product_brand":[],"product_cat":[292,1076],"product_tag":[1194,1195,1207],"product_folder":[1003],"class_list":{"0":"post-4195","1":"product","2":"type-product","3":"status-publish","4":"has-post-thumbnail","6":"product_cat-table-de-physiotherapie","7":"product_cat-tous-les-articles-physio-medical","8":"product_tag-physio","9":"product_tag-table-de-physio","10":"product_tag-table-de-physio-electrique","12":"first","13":"instock","14":"taxable","15":"shipping-taxable","16":"purchasable","17":"product-type-simple"},"exclude_global_add_ons":false,"addons":[{"name":"Choix de Largeur","type":"multiple_choice","position":0,"required":true,"title_format":"label","description_enable":false,"description":"","placeholder_enable":false,"placeholder":"","display":"radiobutton","restrictions_type":"any_text","adjust_price":false,"price":"","price_type":"flat_fee","restrictions":false,"min":0,"max":0,"options":[{"label":"62 cm","price":"","price_type":"flat_fee","image":0},{"label":"70 cm","price":"140","price_type":"flat_fee","image":0}],"id":1704302337},{"name":"Choix de type de mousse","type":"multiple_choice","position":1,"required":true,"title_format":"label","description_enable":false,"description":"","placeholder_enable":false,"placeholder":"","display":"images","restrictions_type":"any_text","adjust_price":false,"price":"","price_type":"flat_fee","restrictions":false,"min":0,"max":0,"options":[{"label":"Standard 5 cm 30Kg\/m\u00b3","price":"","price_type":"flat_fee","image":8387},{"label":"Soft Memory 8 cm soit 4 cm 30Kg\/m\u00b3 + 4 cm memory","price":"220","price_type":"flat_fee","image":8385},{"label":"Medium Memory 7 cm soit 5 cm 30Kg\/m\u00b3 + 2 cm memory","price":"220","price_type":"flat_fee","image":8388},{"label":"Strong osteo 3 cm 60Kg\/m\u00b3","price":"220","price_type":"flat_fee","image":8386}],"id":1704302338},{"name":"Choix de couleur du rev\u00eatement","type":"multiple_choice","position":2,"required":true,"title_format":"label","description_enable":false,"description":"","placeholder_enable":false,"placeholder":"","display":"images","restrictions_type":"any_text","adjust_price":false,"price":"","price_type":"flat_fee","restrictions":false,"min":0,"max":0,"options":[{"label":"White","price":"","price_type":"flat_fee","image":8361},{"label":"Pearl","price":"","price_type":"flat_fee","image":8357},{"label":"Ashgrey","price":"","price_type":"flat_fee","image":8351},{"label":"Birch","price":"","price_type":"flat_fee","image":8353},{"label":"Cherry","price":"","price_type":"flat_fee","image":8355},{"label":"Rose","price":"","price_type":"flat_fee","image":8358},{"label":"Slate-grey","price":"","price_type":"flat_fee","image":8359},{"label":"Black","price":"","price_type":"flat_fee","image":8354},{"label":"Stone-blue","price":"","price_type":"flat_fee","image":8360},{"label":"Deep-sea","price":"","price_type":"flat_fee","image":8356},{"label":"Atoll","price":"","price_type":"flat_fee","image":8352},{"label":"Sage","price":"","price_type":"flat_fee","image":8350},{"label":"Cappuccino","price":"","price_type":"flat_fee","image":8370},{"label":"Chestnut","price":"","price_type":"flat_fee","image":8369},{"label":"Cashmere","price":"","price_type":"flat_fee","image":8368},{"label":"Carob","price":"","price_type":"flat_fee","image":8367},{"label":"Mocca","price":"","price_type":"flat_fee","image":8366},{"label":"Anthracite","price":"","price_type":"flat_fee","image":8365},{"label":"Olive","price":"","price_type":"flat_fee","image":8364},{"label":"Lime","price":"","price_type":"flat_fee","image":8363},{"label":"Corn","price":"","price_type":"flat_fee","image":8374},{"label":"Sun","price":"","price_type":"flat_fee","image":8373},{"label":"Orange","price":"","price_type":"flat_fee","image":8372},{"label":"Fire","price":"","price_type":"flat_fee","image":8371}],"id":1704302339},{"name":"Option t\u00e9l\u00e9commande","type":"multiple_choice","position":3,"required":true,"title_format":"label","description_enable":false,"description":"","placeholder_enable":false,"placeholder":"","display":"images","restrictions_type":"any_text","adjust_price":false,"price":"","price_type":"flat_fee","restrictions":false,"min":0,"max":0,"options":[{"label":"Commande \u00e0 main incluse","price":"","price_type":"flat_fee","image":8421},{"label":"Commande \u00e0 pieds au sol","price":"190","price_type":"flat_fee","image":8420},{"label":"Commande \u00e0 pieds barres p\u00e9riph\u00e9rique","price":"290","price_type":"flat_fee","image":8418},{"label":"Commande \u00e0 pieds cadre p\u00e9riph\u00e9rique","price":"320","price_type":"flat_fee","image":8419}],"id":1704302340},{"name":"Option derouleur de papier d'examen","type":"multiple_choice","position":4,"required":false,"title_format":"label","description_enable":false,"description":"","placeholder_enable":false,"placeholder":"","display":"images","restrictions_type":"any_text","adjust_price":false,"price":"","price_type":"flat_fee","restrictions":false,"min":0,"max":0,"options":[{"label":"Avec d\u00e9rouleur de papier de protection","price":"80","price_type":"flat_fee","image":8384}],"id":1704302341}],"brands":[],"_links":{"self":[{"href":"https:\/\/swissmassage.ch\/fr\/wp-json\/wp\/v2\/product\/4195","targetHints":{"allow":["GET"]}}],"collection":[{"href":"https:\/\/swissmassage.ch\/fr\/wp-json\/wp\/v2\/product"}],"about":[{"href":"https:\/\/swissmassage.ch\/fr\/wp-json\/wp\/v2\/types\/product"}],"wp:featuredmedia":[{"embeddable":true,"href":"https:\/\/swissmassage.ch\/fr\/wp-json\/wp\/v2\/media\/21061"}],"wp:attachment":[{"href":"https:\/\/swissmassage.ch\/fr\/wp-json\/wp\/v2\/media?parent=4195"}],"wp:term":[{"taxonomy":"pwb-brand","embeddable":true,"href":"https:\/\/swissmassage.ch\/fr\/wp-json\/wp\/v2\/pwb-brand?post=4195"},{"taxonomy":"product_brand","embeddable":true,"href":"https:\/\/swissmassage.ch\/fr\/wp-json\/wp\/v2\/product_brand?post=4195"},{"taxonomy":"product_cat","embeddable":true,"href":"https:\/\/swissmassage.ch\/fr\/wp-json\/wp\/v2\/product_cat?post=4195"},{"taxonomy":"product_tag","embeddable":true,"href":"https:\/\/swissmassage.ch\/fr\/wp-json\/wp\/v2\/product_tag?post=4195"},{"taxonomy":"product_folder","embeddable":true,"href":"https:\/\/swissmassage.ch\/fr\/wp-json\/wp\/v2\/product_folder?post=4195"}],"curies":[{"name":"wp","href":"https:\/\/api.w.org\/{rel}","templated":true}]}}