{"id":4840,"date":"2023-05-24T15:12:26","date_gmt":"2023-05-24T15:12:26","guid":{"rendered":"https:\/\/suissemassage.digichablais.ch\/?product=lit-de-soins-medicaux-hydraulique-modele-cth-0120-rbar"},"modified":"2026-01-19T16:40:04","modified_gmt":"2026-01-19T15:40:04","slug":"lit-de-soins-medicaux-hydraulique-modele-cth-0120-rbar","status":"publish","type":"product","link":"https:\/\/swissmassage.ch\/fr\/produits\/lit-de-soins-medicaux-hydraulique-modele-cth-0120-rbar\/","title":{"rendered":"Lit de Soins m\u00e9dicaux Hydraulique mod\u00e8le CTH-0120-RBAR"},"content":{"rendered":"<h2>Lit de Soins m\u00e9dicaux pour centres m\u00e9dicaux mod\u00e8le CTH-0120-RBAR.<\/h2>\n<p>Type de dossier relevable.<br \/>\nCommande pieds le moteur hydraulique de la hauteur de 59 cm \u00e0 109 cm<br \/>\nBarri\u00e8res de s\u00e9curit\u00e9 escamotables<br \/>\nStatif et porte oxyg\u00e8ne, inclus<br \/>\nPoign\u00e9es de pouss\u00e9e<br \/>\nType de structure chassis ciseaux avec mont\u00e9e \u00e0 la vertical sans d\u00e9placement lat\u00e9ral<br \/>\nPoids support\u00e9 180 kg<br \/>\nMat\u00e9riel Ch\u00e2ssis m\u00e9cano soud\u00e9 en acier. Finition: peinture poudre \u00e9poxy cuite au four \u00e0 210\u00baC<br \/>\nPeinture Blanc<br \/>\nFonctionnalit\u00e9s par un v\u00e9rin \u00e0 gaz pour le dossier relevable<br \/>\nLongueur 192 cm largeur 70 cm<br \/>\nMousse 5 cm pour 30 kg \/ m\u00b3 ou sur demande, mousse 3 ou 8 cm jusqu&rsquo;\u00e0 60 kg \/ m\u00b3<br \/>\nSyst\u00e8me de roue avec freins.<br \/>\nNormes et securit\u00e9, le moteur se conforme aux normes de securit\u00e9 europ\u00e9ennes<br \/>\nProduit CE. Fabriqu\u00e9 en Europe<\/p>\n<h2>Caract\u00e9ristiques du rev\u00eatement Spradling.<\/h2>\n<p>Le rev\u00eatement avec certification aux normes m\u00e9dicales.<br \/>\nIl est antimicrobien, antibact\u00e9rien, anti-mycosiens. Il r\u00e9siste \u00e0 l\u2019abrasion, supporte les contacts avec le corps humain, salive, transpiration, urine, sang.<br \/>\nCe rev\u00eatement imperm\u00e9able et ignifug\u00e9, il est conseill\u00e9 et reconnu pour toutes utilisations dans les milieux m\u00e9dicaux.<\/p>\n<h2>Choix de couleurs du rev\u00eatement.<\/h2>\n<p>&nbsp;<\/p>\n","protected":false},"excerpt":{"rendered":"<p>Lit de Soins m\u00e9dicaux pour centres m\u00e9dicaux mod\u00e8le CTH-0120-RBAR. Type de dossier relevable. Commande pieds le moteur hydraulique de la hauteur de 59 cm \u00e0 109 cm Barri\u00e8res de s\u00e9curit\u00e9 escamotables Statif et porte oxyg\u00e8ne, inclus Poign\u00e9es de pouss\u00e9e Type de structure chassis ciseaux avec mont\u00e9e \u00e0 la vertical sans d\u00e9placement lat\u00e9ral Poids support\u00e9 180&hellip;<\/p>\n","protected":false},"featured_media":2984,"template":"","meta":{"_seopress_robots_primary_cat":"none","_seopress_titles_title":"Lit de Soins M\u00e9dicaux Hydraulique - Swissmassage","_seopress_titles_desc":"Lit de soins m\u00e9dicaux mod\u00e8le CTH-0120-RBAR : dossier relevable, commande \u00e0 pieds, barri\u00e8res de s\u00e9curit\u00e9 escamotables, avec statif et porte-oxyg\u00e8ne inclus.","_seopress_robots_index":""},"pwb-brand":[],"product_brand":[],"product_cat":[323,1076],"product_tag":[1217,1201],"product_folder":[1009],"class_list":{"0":"post-4840","1":"product","2":"type-product","3":"status-publish","4":"has-post-thumbnail","6":"product_cat-lit-medicale","7":"product_cat-tous-les-articles-physio-medical","8":"product_tag-lit-medical","9":"product_tag-medical","11":"first","12":"instock","13":"taxable","14":"shipping-taxable","15":"purchasable","16":"product-type-simple"},"exclude_global_add_ons":false,"addons":[{"name":"Choix de Largeur","type":"multiple_choice","position":0,"required":true,"title_format":"label","description_enable":false,"description":"","placeholder_enable":false,"placeholder":"","display":"radiobutton","restrictions_type":"any_text","adjust_price":false,"price":"","price_type":"flat_fee","restrictions":false,"min":0,"max":0,"options":[{"label":"62 cm","price":"","price_type":"flat_fee","image":0},{"label":"70 cm","price":"140","price_type":"flat_fee","image":0}],"id":1704301956},{"name":"Choix de type de mousse","type":"multiple_choice","position":1,"required":true,"title_format":"label","description_enable":false,"description":"","placeholder_enable":false,"placeholder":"","display":"images","restrictions_type":"any_text","adjust_price":false,"price":"","price_type":"flat_fee","restrictions":false,"min":0,"max":0,"options":[{"label":"Standard 5 cm 30Kg\/m\u00b3","price":"","price_type":"flat_fee","image":8387},{"label":"Soft Memory 8 cm soit 4 cm 30Kg\/m\u00b3 + 4 cm memory","price":"220","price_type":"flat_fee","image":8385},{"label":"Medium Memory 7 cm soit 5 cm 30Kg\/m\u00b3 + 2 cm memory","price":"220","price_type":"flat_fee","image":8388},{"label":"Strong osteo 3 cm 60Kg\/m\u00b3","price":"220","price_type":"flat_fee","image":8386}],"id":1704301957},{"name":"Choix de couleur du rev\u00eatement","type":"multiple_choice","position":2,"required":true,"title_format":"label","description_enable":false,"description":"","placeholder_enable":false,"placeholder":"","display":"images","restrictions_type":"any_text","adjust_price":false,"price":"","price_type":"flat_fee","restrictions":false,"min":0,"max":0,"options":[{"label":"White","price":"","price_type":"flat_fee","image":8361},{"label":"Pearl","price":"","price_type":"flat_fee","image":8357},{"label":"Ashgrey","price":"","price_type":"flat_fee","image":8351},{"label":"Birch","price":"","price_type":"flat_fee","image":8353},{"label":"Cherry","price":"","price_type":"flat_fee","image":8355},{"label":"Rose","price":"","price_type":"flat_fee","image":8358},{"label":"Slate-grey","price":"","price_type":"flat_fee","image":8359},{"label":"Black","price":"","price_type":"flat_fee","image":8354},{"label":"Stone-blue","price":"","price_type":"flat_fee","image":8360},{"label":"Deep-sea","price":"","price_type":"flat_fee","image":8356},{"label":"Atoll","price":"","price_type":"flat_fee","image":8352},{"label":"Sage","price":"","price_type":"flat_fee","image":8350},{"label":"Cappuccino","price":"","price_type":"flat_fee","image":8370},{"label":"Chestnut","price":"","price_type":"flat_fee","image":8369},{"label":"Cashmere","price":"","price_type":"flat_fee","image":8368},{"label":"Carob","price":"","price_type":"flat_fee","image":8367},{"label":"Mocca","price":"","price_type":"flat_fee","image":8366},{"label":"Anthracite","price":"","price_type":"flat_fee","image":8365},{"label":"Olive","price":"","price_type":"flat_fee","image":8364},{"label":"Lime","price":"","price_type":"flat_fee","image":8363},{"label":"Corn","price":"","price_type":"flat_fee","image":8374},{"label":"Sun","price":"","price_type":"flat_fee","image":8373},{"label":"Orange","price":"","price_type":"flat_fee","image":8372},{"label":"Fire","price":"","price_type":"flat_fee","image":8371}],"id":1704301958}],"brands":[],"_links":{"self":[{"href":"https:\/\/swissmassage.ch\/fr\/wp-json\/wp\/v2\/product\/4840","targetHints":{"allow":["GET"]}}],"collection":[{"href":"https:\/\/swissmassage.ch\/fr\/wp-json\/wp\/v2\/product"}],"about":[{"href":"https:\/\/swissmassage.ch\/fr\/wp-json\/wp\/v2\/types\/product"}],"wp:featuredmedia":[{"embeddable":true,"href":"https:\/\/swissmassage.ch\/fr\/wp-json\/wp\/v2\/media\/2984"}],"wp:attachment":[{"href":"https:\/\/swissmassage.ch\/fr\/wp-json\/wp\/v2\/media?parent=4840"}],"wp:term":[{"taxonomy":"pwb-brand","embeddable":true,"href":"https:\/\/swissmassage.ch\/fr\/wp-json\/wp\/v2\/pwb-brand?post=4840"},{"taxonomy":"product_brand","embeddable":true,"href":"https:\/\/swissmassage.ch\/fr\/wp-json\/wp\/v2\/product_brand?post=4840"},{"taxonomy":"product_cat","embeddable":true,"href":"https:\/\/swissmassage.ch\/fr\/wp-json\/wp\/v2\/product_cat?post=4840"},{"taxonomy":"product_tag","embeddable":true,"href":"https:\/\/swissmassage.ch\/fr\/wp-json\/wp\/v2\/product_tag?post=4840"},{"taxonomy":"product_folder","embeddable":true,"href":"https:\/\/swissmassage.ch\/fr\/wp-json\/wp\/v2\/product_folder?post=4840"}],"curies":[{"name":"wp","href":"https:\/\/api.w.org\/{rel}","templated":true}]}}