{"id":4982,"date":"2023-05-24T15:14:46","date_gmt":"2023-05-24T15:14:46","guid":{"rendered":"https:\/\/suissemassage.digichablais.ch\/?product=fauteuil-de-soins-medicaux-modele-ce-2139-r"},"modified":"2024-07-12T09:45:41","modified_gmt":"2024-07-12T07:45:41","slug":"fauteuil-de-soins-medicaux-modele-ce-2139-r","status":"publish","type":"product","link":"https:\/\/swissmassage.ch\/fr\/produits\/fauteuil-de-soins-medicaux-modele-ce-2139-r\/","title":{"rendered":"Fauteuil de soins m\u00e9dicaux mod\u00e8le CE-2139-R"},"content":{"rendered":"<h2>Fauteuil de soins m\u00e9dicaux \u00e9lectrique mod\u00e8le CE-2139-R<\/h2>\n<p><span style=\"font-size: 10pt;\">Commande \u00e0 main<br \/>\nPositions assise ou couch\u00e9e<br \/>\nType de structure ch\u00e2ssis trap\u00e8ze<br \/>\nPoids support\u00e9 180 kg<br \/>\nMat\u00e9riaux, ch\u00e2ssis m\u00e9cano soud\u00e9 en acier. Finition: peinture poudre \u00e9poxy cuite au four \u00e0 210\u00baC<br \/>\nPeinture Blanc<br \/>\nType de moteur \u00c9lectrique<br \/>\nNombre de moteurs 1<br \/>\nFonctionnalit\u00e9s motoris\u00e9es Hauteur de 54 cm \u00e0 93 cm<br \/>\nFonctionnalit\u00e9s par un v\u00e9rin \u00e0 gaz pour le dossier<br \/>\n<span style=\"font-size: 10pt;\">escamotable et inclinable<br \/>\n<\/span>Fonctionnalit\u00e9s s\u00e9par\u00e9es pour les deux coussins des jambes inclinables<br \/>\nLongueur 193 cm largeur \u00e0 choix 62 cm ou 70 cm<br \/>\nMousse 5 cm pour 30 kg \/ m\u00b3 ou sur demande, mousse 3 ou 8 cm jusqu&rsquo;\u00e0 60 kg \/ m\u00b3<br \/>\nSyst\u00e8me de roulettes Escamotables par une seule p\u00e9dale<br \/>\nType de roulettes Roulettes doubles de \u00d8 50 mm<br \/>\n<span style=\"font-size: 10pt;\">Normes et s\u00e9curit\u00e9, le moteur se conforme aux normes de s\u00e9curit\u00e9 europ\u00e9ennes<br \/>\nProduit CE. Fabriqu\u00e9 en Europe<br \/>\n<\/span><\/span><span style=\"font-size: 10pt;\">Caract\u00e9ristiques du rev\u00eatement Spradling.<br \/>\n<\/span><span style=\"font-size: 10pt;\">Le rev\u00eatement, aux normes m\u00e9dicales, a un niveau de propri\u00e9t\u00e9s tr\u00e8s \u00e9lev\u00e9es qui le positionne avec certification aux normes m\u00e9dicales.<br \/>\nIl est antimicrobien, antibact\u00e9rien, anti-mycosiens. Il r\u00e9siste \u00e0 l\u2019abrasion, supporte les contacts avec le corps humain, salive, transpiration, urine, sang.<br \/>\nCe rev\u00eatement imperm\u00e9able et ignifug\u00e9, il est conseill\u00e9 et reconnu pour toutes utilisations dans les milieux m\u00e9dicaux.<br \/>\n<\/span><\/p>\n<h3>Choir de couleur du rev\u00eatement.<\/h3>\n<p><img loading=\"lazy\" decoding=\"async\" class=\"alignnone size-full wp-image-8278\" src=\"https:\/\/swissmassage.ch\/wp-content\/uploads\/Palette-de-couleur-tables-physio-2.webp\" alt=\"\" width=\"1000\" height=\"600\" srcset=\"https:\/\/swissmassage.ch\/wp-content\/uploads\/Palette-de-couleur-tables-physio-2.webp 1000w, https:\/\/swissmassage.ch\/wp-content\/uploads\/Palette-de-couleur-tables-physio-2-600x360.webp 600w, https:\/\/swissmassage.ch\/wp-content\/uploads\/Palette-de-couleur-tables-physio-2-300x180.webp 300w, https:\/\/swissmassage.ch\/wp-content\/uploads\/Palette-de-couleur-tables-physio-2-768x461.webp 768w, https:\/\/swissmassage.ch\/wp-content\/uploads\/Palette-de-couleur-tables-physio-2-20x12.webp 20w\" sizes=\"auto, (max-width: 1000px) 100vw, 1000px\" \/> <img loading=\"lazy\" decoding=\"async\" class=\"alignnone size-full wp-image-8279\" src=\"https:\/\/swissmassage.ch\/wp-content\/uploads\/Palette-de-couleur-tables-physio-1.webp\" alt=\"\" width=\"1000\" height=\"600\" srcset=\"https:\/\/swissmassage.ch\/wp-content\/uploads\/Palette-de-couleur-tables-physio-1.webp 1000w, https:\/\/swissmassage.ch\/wp-content\/uploads\/Palette-de-couleur-tables-physio-1-600x360.webp 600w, https:\/\/swissmassage.ch\/wp-content\/uploads\/Palette-de-couleur-tables-physio-1-300x180.webp 300w, https:\/\/swissmassage.ch\/wp-content\/uploads\/Palette-de-couleur-tables-physio-1-768x461.webp 768w, https:\/\/swissmassage.ch\/wp-content\/uploads\/Palette-de-couleur-tables-physio-1-20x12.webp 20w\" sizes=\"auto, (max-width: 1000px) 100vw, 1000px\" \/><\/p>\n","protected":false},"excerpt":{"rendered":"<p>Fauteuil de soins m\u00e9dicaux \u00e9lectrique mod\u00e8le CE-2139-R Commande \u00e0 main Positions assise ou couch\u00e9e Type de structure ch\u00e2ssis trap\u00e8ze Poids support\u00e9 180 kg Mat\u00e9riaux, ch\u00e2ssis m\u00e9cano soud\u00e9 en acier. Finition: peinture poudre \u00e9poxy cuite au four \u00e0 210\u00baC Peinture Blanc Type de moteur \u00c9lectrique Nombre de moteurs 1 Fonctionnalit\u00e9s motoris\u00e9es Hauteur de 54 cm \u00e0&hellip;<\/p>\n","protected":false},"featured_media":4983,"template":"","meta":{"_seopress_robots_primary_cat":"none","_seopress_titles_title":"Fauteuil de soins m\u00e9dicaux mod\u00e8le CE-2139-R - Swissmassage","_seopress_titles_desc":"Fauteuil de soins m\u00e9dicaux \u00e9lectrique mod\u00e8le CE-2139-R : commande \u00e0 main, positions assise ou couch\u00e9e, ch\u00e2ssis trap\u00e8ze pour une stabilit\u00e9 optimale.","_seopress_robots_index":""},"pwb-brand":[],"product_brand":[],"product_cat":[372,1076],"product_tag":[1155,1196],"product_folder":[1008],"class_list":{"0":"post-4982","1":"product","2":"type-product","3":"status-publish","4":"has-post-thumbnail","6":"product_cat-fauteuil-de-prises-de-sang","7":"product_cat-tous-les-articles-physio-medical","8":"product_tag-fauteuil","9":"product_tag-table-examens-medicaux","11":"first","12":"instock","13":"taxable","14":"shipping-taxable","15":"purchasable","16":"product-type-simple"},"exclude_global_add_ons":false,"addons":[{"name":"Choix de Largeur","type":"multiple_choice","position":0,"required":true,"title_format":"label","description_enable":false,"description":"","placeholder_enable":false,"placeholder":"","display":"radiobutton","restrictions_type":"any_text","adjust_price":false,"price":"","price_type":"flat_fee","restrictions":false,"min":0,"max":0,"options":[{"label":"62 cm","price":"","price_type":"flat_fee","image":0},{"label":"70 cm","price":"140","price_type":"flat_fee","image":0}],"id":1704301899},{"name":"Choix de type de mousse","type":"multiple_choice","position":1,"required":true,"title_format":"label","description_enable":false,"description":"","placeholder_enable":false,"placeholder":"","display":"images","restrictions_type":"any_text","adjust_price":false,"price":"","price_type":"flat_fee","restrictions":false,"min":0,"max":0,"options":[{"label":"Standard 5 cm 30Kg\/m\u00b3","price":"","price_type":"flat_fee","image":8387},{"label":"Soft Memory 8 cm soit 4 cm 30Kg\/m\u00b3 + 4 cm memory","price":"220","price_type":"flat_fee","image":8385},{"label":"Medium Memory 7 cm soit 5 cm 30Kg\/m\u00b3 + 2 cm memory","price":"220","price_type":"flat_fee","image":8388},{"label":"Strong osteo 3 cm 60Kg\/m\u00b3","price":"220","price_type":"flat_fee","image":8386}],"id":1704301900},{"name":"Choix de couleur du rev\u00eatement","type":"multiple_choice","position":2,"required":true,"title_format":"label","description_enable":false,"description":"","placeholder_enable":false,"placeholder":"","display":"images","restrictions_type":"any_text","adjust_price":false,"price":"","price_type":"flat_fee","restrictions":false,"min":0,"max":0,"options":[{"label":"White","price":"","price_type":"flat_fee","image":8361},{"label":"Pearl","price":"","price_type":"flat_fee","image":8357},{"label":"Ashgrey","price":"","price_type":"flat_fee","image":8351},{"label":"Birch","price":"","price_type":"flat_fee","image":8353},{"label":"Cherry","price":"","price_type":"flat_fee","image":8355},{"label":"Rose","price":"","price_type":"flat_fee","image":8358},{"label":"Slate-grey","price":"","price_type":"flat_fee","image":8359},{"label":"Black","price":"","price_type":"flat_fee","image":8354},{"label":"Stone-blue","price":"","price_type":"flat_fee","image":8360},{"label":"Deep-sea","price":"","price_type":"flat_fee","image":8356},{"label":"Atoll","price":"","price_type":"flat_fee","image":8352},{"label":"Sage","price":"","price_type":"flat_fee","image":8350},{"label":"Cappuccino","price":"","price_type":"flat_fee","image":8370},{"label":"Chestnut","price":"","price_type":"flat_fee","image":8369},{"label":"Cashmere","price":"","price_type":"flat_fee","image":8368},{"label":"Carob","price":"","price_type":"flat_fee","image":8367},{"label":"Mocca","price":"","price_type":"flat_fee","image":8366},{"label":"Anthracite","price":"","price_type":"flat_fee","image":8365},{"label":"Olive","price":"","price_type":"flat_fee","image":8364},{"label":"Lime","price":"","price_type":"flat_fee","image":8363},{"label":"Corn","price":"","price_type":"flat_fee","image":8374},{"label":"Sun","price":"","price_type":"flat_fee","image":8373},{"label":"Orange","price":"","price_type":"flat_fee","image":8372},{"label":"Fire","price":"","price_type":"flat_fee","image":8371}],"id":1704301901},{"name":"Option t\u00e9l\u00e9commande","type":"multiple_choice","position":3,"required":true,"title_format":"label","description_enable":false,"description":"","placeholder_enable":false,"placeholder":"","display":"images","restrictions_type":"any_text","adjust_price":false,"price":"","price_type":"flat_fee","restrictions":false,"min":0,"max":0,"options":[{"label":"Commande \u00e0 main incluse","price":"","price_type":"flat_fee","image":8421},{"label":"Commande \u00e0 pieds au sol","price":"190","price_type":"flat_fee","image":8420},{"label":"Commande \u00e0 pieds barres p\u00e9riph\u00e9rique","price":"290","price_type":"flat_fee","image":8418}],"id":1704301902},{"name":"Option derouleur de papier d'examen","type":"multiple_choice","position":4,"required":false,"title_format":"label","description_enable":false,"description":"","placeholder_enable":false,"placeholder":"","display":"images","restrictions_type":"any_text","adjust_price":false,"price":"","price_type":"flat_fee","restrictions":false,"min":0,"max":0,"options":[{"label":"Avec d\u00e9rouleur de papier d examen","price":"80","price_type":"flat_fee","image":8384}],"id":1704301903}],"brands":[],"_links":{"self":[{"href":"https:\/\/swissmassage.ch\/fr\/wp-json\/wp\/v2\/product\/4982","targetHints":{"allow":["GET"]}}],"collection":[{"href":"https:\/\/swissmassage.ch\/fr\/wp-json\/wp\/v2\/product"}],"about":[{"href":"https:\/\/swissmassage.ch\/fr\/wp-json\/wp\/v2\/types\/product"}],"wp:featuredmedia":[{"embeddable":true,"href":"https:\/\/swissmassage.ch\/fr\/wp-json\/wp\/v2\/media\/4983"}],"wp:attachment":[{"href":"https:\/\/swissmassage.ch\/fr\/wp-json\/wp\/v2\/media?parent=4982"}],"wp:term":[{"taxonomy":"pwb-brand","embeddable":true,"href":"https:\/\/swissmassage.ch\/fr\/wp-json\/wp\/v2\/pwb-brand?post=4982"},{"taxonomy":"product_brand","embeddable":true,"href":"https:\/\/swissmassage.ch\/fr\/wp-json\/wp\/v2\/product_brand?post=4982"},{"taxonomy":"product_cat","embeddable":true,"href":"https:\/\/swissmassage.ch\/fr\/wp-json\/wp\/v2\/product_cat?post=4982"},{"taxonomy":"product_tag","embeddable":true,"href":"https:\/\/swissmassage.ch\/fr\/wp-json\/wp\/v2\/product_tag?post=4982"},{"taxonomy":"product_folder","embeddable":true,"href":"https:\/\/swissmassage.ch\/fr\/wp-json\/wp\/v2\/product_folder?post=4982"}],"curies":[{"name":"wp","href":"https:\/\/api.w.org\/{rel}","templated":true}]}}