{"id":5604,"date":"2023-05-24T15:26:41","date_gmt":"2023-05-24T15:26:41","guid":{"rendered":"https:\/\/suissemassage.digichablais.ch\/?product=table-medicale-de-bain-mobile-modele-mobi-shower"},"modified":"2026-01-16T10:12:26","modified_gmt":"2026-01-16T09:12:26","slug":"table-medicale-de-bain-mobile-modele-mobi-shower","status":"publish","type":"product","link":"https:\/\/swissmassage.ch\/fr\/produits\/table-medicale-de-bain-mobile-modele-mobi-shower\/","title":{"rendered":"Table m\u00e9dicale de bain mobile mod\u00e8le Mobi Shower"},"content":{"rendered":"<h2>Table m\u00e9dicale de bain, mobile avec r\u00e9glage de la hauteur motoris\u00e9<\/h2>\n<p>Une table de soins pour le bain de personnes soufrant d&rsquo;un handicap.<br \/>\nLa table Mobi Shower est une table de bain douche qui ne n\u00e9cessite pas d\u2019installation ni de fixation particuli\u00e8re.\u00a0 Son design compact et fin lui permet d\u2019\u00eatre facilement d\u00e9plac\u00e9e d\u2019une pi\u00e8ce \u00e0 l\u2019autre. Elle constitue une solution \u00e9conomique pour des utilisateurs et des transferts multiples.<br \/>\nHauteur ajustable<br \/>\nMotoris\u00e9e \u00e9lectriquement, la table de change Mobi Shower est facile \u00e0 man\u0153uvrer par simple appui sur la t\u00e9l\u00e9commande. La course en hauteur est de\u00a0 480 mm, la hauteur de travail id\u00e9ale est facilement r\u00e9glable. Cela permet d\u2019\u00e9viter les douleurs au dos du personnel soignant.<br \/>\nTransferts faciles<br \/>\nCette table de bain mobile offre suffisamment d\u2019espace pour l\u2019acc\u00e8s avec une grande vari\u00e9t\u00e9 de porte-malade. Sa mobilit\u00e9 permet les transferts de fa\u00e7on s\u00fbre et ais\u00e9e. Que vous transf\u00e9riez depuis un lit, un chaise roulante ou des toilettes, le Mobi Shower est la solution efficace qui facilite le travail du personnel soignant.<br \/>\nContactez-nous pour plus d\u2019information sur ce produit mais \u00e9galement sur d\u2019autres solutions pour le change des personnes \u00e0 mobilit\u00e9 r\u00e9duite.<\/p>\n<h2>Sp\u00e9cifications techniques du Mobi Shower<\/h2>\n<p>Mobile et facile \u00e0 man\u0153uvrer<br \/>\nPas d\u2019installation n\u00e9cessaire<br \/>\nAcier inoxydable pour les environnements humides<br \/>\nCourse en hauteur de 460 cm<br \/>\nLongueur de plateau disponible 180 cm<br \/>\nLargeur 75 cm<br \/>\nBarri\u00e8res de protection amovibles<br \/>\nCapacit\u00e9 de 125 kg<\/p>\n","protected":false},"excerpt":{"rendered":"<p>Table m\u00e9dicale de bain, mobile avec r\u00e9glage de la hauteur motoris\u00e9 Une table de soins pour le bain de personnes soufrant d&rsquo;un handicap. La table Mobi Shower est une table de bain douche qui ne n\u00e9cessite pas d\u2019installation ni de fixation particuli\u00e8re.\u00a0 Son design compact et fin lui permet d\u2019\u00eatre facilement d\u00e9plac\u00e9e d\u2019une pi\u00e8ce \u00e0&hellip;<\/p>\n","protected":false},"featured_media":5605,"template":"","meta":{"_seopress_robots_primary_cat":"none","_seopress_titles_title":"Table m\u00e9dicale de bain mobile mod\u00e8le Mobi Shower","_seopress_titles_desc":"Table m\u00e9dicale de bain, mobile avec r\u00e9glage de la hauteur motoris\u00e9. Une table de soins pour le bain de personnes soufrant d'un handicap.","_seopress_robots_index":""},"pwb-brand":[],"product_brand":[],"product_cat":[323,1076],"product_tag":[1216],"product_folder":[1032],"class_list":{"0":"post-5604","1":"product","2":"type-product","3":"status-publish","4":"has-post-thumbnail","6":"product_cat-lit-medicale","7":"product_cat-tous-les-articles-physio-medical","8":"product_tag-table-de-change","10":"first","11":"instock","12":"taxable","13":"shipping-taxable","14":"purchasable","15":"product-type-simple"},"exclude_global_add_ons":[],"addons":[],"brands":[],"_links":{"self":[{"href":"https:\/\/swissmassage.ch\/fr\/wp-json\/wp\/v2\/product\/5604","targetHints":{"allow":["GET"]}}],"collection":[{"href":"https:\/\/swissmassage.ch\/fr\/wp-json\/wp\/v2\/product"}],"about":[{"href":"https:\/\/swissmassage.ch\/fr\/wp-json\/wp\/v2\/types\/product"}],"wp:featuredmedia":[{"embeddable":true,"href":"https:\/\/swissmassage.ch\/fr\/wp-json\/wp\/v2\/media\/5605"}],"wp:attachment":[{"href":"https:\/\/swissmassage.ch\/fr\/wp-json\/wp\/v2\/media?parent=5604"}],"wp:term":[{"taxonomy":"pwb-brand","embeddable":true,"href":"https:\/\/swissmassage.ch\/fr\/wp-json\/wp\/v2\/pwb-brand?post=5604"},{"taxonomy":"product_brand","embeddable":true,"href":"https:\/\/swissmassage.ch\/fr\/wp-json\/wp\/v2\/product_brand?post=5604"},{"taxonomy":"product_cat","embeddable":true,"href":"https:\/\/swissmassage.ch\/fr\/wp-json\/wp\/v2\/product_cat?post=5604"},{"taxonomy":"product_tag","embeddable":true,"href":"https:\/\/swissmassage.ch\/fr\/wp-json\/wp\/v2\/product_tag?post=5604"},{"taxonomy":"product_folder","embeddable":true,"href":"https:\/\/swissmassage.ch\/fr\/wp-json\/wp\/v2\/product_folder?post=5604"}],"curies":[{"name":"wp","href":"https:\/\/api.w.org\/{rel}","templated":true}]}}