{"id":5608,"date":"2023-05-24T15:26:44","date_gmt":"2023-05-24T15:26:44","guid":{"rendered":"https:\/\/suissemassage.digichablais.ch\/?product=housse-micro-fibres-pour-coussin-facial-12-pieces"},"modified":"2026-04-20T16:32:01","modified_gmt":"2026-04-20T14:32:01","slug":"housse-micro-fibres-pour-coussin-facial-12-pieces","status":"publish","type":"product","link":"https:\/\/swissmassage.ch\/fr\/produits\/housse-micro-fibres-pour-coussin-facial-12-pieces\/","title":{"rendered":"Housse microfibre pour coussin facial 12 pi\u00e8ces 5 couleurs"},"content":{"rendered":"<h2 style=\"text-align: justify\">Housse pour coussin t\u00eati\u00e8re de table de massage.<\/h2>\n<p>Le paquet de 12 pi\u00e8ces de housses de protection lavables pour coussin facial de table de massage.<\/p>\n<p>Livrable dans toute la Suisse.<br \/>\nOu \u00e0 l&#8217;emporter directement dans notre atelier.<\/p>\n","protected":false},"excerpt":{"rendered":"<p>Housse pour coussin t\u00eati\u00e8re de table de massage. Le paquet de 12 pi\u00e8ces de housses de protection lavables pour coussin facial de table de massage. Livrable dans toute la Suisse. Ou \u00e0 l&#8217;emporter directement dans notre atelier.<\/p>\n","protected":false},"featured_media":19326,"template":"","meta":{"_seopress_robots_primary_cat":"none","_seopress_titles_title":"Housse microfibre pour coussin facial 12 pi\u00e8ces 5 couleurs","_seopress_titles_desc":"Housse pour coussin t\u00eati\u00e8re de table de massage. Le paquet de 12 pi\u00e8ces de housses de protection lavables pour coussin facial de table de massage.","_seopress_robots_index":""},"pwb-brand":[],"product_brand":[],"product_cat":[271,1079],"product_tag":[1093,1094],"product_folder":[1017],"class_list":{"0":"post-5608","1":"product","2":"type-product","3":"status-publish","4":"has-post-thumbnail","6":"product_cat-protection-table-de-massage","7":"product_cat-tous-les-accessoires-de-massage","8":"product_tag-housse-protection","9":"product_tag-protection","11":"first","12":"instock","13":"taxable","14":"shipping-taxable","15":"purchasable","16":"product-type-variable"},"exclude_global_add_ons":[],"addons":[],"brands":[],"_links":{"self":[{"href":"https:\/\/swissmassage.ch\/fr\/wp-json\/wp\/v2\/product\/5608","targetHints":{"allow":["GET"]}}],"collection":[{"href":"https:\/\/swissmassage.ch\/fr\/wp-json\/wp\/v2\/product"}],"about":[{"href":"https:\/\/swissmassage.ch\/fr\/wp-json\/wp\/v2\/types\/product"}],"wp:featuredmedia":[{"embeddable":true,"href":"https:\/\/swissmassage.ch\/fr\/wp-json\/wp\/v2\/media\/19326"}],"wp:attachment":[{"href":"https:\/\/swissmassage.ch\/fr\/wp-json\/wp\/v2\/media?parent=5608"}],"wp:term":[{"taxonomy":"pwb-brand","embeddable":true,"href":"https:\/\/swissmassage.ch\/fr\/wp-json\/wp\/v2\/pwb-brand?post=5608"},{"taxonomy":"product_brand","embeddable":true,"href":"https:\/\/swissmassage.ch\/fr\/wp-json\/wp\/v2\/product_brand?post=5608"},{"taxonomy":"product_cat","embeddable":true,"href":"https:\/\/swissmassage.ch\/fr\/wp-json\/wp\/v2\/product_cat?post=5608"},{"taxonomy":"product_tag","embeddable":true,"href":"https:\/\/swissmassage.ch\/fr\/wp-json\/wp\/v2\/product_tag?post=5608"},{"taxonomy":"product_folder","embeddable":true,"href":"https:\/\/swissmassage.ch\/fr\/wp-json\/wp\/v2\/product_folder?post=5608"}],"curies":[{"name":"wp","href":"https:\/\/api.w.org\/{rel}","templated":true}]}}