{"id":5610,"date":"2023-05-24T15:26:45","date_gmt":"2023-05-24T15:26:45","guid":{"rendered":"https:\/\/suissemassage.digichablais.ch\/?product=mecanique-tetiere-inclinable"},"modified":"2026-01-11T21:49:43","modified_gmt":"2026-01-11T20:49:43","slug":"mecanique-tetiere-inclinable","status":"publish","type":"product","link":"https:\/\/swissmassage.ch\/fr\/produits\/mecanique-tetiere-inclinable\/","title":{"rendered":"M\u00e9canique t\u00eati\u00e8re inclinable"},"content":{"rendered":"<h2 style=\"text-align: left\">M\u00e9canique t\u00eati\u00e8re inclinable pour table de massage.<\/h2>\n<p><span style=\"font-size: 10pt\">T\u00eati\u00e8re inclinable sur 2 axes.<br \/>\nDimensions de la fourche:<br \/>\n18 cm de tube \u00e0 tube.<br \/>\nDiam\u00e8tre des tubes: 1.8 cm.<br \/>\nTrous sur votre table: 20.5 cm d&rsquo;entraxe.<br \/>\nDiam\u00e8tre des trous: 2 cm.<br \/>\n<\/span><\/p>\n","protected":false},"excerpt":{"rendered":"<p>M\u00e9canique t\u00eati\u00e8re inclinable pour table de massage. T\u00eati\u00e8re inclinable sur 2 axes. Dimensions de la fourche: 18 cm de tube \u00e0 tube. Diam\u00e8tre des tubes: 1.8 cm. Trous sur votre table: 20.5 cm d&rsquo;entraxe. Diam\u00e8tre des trous: 2 cm.<\/p>\n","protected":false},"featured_media":5611,"template":"","meta":{"_seopress_robots_primary_cat":"none","_seopress_titles_title":"M\u00e9canique t\u00eati\u00e8re inclinable pour table de massage","_seopress_titles_desc":"M\u00e9canique t\u00eati\u00e8re inclinable pour table de massage. T\u00eati\u00e8re inclinable sur 2 axes.","_seopress_robots_index":""},"pwb-brand":[],"product_brand":[],"product_cat":[356,1079],"product_tag":[1057],"product_folder":[1030],"class_list":{"0":"post-5610","1":"product","2":"type-product","3":"status-publish","4":"has-post-thumbnail","6":"product_cat-accessoires-table-de-massage","7":"product_cat-tous-les-accessoires-de-massage","8":"product_tag-tetiere","10":"first","11":"instock","12":"taxable","13":"shipping-taxable","14":"purchasable","15":"product-type-simple"},"exclude_global_add_ons":[],"addons":[],"brands":[],"_links":{"self":[{"href":"https:\/\/swissmassage.ch\/fr\/wp-json\/wp\/v2\/product\/5610","targetHints":{"allow":["GET"]}}],"collection":[{"href":"https:\/\/swissmassage.ch\/fr\/wp-json\/wp\/v2\/product"}],"about":[{"href":"https:\/\/swissmassage.ch\/fr\/wp-json\/wp\/v2\/types\/product"}],"wp:featuredmedia":[{"embeddable":true,"href":"https:\/\/swissmassage.ch\/fr\/wp-json\/wp\/v2\/media\/5611"}],"wp:attachment":[{"href":"https:\/\/swissmassage.ch\/fr\/wp-json\/wp\/v2\/media?parent=5610"}],"wp:term":[{"taxonomy":"pwb-brand","embeddable":true,"href":"https:\/\/swissmassage.ch\/fr\/wp-json\/wp\/v2\/pwb-brand?post=5610"},{"taxonomy":"product_brand","embeddable":true,"href":"https:\/\/swissmassage.ch\/fr\/wp-json\/wp\/v2\/product_brand?post=5610"},{"taxonomy":"product_cat","embeddable":true,"href":"https:\/\/swissmassage.ch\/fr\/wp-json\/wp\/v2\/product_cat?post=5610"},{"taxonomy":"product_tag","embeddable":true,"href":"https:\/\/swissmassage.ch\/fr\/wp-json\/wp\/v2\/product_tag?post=5610"},{"taxonomy":"product_folder","embeddable":true,"href":"https:\/\/swissmassage.ch\/fr\/wp-json\/wp\/v2\/product_folder?post=5610"}],"curies":[{"name":"wp","href":"https:\/\/api.w.org\/{rel}","templated":true}]}}