{"id":5612,"date":"2023-05-24T15:26:45","date_gmt":"2023-05-24T15:26:45","guid":{"rendered":"https:\/\/suissemassage.digichablais.ch\/?product=drap-d-examen-non-tisse-lavable-80x210-cm-boite-10-pieces-2"},"modified":"2026-04-20T16:29:47","modified_gmt":"2026-04-20T14:29:47","slug":"drap-d-examen-non-tisse-lavable-80x210-cm-boite-10-pieces-2","status":"publish","type":"product","link":"https:\/\/swissmassage.ch\/fr\/produits\/drap-d-examen-non-tisse-lavable-80x210-cm-boite-10-pieces-2\/","title":{"rendered":"Draps d&rsquo;examens m\u00e9dicaux lavable 80&#215;200 cm bo\u00eete de 10 pcs 50g."},"content":{"rendered":"<h2>Drap pour table d\u2019examens m\u00e9dicaux de qualit\u00e9 feuille \u00e0 feuille PP 50g, r\u00e9sistant et agr\u00e9able au toucher et lavable 200x.<\/h2>\n<p><span style=\"font-size: 10pt\">Lavable plus de 200 fois sans perdre sa forme<br \/>\nPour une utilisation pratique et durable<br \/>\nR\u00e9sistant aux froissures et aux d\u00e9chirures, 4 x plus d&rsquo;espace dans la machine<br \/>\nR\u00e9duction des co\u00fbts de 90% par rapport aux couvertures traditionnelles<br \/>\nRespectueux de la peau, recyclable<br \/>\nDimensions : 200 x 80 cm, contenu 10 pi\u00e8ces<\/span><\/p>\n<h2>Quelques astuces pour le lavage et le s\u00e9chage.<\/h2>\n<p><span style=\"font-size: 10pt\"><span style=\"font-size: 10pt\">Nous vous recommandons de laver les draps \u00e0 60\u00b0 et de les d\u00e9plier voir les froisser, de mani\u00e8re qu&rsquo;ils ne pr\u00e9sentent pas d&rsquo;angles ou de plis, surtout lorsqu&rsquo;ils sont neufs, et pr\u00e9conisons l\u2019utilisation d\u2019un filet de lavage.<br \/>\nAu bout de quelques lavages, leur texture devient plus souple et plus douce<\/span>. Pour le s\u00e9chage, quelques minutes dans le s\u00e8che- linge suffisent. Vous pouvez \u00e9galement \u00e9tendre les draps normalement apr\u00e8s essorage.<br \/>\nConseil : 1 drap par patient pour un cycle de traitement. Donnez au patient une feuille de fibres de lavage \u00e0 emporter chez lui et \u00e0 ramener \u00e0 chaque traitement.<\/span><\/p>\n<p style=\"text-align: left\"><span style=\"font-size: 10pt\">Livrable dans toute la Suisse. Ou \u00e0 l&#8217;emporter directement dans notre atelier.<br \/>\nMarque d\u00e9pos\u00e9e SWISSMASSAGE, garantie de s\u00e9rieux et de suivi.<\/span><\/p>\n","protected":false},"excerpt":{"rendered":"<p>Drap pour table d\u2019examens m\u00e9dicaux de qualit\u00e9 feuille \u00e0 feuille PP 50g, r\u00e9sistant et agr\u00e9able au toucher et lavable 200x. Lavable plus de 200 fois sans perdre sa forme Pour une utilisation pratique et durable R\u00e9sistant aux froissures et aux d\u00e9chirures, 4 x plus d&rsquo;espace dans la machine R\u00e9duction des co\u00fbts de 90% par rapport&hellip;<\/p>\n","protected":false},"featured_media":3386,"template":"","meta":{"_seopress_robots_primary_cat":"none","_seopress_titles_title":"Draps d'examens m\u00e9dicaux lavable 80x200 cm bo\u00eete de 10 pcs 50g","_seopress_titles_desc":"Drap pour table d\u2019examens m\u00e9dicaux de qualit\u00e9 feuille \u00e0 feuille PP 50g, r\u00e9sistant et agr\u00e9able au toucher et lavable 200x.","_seopress_robots_index":""},"pwb-brand":[],"product_brand":[],"product_cat":[271,1079],"product_tag":[1090,1091,1092],"product_folder":[1017],"class_list":{"0":"post-5612","1":"product","2":"type-product","3":"status-publish","4":"has-post-thumbnail","6":"product_cat-protection-table-de-massage","7":"product_cat-tous-les-accessoires-de-massage","8":"product_tag-drap","9":"product_tag-drap-lavable","10":"product_tag-draps-medicaux","12":"first","13":"instock","14":"taxable","15":"shipping-taxable","16":"purchasable","17":"product-type-simple"},"exclude_global_add_ons":[],"addons":[],"brands":[],"_links":{"self":[{"href":"https:\/\/swissmassage.ch\/fr\/wp-json\/wp\/v2\/product\/5612","targetHints":{"allow":["GET"]}}],"collection":[{"href":"https:\/\/swissmassage.ch\/fr\/wp-json\/wp\/v2\/product"}],"about":[{"href":"https:\/\/swissmassage.ch\/fr\/wp-json\/wp\/v2\/types\/product"}],"wp:featuredmedia":[{"embeddable":true,"href":"https:\/\/swissmassage.ch\/fr\/wp-json\/wp\/v2\/media\/3386"}],"wp:attachment":[{"href":"https:\/\/swissmassage.ch\/fr\/wp-json\/wp\/v2\/media?parent=5612"}],"wp:term":[{"taxonomy":"pwb-brand","embeddable":true,"href":"https:\/\/swissmassage.ch\/fr\/wp-json\/wp\/v2\/pwb-brand?post=5612"},{"taxonomy":"product_brand","embeddable":true,"href":"https:\/\/swissmassage.ch\/fr\/wp-json\/wp\/v2\/product_brand?post=5612"},{"taxonomy":"product_cat","embeddable":true,"href":"https:\/\/swissmassage.ch\/fr\/wp-json\/wp\/v2\/product_cat?post=5612"},{"taxonomy":"product_tag","embeddable":true,"href":"https:\/\/swissmassage.ch\/fr\/wp-json\/wp\/v2\/product_tag?post=5612"},{"taxonomy":"product_folder","embeddable":true,"href":"https:\/\/swissmassage.ch\/fr\/wp-json\/wp\/v2\/product_folder?post=5612"}],"curies":[{"name":"wp","href":"https:\/\/api.w.org\/{rel}","templated":true}]}}