{"id":5613,"date":"2023-05-24T15:26:47","date_gmt":"2023-05-24T15:26:47","guid":{"rendered":"https:\/\/suissemassage.digichablais.ch\/?product=cuirnet-cleaner-entretien-et-nettoyage-1-litre"},"modified":"2026-04-24T11:32:39","modified_gmt":"2026-04-24T09:32:39","slug":"cuirnet-cleaner-entretien-et-nettoyage-1-litre","status":"publish","type":"product","link":"https:\/\/swissmassage.ch\/fr\/produits\/cuirnet-cleaner-entretien-et-nettoyage-1-litre\/","title":{"rendered":"Cuirnet Cleaner entretien et nettoyage 1 litre"},"content":{"rendered":"<h2>CUIRNET Cleaner \u2013 ENTRETIEN ET NETTOYAGE flacon de 1 litre.<\/h2>\n<p><span style=\"font-size: 10pt\">Liquide clair et sans odeur, Cuirnet Cleaner est un agent nettoyant concentr\u00e9 pour mobilier m\u00e9dical \u00e0 couche de finition plastifi\u00e9e.<\/span><br \/>\n<span style=\"font-size: 10pt\">il peut \u00eatre utilis\u00e9 pur ou dilu\u00e9 \u00e0 l&rsquo;eau, il convient pour l&rsquo;entretien p\u00e9riodique.<\/span><br \/>\n<span style=\"font-size: 10pt\">S&rsquo;il est utilis\u00e9 correctement, le produit ne laisse ni trace ni r\u00e9sidu.<\/span><br \/>\n<span style=\"font-size: 10pt\">Composition respectueuse de l&rsquo;environnement : ne contient ni ammoniaque ni<\/span><br \/>\n<span style=\"font-size: 10pt\">phosphate<\/span>.<\/p>\n<h2>MODE D\u2019EMPLOI<\/h2>\n<p><span style=\"font-size: 10pt\">Pour le nettoyage normal:<\/span><br \/>\n<span style=\"font-size: 10pt\">Diluer 10% de CUIRNET Cleaner dans d&rsquo;eau ti\u00e8de. Appliquer le produit dilu\u00e9 \u00e0<\/span><br \/>\n<span style=\"font-size: 10pt\">l&rsquo;aide d&rsquo;une \u00e9ponge sur la surface douce. S\u00e9cher avec un chiffon bien absorbant. Il<\/span><br \/>\n<span style=\"font-size: 10pt\">est \u00e9galement possible d&rsquo;appliquer le CUIRNET Cleaner par aspersion directe sur la<\/span><br \/>\n<span style=\"font-size: 10pt\">surface \u00e0 nettoyer.<\/span><br \/>\n<span style=\"font-size: 10pt\">Pour le nettoyage des surfaces tr\u00e8s sales:<\/span><br \/>\n<span style=\"font-size: 10pt\">appliquer le CUIRNET Cleaner non dilu\u00e9 sur un chiffon ou une \u00e9ponge et nettoyer la<\/span><br \/>\n<span style=\"font-size: 10pt\">surface voulue. Pour \u00e9viter toute trace ou r\u00e9sidu, il est conseill\u00e9 de bien rincer avec<\/span><br \/>\n<span style=\"font-size: 10pt\">une \u00e9ponge ou un chiffon tr\u00e8s absorbant bien essor\u00e9(e). Rincer l&rsquo;\u00e9ponge ou le chiffon<\/span><br \/>\n<span style=\"font-size: 10pt\">r\u00e9guli\u00e8rement \u00e0 l&rsquo;eau claire.<\/span><\/p>\n<h2>CONSERVATION<\/h2>\n<p><span style=\"font-size: 10pt\">Conserver \u00e0 l&rsquo;abri du gel.<\/span><br \/>\n<span style=\"font-size: 10pt\">Si le produit g\u00e8le, laisser d\u00e9geler jusqu&rsquo;\u00e0 ce que le produit retrouve une consistance<\/span><br \/>\n<span style=\"font-size: 10pt\">bien homog\u00e8ne.<\/span><\/p>\n","protected":false},"excerpt":{"rendered":"<p>CUIRNET Cleaner \u2013 ENTRETIEN ET NETTOYAGE flacon de 1 litre. Liquide clair et sans odeur, Cuirnet Cleaner est un agent nettoyant concentr\u00e9 pour mobilier m\u00e9dical \u00e0 couche de finition plastifi\u00e9e. il peut \u00eatre utilis\u00e9 pur ou dilu\u00e9 \u00e0 l&rsquo;eau, il convient pour l&rsquo;entretien p\u00e9riodique. S&rsquo;il est utilis\u00e9 correctement, le produit ne laisse ni trace ni&hellip;<\/p>\n","protected":false},"featured_media":6460,"template":"","meta":{"_seopress_robots_primary_cat":"none","_seopress_titles_title":"Cuirnet Cleaner entretien et nettoyage 1 litre","_seopress_titles_desc":"Liquide clair et sans odeur, Cuirnet Cleaner est un agent nettoyant concentr\u00e9 pour mobilier m\u00e9dical \u00e0 couche de finition plastifi\u00e9e.","_seopress_robots_index":""},"pwb-brand":[],"product_brand":[],"product_cat":[360,1079],"product_tag":[1119,1118,1120],"product_folder":[1018],"class_list":{"0":"post-5613","1":"product","2":"type-product","3":"status-publish","4":"has-post-thumbnail","6":"product_cat-nettoyage-et-desinfectant","7":"product_cat-tous-les-accessoires-de-massage","8":"product_tag-desinfection","9":"product_tag-entretien","10":"product_tag-nettoyage","12":"first","13":"instock","14":"taxable","15":"shipping-taxable","16":"purchasable","17":"product-type-simple"},"exclude_global_add_ons":[],"addons":[],"brands":[],"_links":{"self":[{"href":"https:\/\/swissmassage.ch\/fr\/wp-json\/wp\/v2\/product\/5613","targetHints":{"allow":["GET"]}}],"collection":[{"href":"https:\/\/swissmassage.ch\/fr\/wp-json\/wp\/v2\/product"}],"about":[{"href":"https:\/\/swissmassage.ch\/fr\/wp-json\/wp\/v2\/types\/product"}],"wp:featuredmedia":[{"embeddable":true,"href":"https:\/\/swissmassage.ch\/fr\/wp-json\/wp\/v2\/media\/6460"}],"wp:attachment":[{"href":"https:\/\/swissmassage.ch\/fr\/wp-json\/wp\/v2\/media?parent=5613"}],"wp:term":[{"taxonomy":"pwb-brand","embeddable":true,"href":"https:\/\/swissmassage.ch\/fr\/wp-json\/wp\/v2\/pwb-brand?post=5613"},{"taxonomy":"product_brand","embeddable":true,"href":"https:\/\/swissmassage.ch\/fr\/wp-json\/wp\/v2\/product_brand?post=5613"},{"taxonomy":"product_cat","embeddable":true,"href":"https:\/\/swissmassage.ch\/fr\/wp-json\/wp\/v2\/product_cat?post=5613"},{"taxonomy":"product_tag","embeddable":true,"href":"https:\/\/swissmassage.ch\/fr\/wp-json\/wp\/v2\/product_tag?post=5613"},{"taxonomy":"product_folder","embeddable":true,"href":"https:\/\/swissmassage.ch\/fr\/wp-json\/wp\/v2\/product_folder?post=5613"}],"curies":[{"name":"wp","href":"https:\/\/api.w.org\/{rel}","templated":true}]}}