{"id":5627,"date":"2023-05-24T15:26:55","date_gmt":"2023-05-24T15:26:55","guid":{"rendered":"https:\/\/suissemassage.digichablais.ch\/?product=pierres-chaudes-set-45-pieces"},"modified":"2026-04-16T15:20:10","modified_gmt":"2026-04-16T13:20:10","slug":"pierres-chaudes-set-45-pieces","status":"publish","type":"product","link":"https:\/\/swissmassage.ch\/fr\/produits\/pierres-chaudes-set-45-pieces\/","title":{"rendered":"Pierres Chaudes set 45 pi\u00e8ces"},"content":{"rendered":"<h2 style=\"text-align: left\">Set 45 Pierres chaudes pour massages aux pierres chaudes.<\/h2>\n<p><span style=\"font-size: 10pt\">Set de 45 pierres en basalte. Le coffret comprend des<br \/>\npierres ovales et plates de plusieurs dimensions : 1<br \/>\nextra-grande (plexus solaire), 10 grandes (dos, cuisses<br \/>\net sacrum),14 moyennes (bras, mollets et pieds), 6<br \/>\npetites (front, cr\u00e2ne et partie post\u00e9rieure de la t\u00eate), 8<br \/>\npour les orteils, 2 mini-pierres (points de pression dos<br \/>\net cou), 2 pour les contours faciaux et 2 pierres froides<br \/>\nen marbre blanc.<\/span><\/p>\n<p><span style=\"font-size: 10pt\">Hot stones for massage<br \/>\nDimensions: 35,5x20x7cm<br \/>\nPoids: 5,7Kg<\/span><\/p>\n<p><span style=\"font-size: 10pt\">Extra-large stones : 1(solar plexus)<br \/>\nLarge stones:10 (back thighs and sacrum)<br \/>\nSmall stones: 6<br \/>\n(forehead, top and back of the head)<br \/>\nToe stones: 8<br \/>\nDeep tissue stones: 2<br \/>\nContour stones: 2 (for the eyes)<br \/>\nMarble stones: 2 (for cold therapy)<\/span><\/p>\n<p><span style=\"font-size: 10pt\">PACKING SIZE cm<br \/>\n38x21x8<br \/>\nN.W. kg<br \/>\n5,7<br \/>\nG.W. 6 kg<\/span><\/p>\n<p>&nbsp;<\/p>\n","protected":false},"excerpt":{"rendered":"<p>Set 45 Pierres chaudes pour massages aux pierres chaudes. Set de 45 pierres en basalte. Le coffret comprend des pierres ovales et plates de plusieurs dimensions : 1 extra-grande (plexus solaire), 10 grandes (dos, cuisses et sacrum),14 moyennes (bras, mollets et pieds), 6 petites (front, cr\u00e2ne et partie post\u00e9rieure de la t\u00eate), 8 pour les&hellip;<\/p>\n","protected":false},"featured_media":5628,"template":"","meta":{"_seopress_robots_primary_cat":"none","_seopress_titles_title":"","_seopress_titles_desc":"Set 45 Pierres chaudes pour massages aux pierres chaudes. Le coffret comprend des\r\npierres ovales et plates de plusieurs dimensions.","_seopress_robots_index":""},"pwb-brand":[],"product_brand":[],"product_cat":[272,1079],"product_tag":[1124,1123,1122],"product_folder":[1002,1121],"class_list":{"0":"post-5627","1":"product","2":"type-product","3":"status-publish","4":"has-post-thumbnail","6":"product_cat-pierres-chaudes","7":"product_cat-tous-les-accessoires-de-massage","8":"product_tag-hot-stones-massage","9":"product_tag-massage-pierres-chaudes","10":"product_tag-pierres","12":"first","13":"instock","14":"taxable","15":"shipping-taxable","16":"purchasable","17":"product-type-simple"},"exclude_global_add_ons":[],"addons":[],"brands":[],"_links":{"self":[{"href":"https:\/\/swissmassage.ch\/fr\/wp-json\/wp\/v2\/product\/5627","targetHints":{"allow":["GET"]}}],"collection":[{"href":"https:\/\/swissmassage.ch\/fr\/wp-json\/wp\/v2\/product"}],"about":[{"href":"https:\/\/swissmassage.ch\/fr\/wp-json\/wp\/v2\/types\/product"}],"wp:featuredmedia":[{"embeddable":true,"href":"https:\/\/swissmassage.ch\/fr\/wp-json\/wp\/v2\/media\/5628"}],"wp:attachment":[{"href":"https:\/\/swissmassage.ch\/fr\/wp-json\/wp\/v2\/media?parent=5627"}],"wp:term":[{"taxonomy":"pwb-brand","embeddable":true,"href":"https:\/\/swissmassage.ch\/fr\/wp-json\/wp\/v2\/pwb-brand?post=5627"},{"taxonomy":"product_brand","embeddable":true,"href":"https:\/\/swissmassage.ch\/fr\/wp-json\/wp\/v2\/product_brand?post=5627"},{"taxonomy":"product_cat","embeddable":true,"href":"https:\/\/swissmassage.ch\/fr\/wp-json\/wp\/v2\/product_cat?post=5627"},{"taxonomy":"product_tag","embeddable":true,"href":"https:\/\/swissmassage.ch\/fr\/wp-json\/wp\/v2\/product_tag?post=5627"},{"taxonomy":"product_folder","embeddable":true,"href":"https:\/\/swissmassage.ch\/fr\/wp-json\/wp\/v2\/product_folder?post=5627"}],"curies":[{"name":"wp","href":"https:\/\/api.w.org\/{rel}","templated":true}]}}