{"id":5630,"date":"2023-05-24T15:26:56","date_gmt":"2023-05-24T15:26:56","guid":{"rendered":"https:\/\/suissemassage.digichablais.ch\/?product=massage-pierres-chaudes-kit-45-et-chauffe-pierres-2"},"modified":"2026-04-01T19:57:58","modified_gmt":"2026-04-01T17:57:58","slug":"massage-pierres-chaudes-kit-45-et-chauffe-pierres-2","status":"publish","type":"product","link":"https:\/\/swissmassage.ch\/fr\/produits\/massage-pierres-chaudes-kit-45-et-chauffe-pierres-2\/","title":{"rendered":"Massage Pierres Chaudes Kit 45 et Chauffe Pierres"},"content":{"rendered":"<h2>Kit 45 Pierres chaudes pour massages aux pierres chaudes avec four medium 6 litres.<\/h2>\n<p><span style=\"font-size: 10pt\">Set de 45 pierres en basalte. Le coffret comprend des<br \/>\npierres ovales et plates de plusieurs dimensions : 1<br \/>\nextra-grande (plexus solaire), 10 grandes (dos, cuisses<br \/>\net sacrum),14 moyennes (bras, mollets et pieds), 6<br \/>\npetites (front, cr\u00e2ne et partie post\u00e9rieure de la t\u00eate), 8<br \/>\npour les orteils, 2 mini-pierres (points de pression dos<br \/>\net cou), 2 pour les contours faciaux et 2 pierres froides<br \/>\nen marbre blanc.<\/span><\/p>\n<p><span style=\"font-size: 10pt\">Hot stones for massage<br \/>\nRef. WKS014<br \/>\nSize: 35,5x20x7cm<br \/>\nWeight: 5,7Kg<\/span><\/p>\n<p><span style=\"font-size: 10pt\">Extra-large stones : 1(solar plexus)<br \/>\nLarge stones:10 (back thighs and sacrum)<br \/>\nSmall stones: 6<br \/>\n(forehead, top and back of the head)<br \/>\nToe stones: 8<br \/>\nDeep tissue stones: 2<br \/>\nContour stones: 2 (for the eyes)<br \/>\nMarble stones: 2 (for cold therapy)<\/span><\/p>\n<p><span style=\"font-size: 10pt\">PACKING SIZE cm 38x21x8<br \/>\nN.W. kg 5,7<br \/>\nG.W. kg 6<\/span><\/p>\n<h2>Four Chauffe-pierres medium.<\/h2>\n<p>A<span dir=\"ltr\" role=\"presentation\">vec \u00e9cran digital. Il maintient une<\/span><br role=\"presentation\" \/><span dir=\"ltr\" role=\"presentation\">temp\u00e9rature constante entre 40\u00baC et 50\u00baC. Cuill\u00e8re<\/span><br role=\"presentation\" \/><span dir=\"ltr\" role=\"presentation\">comprise. Capacit\u00e9: 6 litres.<\/span><\/p>\n<p><span style=\"font-size: 10pt\"><span dir=\"ltr\" role=\"presentation\">input voltage:<\/span> <span dir=\"ltr\" role=\"presentation\">220 ~ 240V<\/span><br role=\"presentation\" \/><span dir=\"ltr\" role=\"presentation\">Input frequency:<\/span> <span dir=\"ltr\" role=\"presentation\">50Hz\/60Hz<\/span><br role=\"presentation\" \/><span dir=\"ltr\" role=\"presentation\">Power:<\/span> <span dir=\"ltr\" role=\"presentation\">750W<\/span><\/span><br \/>\n<span dir=\"ltr\" role=\"presentation\">Working temperature:<\/span> <span dir=\"ltr\" role=\"presentation\">40-50\u00baC<\/span><br role=\"presentation\" \/><span dir=\"ltr\" role=\"presentation\">Capacity:<\/span> <span dir=\"ltr\" role=\"presentation\">6l.<\/span><br \/>\n<span dir=\"ltr\" role=\"presentation\">Size: 47&#215;29,5&#215;25 cm<\/span><br role=\"presentation\" \/><span dir=\"ltr\" role=\"presentation\">Weight: 3,7 Kg<\/span>.<\/p>\n<h2>Utilisation conseill\u00e9e du kit de massage aux pierres chaudes .<\/h2>\n<p><span style=\"font-size: 10pt\">Enlevez le bac de r\u00e9cup\u00e9ration et travaillez directement dans la cuve principale,<br \/>\nremplie d\u2019eau jusqu\u2019\u00e0 la moiti\u00e9 de la hauteur, et y d\u00e9poser les pierres.<br \/>\nR\u00e9glez votre temp\u00e9rature de travail sachant qu\u2019au-dessus de 50\u00b0 la sensation peut \u00eatre d\u00e9sagr\u00e9able, il faudra dialoguer avec le patient afin de trouver la temp\u00e9rature id\u00e9ale.<br \/>\nUtilisez la spatule pour prendre les pierres dans l\u2019eau.<br \/>\nApr\u00e8s l\u2019utilisation, vous pouvez laver les pierres et la cuve avec de l\u2019eau et du produit de vaisselle.<br \/>\nLaissez s\u00e9cher les \u00e9quipements et les pierres avant de les ranger.<\/span><\/p>\n","protected":false},"excerpt":{"rendered":"<p>Kit 45 Pierres chaudes pour massages aux pierres chaudes avec four medium 6 litres. Set de 45 pierres en basalte. Le coffret comprend des pierres ovales et plates de plusieurs dimensions : 1 extra-grande (plexus solaire), 10 grandes (dos, cuisses et sacrum),14 moyennes (bras, mollets et pieds), 6 petites (front, cr\u00e2ne et partie post\u00e9rieure de&hellip;<\/p>\n","protected":false},"featured_media":5631,"template":"","meta":{"_seopress_robots_primary_cat":"none","_seopress_titles_title":"Massage Pierres Chaudes Kit 45 et Chauffe Pierres","_seopress_titles_desc":"Kit 45 Pierres chaudes pour massages aux pierres chaudes avec four medium 6 litres. Le coffret comprend des pierres ovales et plates de plusieurs dimensions.","_seopress_robots_index":""},"pwb-brand":[],"product_brand":[],"product_cat":[272,1079],"product_tag":[1124,1123,1122],"product_folder":[1002,1121],"class_list":{"0":"post-5630","1":"product","2":"type-product","3":"status-publish","4":"has-post-thumbnail","6":"product_cat-pierres-chaudes","7":"product_cat-tous-les-accessoires-de-massage","8":"product_tag-hot-stones-massage","9":"product_tag-massage-pierres-chaudes","10":"product_tag-pierres","12":"first","13":"instock","14":"taxable","15":"shipping-taxable","16":"purchasable","17":"product-type-simple"},"exclude_global_add_ons":[],"addons":[],"brands":[],"_links":{"self":[{"href":"https:\/\/swissmassage.ch\/fr\/wp-json\/wp\/v2\/product\/5630","targetHints":{"allow":["GET"]}}],"collection":[{"href":"https:\/\/swissmassage.ch\/fr\/wp-json\/wp\/v2\/product"}],"about":[{"href":"https:\/\/swissmassage.ch\/fr\/wp-json\/wp\/v2\/types\/product"}],"wp:featuredmedia":[{"embeddable":true,"href":"https:\/\/swissmassage.ch\/fr\/wp-json\/wp\/v2\/media\/5631"}],"wp:attachment":[{"href":"https:\/\/swissmassage.ch\/fr\/wp-json\/wp\/v2\/media?parent=5630"}],"wp:term":[{"taxonomy":"pwb-brand","embeddable":true,"href":"https:\/\/swissmassage.ch\/fr\/wp-json\/wp\/v2\/pwb-brand?post=5630"},{"taxonomy":"product_brand","embeddable":true,"href":"https:\/\/swissmassage.ch\/fr\/wp-json\/wp\/v2\/product_brand?post=5630"},{"taxonomy":"product_cat","embeddable":true,"href":"https:\/\/swissmassage.ch\/fr\/wp-json\/wp\/v2\/product_cat?post=5630"},{"taxonomy":"product_tag","embeddable":true,"href":"https:\/\/swissmassage.ch\/fr\/wp-json\/wp\/v2\/product_tag?post=5630"},{"taxonomy":"product_folder","embeddable":true,"href":"https:\/\/swissmassage.ch\/fr\/wp-json\/wp\/v2\/product_folder?post=5630"}],"curies":[{"name":"wp","href":"https:\/\/api.w.org\/{rel}","templated":true}]}}