{"id":5640,"date":"2023-05-24T15:27:03","date_gmt":"2023-05-24T15:27:03","guid":{"rendered":"https:\/\/suissemassage.digichablais.ch\/?product=table-de-massage-legere-modele-plume"},"modified":"2026-04-16T15:19:52","modified_gmt":"2026-04-16T13:19:52","slug":"table-de-massage-legere-modele-plume","status":"publish","type":"product","link":"https:\/\/swissmassage.ch\/fr\/produits\/table-de-massage-legere-modele-plume\/","title":{"rendered":"Table de massage l\u00e9g\u00e8re Mod\u00e8le Plume"},"content":{"rendered":"<h2 class=\"rouge\">Table de Massage l\u00e9g\u00e8re mod\u00e8le Plume 10.5 kg avec housse de transport offerte.<\/h2>\n<p>Description de la table de massage portable mod\u00e8le Plume blanche:<br \/>\nLa table de massage portable mod\u00e8le Plume est un mod\u00e8le unique\u00a0d\u00e9velopp\u00e9 pour r\u00e9pondre aux attentes des th\u00e9rapeutes itin\u00e9rants.<br \/>\nNous avons cr\u00e9\u00e9 la table Plume en utilisant des mat\u00e9riaux les plus l\u00e9gers comme l\u2019aluminium, la mousse de 6 cm ultra l\u00e9g\u00e8re et la toile Hamac de soutient en mat\u00e9riaux composites. Ce sont des techniques innovantes qui rendent ce mod\u00e8le unique tr\u00e8s l\u00e9ger et hyper agr\u00e9able \u00e0 l\u2019utilisation, elle s\u2019adapte \u00e0 toutes les techniques de massages ou de soins \u00e0 domicile. Son rev\u00eatement en Polyur\u00e9thane blanc, caract\u00e9rise souplesse et fermet\u00e9. Il contribue \u00e0 la sensation de confort en restituant pleinement les propri\u00e9t\u00e9s de la mousse.<br \/>\nSes dimensions ont \u00e9t\u00e9 \u00e9tudi\u00e9es pour r\u00e9pondre aux exigences des th\u00e9rapeutes et \u00e0 l\u2019\u00e9volution physique des patients.<br \/>\nElle est facile \u00e0 manipuler et \u00e0 transporter car elle ne p\u00e8se que 10.5 kg. s\u2019ouvre ou se referme en 10 secondes sans effort, gr\u00e2ce \u00e0 ses poign\u00e9es souples en utilisant la technique du bras de levier.<br \/>\nSa t\u00eati\u00e8re inclinable, compos\u00e9e de son coussin facial ergonomique et de son repose bras, att\u00e9ne la pression sur le visage lorsque le patient re\u00e7oit, par exemple, un massage du dos.<br \/>\nElle peut aussi \u00eatre utilis\u00e9e comme appuis t\u00eate et comme rallonge de 25cm afin de recevoir des patients de grande taille.<br \/>\nElle se r\u00e9duit directement \u00e0 l\u2019int\u00e9rieur de la table de massage.<br \/>\nLe mod\u00e8le Plume se range ais\u00e9ment dans sa housse de transport incluse, \u00e9quip\u00e9e de poign\u00e9es et d\u2019une sangle ajustable \u00e0 l\u2019\u00e9paule, qui facilitent son transport.<br \/>\nLes pieds r\u00e8glent la hauteur de la table de massage de 65cm \u00e0 86cm, ils se terminent par des dessous de pieds en gomme de type vibr\u00e2mes qui emp\u00eachent tout glissement m\u00eame lors d\u2019un massage appuy\u00e9. La table de massage Plume, r\u00e9sulte du d\u00e9veloppement et de l\u2019exp\u00e9rience h\u00e9rit\u00e9e depuis la cr\u00e9ation de la soci\u00e9t\u00e9 Swissmassage en 2005, elle fait partie des \u00e9quipements qui \u00e9voluent et contribuent \u00e0 notre excellente r\u00e9putation.<br \/>\nElle se distingue par ses dimensions 72cm de large, 185cm de long + 25cm pour la t\u00eati\u00e8re orientable, qui correspondent aux besoins des th\u00e9rapeutes itin\u00e9rants qui suivent des sportifs ou qui se rendent \u00e0 domicile. Elle est tr\u00e8s appr\u00e9ci\u00e9e aussi par des th\u00e9rapeutes qui pratiquent en cabinet.<br \/>\nLes mat\u00e9riaux utilis\u00e9s pour sa fabrication et son design correspondent aux standards haut de gamme des tables de massage portables.<\/p>\n<p>Swissmassage est une marque d\u00e9pos\u00e9e, cela vous offre la garantie de s\u00e9rieux et de suivi tout au long de votre activit\u00e9.<br \/>\nNotre atelier dispose de toutes les pi\u00e8ces de rechange. En cas d\u2019entretien ou de r\u00e9paration, nous mettons \u00e0 disposition une autre table de massage.<\/p>\n<h2>R\u00e9sum\u00e9 technique table de massage mod\u00e8le Plume :<\/h2>\n<p>Rev\u00eatement en Polyur\u00e9thane blanc extr\u00eamement souple et r\u00e9sistant.<br \/>\nMousse hyper confortable.<br \/>\nStructure en aluminium l\u00e9g\u00e8re.<br \/>\nDimensions 185cm de long par 72cm de large.<br \/>\nHauteur r\u00e9glable de 65cm \u00e0 85cm.<br \/>\nMousse 6 cm.<br \/>\nPoids de la table de massage Plume 10.5 kg<br \/>\nElle supporte 200kg en actif.<br \/>\nFacile \u00e0 manipuler, ouverture et fermeture en 10 secondes.<br \/>\nPoign\u00e9es de transport en mode valise.<br \/>\nHousse de transport incluse.<br \/>\nT\u00eati\u00e8re inclinable sur 2 axes, utilisable des deux c\u00f4t\u00e9s de la table de massage.<br \/>\nCoussin facial tr\u00e8s doux mont\u00e9 sur velcro pour un r\u00e9glage pr\u00e9cis.<br \/>\nRepose bras sous la t\u00eati\u00e8re, att\u00e9nue la pression sur le visage.<br \/>\nRangement des accessoires \u00e0 l&rsquo;int\u00e9rieur de la table de massage.<br \/>\nPieds type gomme vibram, garantie de stabilit\u00e9.<\/p>\n","protected":false},"excerpt":{"rendered":"<p>Table de Massage l\u00e9g\u00e8re mod\u00e8le Plume 10.5 kg avec housse de transport offerte. Description de la table de massage portable mod\u00e8le Plume blanche: La table de massage portable mod\u00e8le Plume est un mod\u00e8le unique\u00a0d\u00e9velopp\u00e9 pour r\u00e9pondre aux attentes des th\u00e9rapeutes itin\u00e9rants. Nous avons cr\u00e9\u00e9 la table Plume en utilisant des mat\u00e9riaux les plus l\u00e9gers comme&hellip;<\/p>\n","protected":false},"featured_media":5641,"template":"","meta":{"_seopress_robots_primary_cat":"none","_seopress_titles_title":"","_seopress_titles_desc":"La table de massage portable mod\u00e8le Plume est un mod\u00e8le unique\u00a0d\u00e9velopp\u00e9 pour r\u00e9pondre aux attentes des th\u00e9rapeutes itin\u00e9rants.","_seopress_robots_index":""},"pwb-brand":[],"product_brand":[],"product_cat":[211,1075],"product_tag":[1131,1064,1173,1172],"product_folder":[993],"class_list":{"0":"post-5640","1":"product","2":"type-product","3":"status-publish","4":"has-post-thumbnail","6":"product_cat-table-de-massage-pliable","7":"product_cat-tous-les-articles-de-massage","8":"product_tag-massage","9":"product_tag-table-de-massage","10":"product_tag-table-de-massage-pliable","11":"product_tag-table-de-massage-portable","12":"product_shipping_class-swisspost-encombrant","14":"first","15":"instock","16":"sale","17":"taxable","18":"shipping-taxable","19":"purchasable","20":"product-type-simple"},"exclude_global_add_ons":[],"addons":[],"brands":[],"_links":{"self":[{"href":"https:\/\/swissmassage.ch\/fr\/wp-json\/wp\/v2\/product\/5640","targetHints":{"allow":["GET"]}}],"collection":[{"href":"https:\/\/swissmassage.ch\/fr\/wp-json\/wp\/v2\/product"}],"about":[{"href":"https:\/\/swissmassage.ch\/fr\/wp-json\/wp\/v2\/types\/product"}],"wp:featuredmedia":[{"embeddable":true,"href":"https:\/\/swissmassage.ch\/fr\/wp-json\/wp\/v2\/media\/5641"}],"wp:attachment":[{"href":"https:\/\/swissmassage.ch\/fr\/wp-json\/wp\/v2\/media?parent=5640"}],"wp:term":[{"taxonomy":"pwb-brand","embeddable":true,"href":"https:\/\/swissmassage.ch\/fr\/wp-json\/wp\/v2\/pwb-brand?post=5640"},{"taxonomy":"product_brand","embeddable":true,"href":"https:\/\/swissmassage.ch\/fr\/wp-json\/wp\/v2\/product_brand?post=5640"},{"taxonomy":"product_cat","embeddable":true,"href":"https:\/\/swissmassage.ch\/fr\/wp-json\/wp\/v2\/product_cat?post=5640"},{"taxonomy":"product_tag","embeddable":true,"href":"https:\/\/swissmassage.ch\/fr\/wp-json\/wp\/v2\/product_tag?post=5640"},{"taxonomy":"product_folder","embeddable":true,"href":"https:\/\/swissmassage.ch\/fr\/wp-json\/wp\/v2\/product_folder?post=5640"}],"curies":[{"name":"wp","href":"https:\/\/api.w.org\/{rel}","templated":true}]}}