{"id":5648,"date":"2023-05-24T15:27:07","date_gmt":"2023-05-24T15:27:07","guid":{"rendered":"https:\/\/suissemassage.digichablais.ch\/?product=chauffe-huile-de-massage-3-flacons"},"modified":"2025-07-11T15:07:05","modified_gmt":"2025-07-11T13:07:05","slug":"chauffe-huile-de-massage-3-flacons","status":"publish","type":"product","link":"https:\/\/swissmassage.ch\/fr\/produits\/chauffe-huile-de-massage-3-flacons\/","title":{"rendered":"Chauffe huile de massage 3 flacons"},"content":{"rendered":"<h2 style=\"text-align: left\">Chauffe huile de massage 3 flacons pratique pour utilisation de diff\u00e9rents types d&rsquo;huiles de massage.<\/h2>\n<p><span style=\"font-size: 10pt\">Temp\u00e9rature r\u00e9glable de 40\u00b0 \u00e0 60\u00b0<br \/>\nPuissance 150W<br \/>\nDimensions largeur 27 cm x profondeur 12 cm x hauteur 22.5 cm<br \/>\nFlacons diam\u00e8tre 5 cm x hauteur 15.5 cm<\/span><\/p>\n<p>Compatible avec la <a href=\"accessoires-pour-massages\">ceinture porte huile de massage<\/a>.<\/p>\n<h3>Limites et contre-indications concernant le chauffage des huiles de massage contenant des huiles essentielles<\/h3>\n<p><strong>Introduction<\/strong><br \/>\nLes huiles de massage contenant des huiles essentielles sont souvent utilis\u00e9es pour leurs propri\u00e9t\u00e9s th\u00e9rapeutiques et relaxantes. Cependant, le chauffage de ces huiles doit \u00eatre effectu\u00e9 avec prudence, car des risques peuvent survenir si elles sont mal chauff\u00e9es ou utilis\u00e9es \u00e0 des temp\u00e9ratures trop \u00e9lev\u00e9es. Cette notice explique les limites et les contre-indications li\u00e9es au chauffage de ces huiles.<\/p>\n<p><strong>Limites du chauffage des huiles de massage avec huiles essentielles<\/strong><\/p>\n<p><strong>D\u00e9g\u00e9n\u00e9rescence des propri\u00e9t\u00e9s th\u00e9rapeutiques :<\/strong> Certaines huiles essentielles sont sensibles \u00e0 la chaleur, et leur exposition \u00e0 des temp\u00e9ratures \u00e9lev\u00e9es peut alt\u00e9rer leurs propri\u00e9t\u00e9s th\u00e9rapeutiques. Par exemple, des compos\u00e9s actifs comme les monoterp\u00e8nes et les esters peuvent se d\u00e9composer, r\u00e9duisant ainsi l&rsquo;efficacit\u00e9 de l&rsquo;huile.<br \/>\n<strong>Perte des ar\u00f4mes :<\/strong> Le chauffage excessif peut entra\u00eener une perte significative des ar\u00f4mes des huiles essentielles, ce qui r\u00e9duit l\u2019exp\u00e9rience sensorielle de la s\u00e9ance de massage.<br \/>\n<strong>Modification de la composition chimique :<\/strong> \u00c0 des temp\u00e9ratures trop \u00e9lev\u00e9es, des r\u00e9actions chimiques peuvent se produire, modifiant la composition de l&rsquo;huile essentielle et cr\u00e9ant des produits de d\u00e9gradation potentiellement irritants pour la peau.<\/p>\n<p><strong>Contre-indications<br \/>\n<\/strong><strong>Temp\u00e9rature trop \u00e9lev\u00e9e :<\/strong> Il est d\u00e9conseill\u00e9 de chauffer les huiles de massage au-del\u00e0 de 40-45\u00b0C. Des temp\u00e9ratures sup\u00e9rieures peuvent entra\u00eener des effets ind\u00e9sirables, tant sur la qualit\u00e9 des huiles que sur la peau.<br \/>\n<strong>Peaux sensibles ou allergiques :<\/strong> Si vous avez la peau sensible, des allergies ou des affections cutan\u00e9es, il est recommand\u00e9 d\u2019\u00e9viter d\u2019appliquer des huiles chauff\u00e9es contenant des huiles essentielles. La chaleur peut augmenter le risque d&rsquo;irritation ou de r\u00e9action allergique, en particulier avec certaines huiles essentielles puissantes comme celles de cannelle, de clou de girofle ou de menthe poivr\u00e9e.<br \/>\n<strong>Femmes enceintes et enfants :<\/strong> Certaines huiles essentielles peuvent \u00eatre contre-indiqu\u00e9es pendant la grossesse et pour les enfants. Le chauffage de ces huiles peut lib\u00e9rer des substances qui deviennent irritantes ou non s\u00e9curitaires pour ces groupes sensibles.<br \/>\n<strong>Syst\u00e8me respiratoire :<\/strong> L\u2019exposition prolong\u00e9e \u00e0 des huiles essentielles chauff\u00e9es peut lib\u00e9rer des vapeurs plus concentr\u00e9es, qui peuvent \u00eatre irritantes pour les voies respiratoires, en particulier chez les personnes souffrant d\u2019asthme, d\u2019allergies ou d\u2019autres affections respiratoires.<\/p>\n<p><strong>Pr\u00e9cautions d\u2019utilisation<br \/>\n<\/strong><strong>Test pr\u00e9alable :<\/strong> Avant d\u2019utiliser des huiles chauff\u00e9es sur l\u2019ensemble du corps, effectuez un test cutan\u00e9 sur une petite zone de peau pour v\u00e9rifier toute r\u00e9action ind\u00e9sirable.<br \/>\n<strong>Utiliser un diffuseur ou un bain-marie :<\/strong> Si vous souhaitez chauffer l\u2019huile, privil\u00e9giez l\u2019utilisation d\u2019un diffuseur ou d\u2019un bain-marie. \u00c9vitez d&rsquo;utiliser un chauffage direct (par exemple, dans un four micro-ondes ou sur une source de chaleur directe) car cela peut alt\u00e9rer la qualit\u00e9 de l\u2019huile essentielle.<br \/>\n<strong>V\u00e9rification de la temp\u00e9rature :<\/strong> Avant d\u2019appliquer l\u2019huile chauff\u00e9e, assurez-vous que sa temp\u00e9rature est confortable au toucher, id\u00e9alement en dessous de 40\u00b0C. Vous pouvez tester cela sur le dos de votre main.<\/p>\n<p><strong>\u00a0Conclusion<br \/>\n<\/strong>Le chauffage des huiles de massage contenant des huiles essentielles peut \u00eatre b\u00e9n\u00e9fique lorsqu&rsquo;il est effectu\u00e9 avec pr\u00e9caution et \u00e0 des temp\u00e9ratures mod\u00e9r\u00e9es. Toutefois, il est essentiel de prendre en compte les contre-indications li\u00e9es \u00e0 la sensibilit\u00e9 de la peau, les affections m\u00e9dicales existantes, ainsi que la temp\u00e9rature \u00e0 laquelle les huiles sont chauff\u00e9es. Respecter ces pr\u00e9cautions garantira une exp\u00e9rience de massage s\u00fbre et agr\u00e9able.<\/p>\n","protected":false},"excerpt":{"rendered":"<p>Chauffe huile de massage 3 flacons pratique pour utilisation de diff\u00e9rents types d&rsquo;huiles de massage. Temp\u00e9rature r\u00e9glable de 40\u00b0 \u00e0 60\u00b0 Puissance 150W Dimensions largeur 27 cm x profondeur 12 cm x hauteur 22.5 cm Flacons diam\u00e8tre 5 cm x hauteur 15.5 cm Compatible avec la ceinture porte huile de massage. Limites et contre-indications concernant&hellip;<\/p>\n","protected":false},"featured_media":5649,"template":"","meta":{"_seopress_robots_primary_cat":"none","_seopress_titles_title":"","_seopress_titles_desc":"Chauffe huile de massage 3 flacons pratique pour utilisation de diff\u00e9rents types d'huiles de massage. Temp\u00e9rature r\u00e9glable de 40\u00b0 \u00e0 60\u00b0.","_seopress_robots_index":""},"pwb-brand":[],"product_brand":[],"product_cat":[275,1099,1079],"product_tag":[],"product_folder":[1002],"class_list":{"0":"post-5648","1":"product","2":"type-product","3":"status-publish","4":"has-post-thumbnail","6":"product_cat-accessoires-de-massages","7":"product_cat-complement-pour-massages","8":"product_cat-tous-les-accessoires-de-massage","10":"first","11":"instock","12":"taxable","13":"shipping-taxable","14":"purchasable","15":"product-type-simple"},"exclude_global_add_ons":[],"addons":[],"brands":[],"_links":{"self":[{"href":"https:\/\/swissmassage.ch\/fr\/wp-json\/wp\/v2\/product\/5648","targetHints":{"allow":["GET"]}}],"collection":[{"href":"https:\/\/swissmassage.ch\/fr\/wp-json\/wp\/v2\/product"}],"about":[{"href":"https:\/\/swissmassage.ch\/fr\/wp-json\/wp\/v2\/types\/product"}],"wp:featuredmedia":[{"embeddable":true,"href":"https:\/\/swissmassage.ch\/fr\/wp-json\/wp\/v2\/media\/5649"}],"wp:attachment":[{"href":"https:\/\/swissmassage.ch\/fr\/wp-json\/wp\/v2\/media?parent=5648"}],"wp:term":[{"taxonomy":"pwb-brand","embeddable":true,"href":"https:\/\/swissmassage.ch\/fr\/wp-json\/wp\/v2\/pwb-brand?post=5648"},{"taxonomy":"product_brand","embeddable":true,"href":"https:\/\/swissmassage.ch\/fr\/wp-json\/wp\/v2\/product_brand?post=5648"},{"taxonomy":"product_cat","embeddable":true,"href":"https:\/\/swissmassage.ch\/fr\/wp-json\/wp\/v2\/product_cat?post=5648"},{"taxonomy":"product_tag","embeddable":true,"href":"https:\/\/swissmassage.ch\/fr\/wp-json\/wp\/v2\/product_tag?post=5648"},{"taxonomy":"product_folder","embeddable":true,"href":"https:\/\/swissmassage.ch\/fr\/wp-json\/wp\/v2\/product_folder?post=5648"}],"curies":[{"name":"wp","href":"https:\/\/api.w.org\/{rel}","templated":true}]}}