{"id":5655,"date":"2023-05-24T15:27:11","date_gmt":"2023-05-24T15:27:11","guid":{"rendered":"https:\/\/suissemassage.digichablais.ch\/?product=tabouret-cabinet-medical-modele-pure-iso-anthracite"},"modified":"2026-04-16T15:20:24","modified_gmt":"2026-04-16T13:20:24","slug":"tabouret-cabinet-medical-modele-pure-iso-anthracite","status":"publish","type":"product","link":"https:\/\/swissmassage.ch\/fr\/produits\/tabouret-cabinet-medical-modele-pure-iso-anthracite\/","title":{"rendered":"Tabouret cabinet m\u00e9dical mod\u00e8le Pure ISO Anthracite"},"content":{"rendered":"<h2>Tabouret pour cabinet m\u00e9dical mod\u00e8le Pure iso anthracite.<\/h2>\n<p>Tabouret pour m\u00e9decins avec si\u00e8ge rond<br \/>\nRev\u00eatement aux normes m\u00e9dicales.<br \/>\nGrand r\u00e9glage de hauteur de 52 cm \u00e0 72 cm.<br \/>\nDimensions assise 34 cm.<br \/>\nPoids 11 kg. Poids maximum support\u00e9 100 kg<br \/>\nAvec commande \u00e0 main.<br \/>\nId\u00e9al pour les m\u00e9decins.<br \/>\nVeuillez noter qu&rsquo;en raison des diff\u00e9rences morphologiques de chaque personne, nous vous conseillons vivement d&rsquo;essayer les tabourets dans notre exposition \u00e0 Aigle avant de finaliser votre achat. En cas d&rsquo;erreur d&rsquo;achat, les tabourets ne pourront ni \u00eatre retourn\u00e9s ni \u00e9chang\u00e9s.<\/p>\n","protected":false},"excerpt":{"rendered":"<p>Tabouret pour cabinet m\u00e9dical mod\u00e8le Pure iso anthracite. Tabouret pour m\u00e9decins avec si\u00e8ge rond Rev\u00eatement aux normes m\u00e9dicales. Grand r\u00e9glage de hauteur de 52 cm \u00e0 72 cm. Dimensions assise 34 cm. Poids 11 kg. Poids maximum support\u00e9 100 kg Avec commande \u00e0 main. Id\u00e9al pour les m\u00e9decins. Veuillez noter qu&rsquo;en raison des diff\u00e9rences morphologiques&hellip;<\/p>\n","protected":false},"featured_media":5656,"template":"","meta":{"_seopress_robots_primary_cat":"none","_seopress_titles_title":"Tabouret cabinet m\u00e9dical Pure ISO Anthracite - Swissmassage","_seopress_titles_desc":"Tabouret rond aux normes m\u00e9dicales pour m\u00e9decins, mod\u00e8le Pure iso couleur anthracite.","_seopress_robots_index":""},"pwb-brand":[],"product_brand":[],"product_cat":[1050,1052,235,1051,1049,1079,1077,1076,1078,1075],"product_tag":[],"product_folder":[992],"class_list":{"0":"post-5655","1":"product","2":"type-product","3":"status-publish","4":"has-post-thumbnail","6":"product_cat-chaises-pour-estheticiennes","7":"product_cat-tabourets-et-confort","8":"product_cat-esthetique-tabourets","9":"product_cat-tabourets-pour-spa","10":"product_cat-tabourets-pour-therapeutes","11":"product_cat-tous-les-accessoires-de-massage","12":"product_cat-tous-les-articles-esthetiques","13":"product_cat-tous-les-articles-physio-medical","14":"product_cat-tous-les-articles-spa-beaute","15":"product_cat-tous-les-articles-de-massage","17":"first","18":"instock","19":"taxable","20":"shipping-taxable","21":"purchasable","22":"product-type-simple"},"exclude_global_add_ons":[],"addons":[],"brands":[],"_links":{"self":[{"href":"https:\/\/swissmassage.ch\/fr\/wp-json\/wp\/v2\/product\/5655","targetHints":{"allow":["GET"]}}],"collection":[{"href":"https:\/\/swissmassage.ch\/fr\/wp-json\/wp\/v2\/product"}],"about":[{"href":"https:\/\/swissmassage.ch\/fr\/wp-json\/wp\/v2\/types\/product"}],"wp:featuredmedia":[{"embeddable":true,"href":"https:\/\/swissmassage.ch\/fr\/wp-json\/wp\/v2\/media\/5656"}],"wp:attachment":[{"href":"https:\/\/swissmassage.ch\/fr\/wp-json\/wp\/v2\/media?parent=5655"}],"wp:term":[{"taxonomy":"pwb-brand","embeddable":true,"href":"https:\/\/swissmassage.ch\/fr\/wp-json\/wp\/v2\/pwb-brand?post=5655"},{"taxonomy":"product_brand","embeddable":true,"href":"https:\/\/swissmassage.ch\/fr\/wp-json\/wp\/v2\/product_brand?post=5655"},{"taxonomy":"product_cat","embeddable":true,"href":"https:\/\/swissmassage.ch\/fr\/wp-json\/wp\/v2\/product_cat?post=5655"},{"taxonomy":"product_tag","embeddable":true,"href":"https:\/\/swissmassage.ch\/fr\/wp-json\/wp\/v2\/product_tag?post=5655"},{"taxonomy":"product_folder","embeddable":true,"href":"https:\/\/swissmassage.ch\/fr\/wp-json\/wp\/v2\/product_folder?post=5655"}],"curies":[{"name":"wp","href":"https:\/\/api.w.org\/{rel}","templated":true}]}}