{"id":5659,"date":"2023-05-24T15:27:14","date_gmt":"2023-05-24T15:27:14","guid":{"rendered":"https:\/\/suissemassage.digichablais.ch\/?product=coussin-de-massage-demi-lune-65cm-par-11cm-anthracite"},"modified":"2026-03-26T12:13:46","modified_gmt":"2026-03-26T11:13:46","slug":"coussin-de-massage-demi-lune-65cm-par-11cm-anthracite","status":"publish","type":"product","link":"https:\/\/swissmassage.ch\/fr\/produits\/coussin-de-massage-demi-lune-65cm-par-11cm-anthracite\/","title":{"rendered":"Coussin de massage demi-lune 65cm par 11cm gris moyen"},"content":{"rendered":"<h2>Coussin de massage demi-lune 65cm par 11cm de rayon, gris moyen.<\/h2>\n<p>Rev\u00eatement en Polyur\u00e9thane anthracite extr\u00eamement souple et solide.<br \/>\nMousse haute densit\u00e9 de 11 cm d\u2019\u00e9paisseur.<br \/>\nDimensions id\u00e9ales 65 cm de long par 11cm de rayon.<br \/>\nUtilisation sous les pieds et sous le torse.<br \/>\nCoussin de massage pour le repositionnement des jambes et le confort lombaire. Coussin de confort en posture ventrale<\/p>\n","protected":false},"excerpt":{"rendered":"<p>Coussin de massage demi-lune 65cm par 11cm de rayon, gris moyen. Rev\u00eatement en Polyur\u00e9thane anthracite extr\u00eamement souple et solide. Mousse haute densit\u00e9 de 11 cm d\u2019\u00e9paisseur. Dimensions id\u00e9ales 65 cm de long par 11cm de rayon. Utilisation sous les pieds et sous le torse. Coussin de massage pour le repositionnement des jambes et le confort&hellip;<\/p>\n","protected":false},"featured_media":5660,"template":"","meta":{"_seopress_robots_primary_cat":"none","_seopress_titles_title":"Coussin de massage demi-lune 65cm par 11cm gris moyen","_seopress_titles_desc":"Coussin de massage demi-lune 65cm par 11cm de rayon, gris moyen. Rev\u00eatement en Polyur\u00e9thane anthracite extr\u00eamement souple et solide.","_seopress_robots_index":""},"pwb-brand":[],"product_brand":[],"product_cat":[219,1079],"product_tag":[],"product_folder":[1001],"class_list":{"0":"post-5659","1":"product","2":"type-product","3":"status-publish","4":"has-post-thumbnail","6":"product_cat-coussins-de-massage","7":"product_cat-tous-les-accessoires-de-massage","9":"first","10":"instock","11":"taxable","12":"shipping-taxable","13":"purchasable","14":"product-type-simple"},"exclude_global_add_ons":[],"addons":[],"brands":[],"_links":{"self":[{"href":"https:\/\/swissmassage.ch\/fr\/wp-json\/wp\/v2\/product\/5659","targetHints":{"allow":["GET"]}}],"collection":[{"href":"https:\/\/swissmassage.ch\/fr\/wp-json\/wp\/v2\/product"}],"about":[{"href":"https:\/\/swissmassage.ch\/fr\/wp-json\/wp\/v2\/types\/product"}],"wp:featuredmedia":[{"embeddable":true,"href":"https:\/\/swissmassage.ch\/fr\/wp-json\/wp\/v2\/media\/5660"}],"wp:attachment":[{"href":"https:\/\/swissmassage.ch\/fr\/wp-json\/wp\/v2\/media?parent=5659"}],"wp:term":[{"taxonomy":"pwb-brand","embeddable":true,"href":"https:\/\/swissmassage.ch\/fr\/wp-json\/wp\/v2\/pwb-brand?post=5659"},{"taxonomy":"product_brand","embeddable":true,"href":"https:\/\/swissmassage.ch\/fr\/wp-json\/wp\/v2\/product_brand?post=5659"},{"taxonomy":"product_cat","embeddable":true,"href":"https:\/\/swissmassage.ch\/fr\/wp-json\/wp\/v2\/product_cat?post=5659"},{"taxonomy":"product_tag","embeddable":true,"href":"https:\/\/swissmassage.ch\/fr\/wp-json\/wp\/v2\/product_tag?post=5659"},{"taxonomy":"product_folder","embeddable":true,"href":"https:\/\/swissmassage.ch\/fr\/wp-json\/wp\/v2\/product_folder?post=5659"}],"curies":[{"name":"wp","href":"https:\/\/api.w.org\/{rel}","templated":true}]}}