{"id":5661,"date":"2023-05-24T15:27:17","date_gmt":"2023-05-24T15:27:17","guid":{"rendered":"https:\/\/suissemassage.digichablais.ch\/?product=coussin-magic-nuque-anthracite"},"modified":"2026-03-21T17:05:53","modified_gmt":"2026-03-21T16:05:53","slug":"coussin-magic-nuque-anthracite","status":"publish","type":"product","link":"https:\/\/swissmassage.ch\/fr\/produits\/coussin-magic-nuque-anthracite\/","title":{"rendered":"Coussin Magic nuque gris"},"content":{"rendered":"<h2 style=\"text-align: left;\">Coussin de massage Magic nuque 30cm par 8cm couleur gris moyen.<\/h2>\n<p>Rev\u00eatement en Polyur\u00e9thane blanc extr\u00eamement souple et solide.<br \/>\nMousse extr\u00eamement douce de 8cm d\u2019\u00e9paisseur.<br \/>\nDimensions id\u00e9ales 30cm de long par 8cm de diam\u00e8tre.<br \/>\nUtilisation sous la t\u00eate ou la nuque, cr\u00e9er un maximum de confort.<\/p>\n<p>Livrable dans toute la Suisse. Ou \u00e0 l&#8217;emporter directement dans notre atelier.<\/p>\n","protected":false},"excerpt":{"rendered":"<p>Coussin de massage Magic nuque 30cm par 8cm couleur gris moyen. Rev\u00eatement en Polyur\u00e9thane blanc extr\u00eamement souple et solide. Mousse extr\u00eamement douce de 8cm d\u2019\u00e9paisseur. Dimensions id\u00e9ales 30cm de long par 8cm de diam\u00e8tre. Utilisation sous la t\u00eate ou la nuque, cr\u00e9er un maximum de confort. Livrable dans toute la Suisse. Ou \u00e0 l&#8217;emporter directement&hellip;<\/p>\n","protected":false},"featured_media":6887,"template":"","meta":{"_seopress_robots_primary_cat":"none","_seopress_titles_title":"","_seopress_titles_desc":"Coussin de massage Magic nuque 30cm par 8cm couleur gris moyen. Rev\u00eatement en Polyur\u00e9thane blanc extr\u00eamement souple et solide.","_seopress_robots_index":""},"pwb-brand":[],"product_brand":[],"product_cat":[219,1079],"product_tag":[1070,1069],"product_folder":[1001],"class_list":{"0":"post-5661","1":"product","2":"type-product","3":"status-publish","4":"has-post-thumbnail","6":"product_cat-coussins-de-massage","7":"product_cat-tous-les-accessoires-de-massage","8":"product_tag-coussin-massage","9":"product_tag-coussin-nuque","11":"first","12":"instock","13":"taxable","14":"shipping-taxable","15":"purchasable","16":"product-type-simple"},"exclude_global_add_ons":[],"addons":[],"brands":[],"_links":{"self":[{"href":"https:\/\/swissmassage.ch\/fr\/wp-json\/wp\/v2\/product\/5661","targetHints":{"allow":["GET"]}}],"collection":[{"href":"https:\/\/swissmassage.ch\/fr\/wp-json\/wp\/v2\/product"}],"about":[{"href":"https:\/\/swissmassage.ch\/fr\/wp-json\/wp\/v2\/types\/product"}],"wp:featuredmedia":[{"embeddable":true,"href":"https:\/\/swissmassage.ch\/fr\/wp-json\/wp\/v2\/media\/6887"}],"wp:attachment":[{"href":"https:\/\/swissmassage.ch\/fr\/wp-json\/wp\/v2\/media?parent=5661"}],"wp:term":[{"taxonomy":"pwb-brand","embeddable":true,"href":"https:\/\/swissmassage.ch\/fr\/wp-json\/wp\/v2\/pwb-brand?post=5661"},{"taxonomy":"product_brand","embeddable":true,"href":"https:\/\/swissmassage.ch\/fr\/wp-json\/wp\/v2\/product_brand?post=5661"},{"taxonomy":"product_cat","embeddable":true,"href":"https:\/\/swissmassage.ch\/fr\/wp-json\/wp\/v2\/product_cat?post=5661"},{"taxonomy":"product_tag","embeddable":true,"href":"https:\/\/swissmassage.ch\/fr\/wp-json\/wp\/v2\/product_tag?post=5661"},{"taxonomy":"product_folder","embeddable":true,"href":"https:\/\/swissmassage.ch\/fr\/wp-json\/wp\/v2\/product_folder?post=5661"}],"curies":[{"name":"wp","href":"https:\/\/api.w.org\/{rel}","templated":true}]}}