{"id":5688,"date":"2023-05-24T15:27:43","date_gmt":"2023-05-24T15:27:43","guid":{"rendered":"https:\/\/suissemassage.digichablais.ch\/?product=charlottes-pour-bac-pedispa-bleu"},"modified":"2026-01-15T10:45:31","modified_gmt":"2026-01-15T09:45:31","slug":"charlottes-pour-bac-pedispa-bleu","status":"publish","type":"product","link":"https:\/\/swissmassage.ch\/fr\/produits\/charlottes-pour-bac-pedispa-bleu\/","title":{"rendered":"Charlottes pour Bac Pedispa Bleu"},"content":{"rendered":"<h2>Charlottes de protection \u00e0 usage unique pour bac Pedispa bleu.<\/h2>\n<p>Paquet de 50 pi\u00e8ces.<br \/>\nCapacit\u00e9 5 litres.<\/p>\n","protected":false},"excerpt":{"rendered":"<p>Charlottes de protection \u00e0 usage unique pour bac Pedispa bleu. Paquet de 50 pi\u00e8ces. Capacit\u00e9 5 litres.<\/p>\n","protected":false},"featured_media":5689,"template":"","meta":{"_seopress_robots_primary_cat":"none","_seopress_titles_title":"","_seopress_titles_desc":"Charlottes de protection \u00e0 usage unique pour bac Pedispa bleu. Paquet de 50 pi\u00e8ces. Capacit\u00e9 5 litres.","_seopress_robots_index":""},"pwb-brand":[],"product_brand":[],"product_cat":[1053,344,268,1077,1076,1080],"product_tag":[1135],"product_folder":[1000],"class_list":{"0":"post-5688","1":"product","2":"type-product","3":"status-publish","4":"has-post-thumbnail","6":"product_cat-pedicure","7":"product_cat-podologie-ems","8":"product_cat-pedicure-podologie","9":"product_cat-tous-les-articles-esthetiques","10":"product_cat-tous-les-articles-physio-medical","11":"product_cat-tous-les-articles-seniors","12":"product_tag-pedicure","14":"first","15":"instock","16":"taxable","17":"shipping-taxable","18":"purchasable","19":"product-type-simple"},"exclude_global_add_ons":[],"addons":[],"brands":[],"_links":{"self":[{"href":"https:\/\/swissmassage.ch\/fr\/wp-json\/wp\/v2\/product\/5688","targetHints":{"allow":["GET"]}}],"collection":[{"href":"https:\/\/swissmassage.ch\/fr\/wp-json\/wp\/v2\/product"}],"about":[{"href":"https:\/\/swissmassage.ch\/fr\/wp-json\/wp\/v2\/types\/product"}],"wp:featuredmedia":[{"embeddable":true,"href":"https:\/\/swissmassage.ch\/fr\/wp-json\/wp\/v2\/media\/5689"}],"wp:attachment":[{"href":"https:\/\/swissmassage.ch\/fr\/wp-json\/wp\/v2\/media?parent=5688"}],"wp:term":[{"taxonomy":"pwb-brand","embeddable":true,"href":"https:\/\/swissmassage.ch\/fr\/wp-json\/wp\/v2\/pwb-brand?post=5688"},{"taxonomy":"product_brand","embeddable":true,"href":"https:\/\/swissmassage.ch\/fr\/wp-json\/wp\/v2\/product_brand?post=5688"},{"taxonomy":"product_cat","embeddable":true,"href":"https:\/\/swissmassage.ch\/fr\/wp-json\/wp\/v2\/product_cat?post=5688"},{"taxonomy":"product_tag","embeddable":true,"href":"https:\/\/swissmassage.ch\/fr\/wp-json\/wp\/v2\/product_tag?post=5688"},{"taxonomy":"product_folder","embeddable":true,"href":"https:\/\/swissmassage.ch\/fr\/wp-json\/wp\/v2\/product_folder?post=5688"}],"curies":[{"name":"wp","href":"https:\/\/api.w.org\/{rel}","templated":true}]}}