{"id":5700,"date":"2023-05-24T15:27:52","date_gmt":"2023-05-24T15:27:52","guid":{"rendered":"https:\/\/suissemassage.digichablais.ch\/?product=tabouret-et-siege-pedicure-manucure-tendy"},"modified":"2024-07-09T16:02:52","modified_gmt":"2024-07-09T14:02:52","slug":"tabouret-et-siege-pedicure-manucure-tendy","status":"publish","type":"product","link":"https:\/\/swissmassage.ch\/fr\/produits\/tabouret-et-siege-pedicure-manucure-tendy\/","title":{"rendered":"Tabouret et siege p\u00e9dicure manucure Tendy"},"content":{"rendered":"<h2>Set Tabouret et si\u00e8ge p\u00e9dicure manucure mod\u00e8le Tendy<\/h2>\n<p>Simple et pratique, la chaise de p\u00e9dicure incorpore tabouret avec deux tiroirs, tous les deux avec roulettes.<br \/>\nEquip\u00e9e de plateau lat\u00e9ral et giratoire avec coussin repose-mains et bols de manucure inclus.<br \/>\nRepose-pied r\u00e9glable<\/p>\n","protected":false},"excerpt":{"rendered":"<p>Set Tabouret et si\u00e8ge p\u00e9dicure manucure mod\u00e8le Tendy Simple et pratique, la chaise de p\u00e9dicure incorpore tabouret avec deux tiroirs, tous les deux avec roulettes. Equip\u00e9e de plateau lat\u00e9ral et giratoire avec coussin repose-mains et bols de manucure inclus. Repose-pied r\u00e9glable<\/p>\n","protected":false},"featured_media":5701,"template":"","meta":{"_seopress_robots_primary_cat":"none","_seopress_titles_title":"","_seopress_titles_desc":"Set Tabouret et si\u00e8ge p\u00e9dicure manucure mod\u00e8le Tendy. Simple et pratique, la chaise de p\u00e9dicure incorpore tabouret avec deux tiroirs, tous les deux avec roulettes.","_seopress_robots_index":""},"pwb-brand":[],"product_brand":[],"product_cat":[1053,344,268,1077,1076,1080],"product_tag":[],"product_folder":[1000],"class_list":{"0":"post-5700","1":"product","2":"type-product","3":"status-publish","4":"has-post-thumbnail","6":"product_cat-pedicure","7":"product_cat-podologie-ems","8":"product_cat-pedicure-podologie","9":"product_cat-tous-les-articles-esthetiques","10":"product_cat-tous-les-articles-physio-medical","11":"product_cat-tous-les-articles-seniors","13":"first","14":"outofstock","15":"taxable","16":"shipping-taxable","17":"purchasable","18":"product-type-simple"},"exclude_global_add_ons":[],"addons":[],"brands":[],"_links":{"self":[{"href":"https:\/\/swissmassage.ch\/fr\/wp-json\/wp\/v2\/product\/5700","targetHints":{"allow":["GET"]}}],"collection":[{"href":"https:\/\/swissmassage.ch\/fr\/wp-json\/wp\/v2\/product"}],"about":[{"href":"https:\/\/swissmassage.ch\/fr\/wp-json\/wp\/v2\/types\/product"}],"wp:featuredmedia":[{"embeddable":true,"href":"https:\/\/swissmassage.ch\/fr\/wp-json\/wp\/v2\/media\/5701"}],"wp:attachment":[{"href":"https:\/\/swissmassage.ch\/fr\/wp-json\/wp\/v2\/media?parent=5700"}],"wp:term":[{"taxonomy":"pwb-brand","embeddable":true,"href":"https:\/\/swissmassage.ch\/fr\/wp-json\/wp\/v2\/pwb-brand?post=5700"},{"taxonomy":"product_brand","embeddable":true,"href":"https:\/\/swissmassage.ch\/fr\/wp-json\/wp\/v2\/product_brand?post=5700"},{"taxonomy":"product_cat","embeddable":true,"href":"https:\/\/swissmassage.ch\/fr\/wp-json\/wp\/v2\/product_cat?post=5700"},{"taxonomy":"product_tag","embeddable":true,"href":"https:\/\/swissmassage.ch\/fr\/wp-json\/wp\/v2\/product_tag?post=5700"},{"taxonomy":"product_folder","embeddable":true,"href":"https:\/\/swissmassage.ch\/fr\/wp-json\/wp\/v2\/product_folder?post=5700"}],"curies":[{"name":"wp","href":"https:\/\/api.w.org\/{rel}","templated":true}]}}