{"id":5705,"date":"2023-05-24T15:27:54","date_gmt":"2023-05-24T15:27:54","guid":{"rendered":"https:\/\/suissemassage.digichablais.ch\/?product=coussin-triangle-physio"},"modified":"2026-04-10T08:14:36","modified_gmt":"2026-04-10T06:14:36","slug":"coussin-triangle-physio","status":"publish","type":"product","link":"https:\/\/swissmassage.ch\/fr\/produits\/coussin-triangle-physio\/","title":{"rendered":"Coussin triangle physio"},"content":{"rendered":"<h2 style=\"text-align: left\">Coussin triangle physio.<\/h2>\n<p><span style=\"font-size: 10pt\">Couleur du rev\u00eatement anthracite.<strong><br \/>\n<\/strong>Rev\u00eatement en Polyur\u00e9thane extr\u00eamement souple et solide.<br \/>\nDimensions 65 cm x 53 cm x 28 cm.<br \/>\nAide \u00e0 l&rsquo;orientation du bassin.<\/span><\/p>\n","protected":false},"excerpt":{"rendered":"<p>Coussin triangle physio. Couleur du rev\u00eatement anthracite. Rev\u00eatement en Polyur\u00e9thane extr\u00eamement souple et solide. Dimensions 65 cm x 53 cm x 28 cm. Aide \u00e0 l&rsquo;orientation du bassin.<\/p>\n","protected":false},"featured_media":7784,"template":"","meta":{"_seopress_robots_primary_cat":"none","_seopress_titles_title":"Coussin triangle pour Physioth\u00e9rapeutes - Swissmassage","_seopress_titles_desc":"Coussin triangle physio. Couleur du rev\u00eatement anthracite. Rev\u00eatement en Polyur\u00e9thane extr\u00eamement souple et solide.","_seopress_robots_index":""},"pwb-brand":[],"product_brand":[],"product_cat":[219,1079],"product_tag":[1056,1072],"product_folder":[1001],"class_list":{"0":"post-5705","1":"product","2":"type-product","3":"status-publish","4":"has-post-thumbnail","6":"product_cat-coussins-de-massage","7":"product_cat-tous-les-accessoires-de-massage","8":"product_tag-coussin","9":"product_tag-coussin-physio","11":"first","12":"instock","13":"taxable","14":"shipping-taxable","15":"purchasable","16":"product-type-simple"},"exclude_global_add_ons":[],"addons":[],"brands":[],"_links":{"self":[{"href":"https:\/\/swissmassage.ch\/fr\/wp-json\/wp\/v2\/product\/5705","targetHints":{"allow":["GET"]}}],"collection":[{"href":"https:\/\/swissmassage.ch\/fr\/wp-json\/wp\/v2\/product"}],"about":[{"href":"https:\/\/swissmassage.ch\/fr\/wp-json\/wp\/v2\/types\/product"}],"wp:featuredmedia":[{"embeddable":true,"href":"https:\/\/swissmassage.ch\/fr\/wp-json\/wp\/v2\/media\/7784"}],"wp:attachment":[{"href":"https:\/\/swissmassage.ch\/fr\/wp-json\/wp\/v2\/media?parent=5705"}],"wp:term":[{"taxonomy":"pwb-brand","embeddable":true,"href":"https:\/\/swissmassage.ch\/fr\/wp-json\/wp\/v2\/pwb-brand?post=5705"},{"taxonomy":"product_brand","embeddable":true,"href":"https:\/\/swissmassage.ch\/fr\/wp-json\/wp\/v2\/product_brand?post=5705"},{"taxonomy":"product_cat","embeddable":true,"href":"https:\/\/swissmassage.ch\/fr\/wp-json\/wp\/v2\/product_cat?post=5705"},{"taxonomy":"product_tag","embeddable":true,"href":"https:\/\/swissmassage.ch\/fr\/wp-json\/wp\/v2\/product_tag?post=5705"},{"taxonomy":"product_folder","embeddable":true,"href":"https:\/\/swissmassage.ch\/fr\/wp-json\/wp\/v2\/product_folder?post=5705"}],"curies":[{"name":"wp","href":"https:\/\/api.w.org\/{rel}","templated":true}]}}