{"id":5707,"date":"2023-05-24T15:27:54","date_gmt":"2023-05-24T15:27:54","guid":{"rendered":"https:\/\/suissemassage.digichablais.ch\/?product=table-d-examen-medical-extra-large-80-cm"},"modified":"2026-02-27T11:02:26","modified_gmt":"2026-02-27T10:02:26","slug":"table-d-examen-medical-extra-large-75-cm","status":"publish","type":"product","link":"https:\/\/swissmassage.ch\/fr\/produits\/table-d-examen-medical-extra-large-75-cm\/","title":{"rendered":"Table d&rsquo;examen m\u00e9dical XL 75 cm de large"},"content":{"rendered":"<h2>Table d&rsquo;examen m\u00e9dical et table de soins XL largeur 75 cm avec moteur \u00e9lectrique pour le r\u00e9glage de la hauteur.<\/h2>\n<p>Pratique simple, fiable , la table d&rsquo;examens m\u00e9dicaux \u00e9lectrique de soins pour m\u00e9decins g\u00e9n\u00e9ralistes est r\u00e9glable en hauteur par commande \u00e0 pieds de 46 \u00e0 94 cm.<br \/>\nCes dimensions 75 cm de large pour 195 cm de long procurent plus de confort au patient et tr\u00e8s appr\u00e9ci\u00e9e aussi en p\u00e9diatrie.<br \/>\nSa mousse de 5 cm d&rsquo;\u00e9paisseur pour une densit\u00e9 de 36 Kg\/m3 donne confort et d\u00e9tendre.<br \/>\nLe dossier relevable par v\u00e9rin \u00e0 gaz, permet d&rsquo;ausculter le patient en position assise. il est \u00e9quip\u00e9e du trou facial et de son bouchon pour la pratique de soins en positions ventrales.<br \/>\nSa hauteur de 94 cm permet d&rsquo; ausculter de mani\u00e8re pr\u00e9cise, en particulier en dermatologie.<br \/>\nLa table de soins p\u00e8se 65 Kg. elle supporte jusqu&rsquo;\u00e0 225 Kg.<br \/>\nSon rev\u00eatement en PVC-MED est aux normes m\u00e9dicales, elle peut donc \u00eatre utilis\u00e9e en milieux hospitaliers.<br \/>\nCertification 93\/42\/EEC Directive Dispositifs M\u00e9dicaux<\/p>\n<h3>Vid\u00e9o table m\u00e9dicale Healthy XL<\/h3>\n<div style=\"width: 1170px;\" class=\"wp-video\"><video class=\"wp-video-shortcode\" id=\"video-5707-1\" width=\"1170\" height=\"662\" preload=\"metadata\" controls=\"controls\"><source type=\"video\/mp4\" src=\"https:\/\/swissmassage.ch\/wp-content\/uploads\/Video-table-medicale-large-swissmassage.mp4?_=1\" \/><a href=\"https:\/\/swissmassage.ch\/wp-content\/uploads\/Video-table-medicale-large-swissmassage.mp4\">https:\/\/swissmassage.ch\/wp-content\/uploads\/Video-table-medicale-large-swissmassage.mp4<\/a><\/video><\/div>\n<p>Swissmassage est une marque d\u00e9pos\u00e9e, cela vous offre la garantie de s\u00e9rieux et de suivi tout au long de votre activit\u00e9.<br \/>\nNotre atelier dispose de toutes les pi\u00e8ces de rechange.<br \/>\n<strong>Copyright \u00a9 Swissmassage S\u00e0rl<\/strong><\/p>\n","protected":false},"excerpt":{"rendered":"<p>Table d&rsquo;examen m\u00e9dical et table de soins XL largeur 75 cm avec moteur \u00e9lectrique pour le r\u00e9glage de la hauteur. Pratique simple, fiable , la table d&rsquo;examens m\u00e9dicaux \u00e9lectrique de soins pour m\u00e9decins g\u00e9n\u00e9ralistes est r\u00e9glable en hauteur par commande \u00e0 pieds de 46 \u00e0 94 cm. Ces dimensions 75 cm de large pour 195&hellip;<\/p>\n","protected":false},"featured_media":20958,"template":"","meta":{"_seopress_robots_primary_cat":"none","_seopress_titles_title":"","_seopress_titles_desc":"Table d'examens m\u00e9dicaux extra large 75 cm avec moteur \u00e9lectrique pour le r\u00e9glage de la hauteur avec dossier relevable et trou facial.","_seopress_robots_index":""},"pwb-brand":[],"product_brand":[],"product_cat":[366,1076],"product_tag":[1196],"product_folder":[1013],"class_list":{"0":"post-5707","1":"product","2":"type-product","3":"status-publish","4":"has-post-thumbnail","6":"product_cat-table-examens-medicaux","7":"product_cat-tous-les-articles-physio-medical","8":"product_tag-table-examens-medicaux","10":"first","11":"instock","12":"taxable","13":"shipping-taxable","14":"purchasable","15":"product-type-simple"},"exclude_global_add_ons":false,"addons":[{"name":"D\u00e9rouleur de papier d'examens m\u00e9dicaux","type":"multiple_choice","position":0,"required":false,"title_format":"label","description_enable":false,"description":"","placeholder_enable":false,"placeholder":"","display":"images","restrictions_type":"any_text","adjust_price":false,"price":"","price_type":"flat_fee","restrictions":false,"min":0,"max":0,"options":[{"label":"Avec D\u00e9rouleur de papier d' examens m\u00e9dicaux","price":"80","price_type":"flat_fee","image":8506}],"id":1718011474}],"brands":[],"_links":{"self":[{"href":"https:\/\/swissmassage.ch\/fr\/wp-json\/wp\/v2\/product\/5707","targetHints":{"allow":["GET"]}}],"collection":[{"href":"https:\/\/swissmassage.ch\/fr\/wp-json\/wp\/v2\/product"}],"about":[{"href":"https:\/\/swissmassage.ch\/fr\/wp-json\/wp\/v2\/types\/product"}],"wp:featuredmedia":[{"embeddable":true,"href":"https:\/\/swissmassage.ch\/fr\/wp-json\/wp\/v2\/media\/20958"}],"wp:attachment":[{"href":"https:\/\/swissmassage.ch\/fr\/wp-json\/wp\/v2\/media?parent=5707"}],"wp:term":[{"taxonomy":"pwb-brand","embeddable":true,"href":"https:\/\/swissmassage.ch\/fr\/wp-json\/wp\/v2\/pwb-brand?post=5707"},{"taxonomy":"product_brand","embeddable":true,"href":"https:\/\/swissmassage.ch\/fr\/wp-json\/wp\/v2\/product_brand?post=5707"},{"taxonomy":"product_cat","embeddable":true,"href":"https:\/\/swissmassage.ch\/fr\/wp-json\/wp\/v2\/product_cat?post=5707"},{"taxonomy":"product_tag","embeddable":true,"href":"https:\/\/swissmassage.ch\/fr\/wp-json\/wp\/v2\/product_tag?post=5707"},{"taxonomy":"product_folder","embeddable":true,"href":"https:\/\/swissmassage.ch\/fr\/wp-json\/wp\/v2\/product_folder?post=5707"}],"curies":[{"name":"wp","href":"https:\/\/api.w.org\/{rel}","templated":true}]}}