{"id":5855,"date":"2023-05-24T15:29:34","date_gmt":"2023-05-24T15:29:34","guid":{"rendered":"https:\/\/suissemassage.digichablais.ch\/?product=chariot-medical-modele-deros"},"modified":"2026-01-19T16:17:23","modified_gmt":"2026-01-19T15:17:23","slug":"chariot-medical-modele-deros","status":"publish","type":"product","link":"https:\/\/swissmassage.ch\/fr\/produits\/chariot-medical-modele-deros\/","title":{"rendered":"Chariot m\u00e9dical mod\u00e8le Deros"},"content":{"rendered":"<h2>Chariot m\u00e9dical \u00e0 roulettes avec 5 tiroirs, mod\u00e8le Deros, disponible sur commande.<\/h2>\n<p>Con\u00e7u pour les h\u00f4pitaux et les centres m\u00e9dicaux, le chariot m\u00e9dical mod\u00e8le Deros se d\u00e9place facilement grace \u00e0 ses roues \u00e0 roulement \u00e0 billes.<br \/>\nil se trabilise avec son syst\u00e8me de freins \u00e0 pieds.<br \/>\nDot\u00e9 de cinq tiroirs fermants \u00e0 clefs, le chariot m\u00e9dical se rallonge avec une tablette extensible.<br \/>\nil porte deux poubelles grise et jaune, un panier blanc et un r\u00e9cipant polyvalent jaune.<br \/>\nLes tiroirs poss\u00e8dent des s\u00e9parateurs modulables.<br \/>\nil est surmont\u00e9 de receptacles \u00e0 tiroirs pour les m\u00e9dicaments ou autres accessoires de soins.<\/p>\n<h2>Description technique:<\/h2>\n<p>5 tiroirs<br \/>\n2 poubelles<br \/>\n1 Boite polyvalente<br \/>\n1 Panier en fil d&rsquo;acier inoxydable<br \/>\n1 Plateau lat\u00e9ral extensible, tablett<br \/>\n10 s\u00e9parateurs transparents pour les accessoirs de soins<br \/>\nS\u00e9parateurs organiseurs de tiroirs<br \/>\nGlissi\u00e8res \u00e0 fermeture douce<br \/>\n4 Roues verrouillables<br \/>\n1 Serrure centrale \u00e0 cl\u00e9<br \/>\n1 poign\u00e9e de pouss\u00e9e<\/p>\n<h2>Dimensions:<\/h2>\n<p>Largeur : 67 cm<br \/>\nProfondeur : 50 cm<br \/>\nHauteur :100 cm<br \/>\n(surface)<br \/>\n\u00d8 roue : 10 cm<br \/>\nPoids : 72 kg<br \/>\nCharge max : 50 kg \/ tiroir<br \/>\nMat\u00e9riau :alliaged&rsquo;aluminium etABS<br \/>\nSurface : ABS Blanc<br \/>\nCouleur : Bleu<\/p>\n<div style=\"width: 640px;\" class=\"wp-video\"><video class=\"wp-video-shortcode\" id=\"video-5855-1\" width=\"640\" height=\"368\" preload=\"auto\" controls=\"controls\"><source type=\"video\/mp4\" src=\"https:\/\/swissmassage.ch\/wp-content\/uploads\/Video-chariot-medical-Swissmassage-Deros.mp4?_=1\" \/><a href=\"https:\/\/swissmassage.ch\/wp-content\/uploads\/Video-chariot-medical-Swissmassage-Deros.mp4\">https:\/\/swissmassage.ch\/wp-content\/uploads\/Video-chariot-medical-Swissmassage-Deros.mp4<\/a><\/video><\/div>\n","protected":false},"excerpt":{"rendered":"<p>Chariot m\u00e9dical \u00e0 roulettes avec 5 tiroirs, mod\u00e8le Deros, disponible sur commande. Con\u00e7u pour les h\u00f4pitaux et les centres m\u00e9dicaux, le chariot m\u00e9dical mod\u00e8le Deros se d\u00e9place facilement grace \u00e0 ses roues \u00e0 roulement \u00e0 billes. il se trabilise avec son syst\u00e8me de freins \u00e0 pieds. Dot\u00e9 de cinq tiroirs fermants \u00e0 clefs, le chariot&hellip;<\/p>\n","protected":false},"featured_media":7667,"template":"","meta":{"_seopress_robots_primary_cat":"none","_seopress_titles_title":"","_seopress_titles_desc":"Chariot m\u00e9dical mod\u00e8le Deros pour les h\u00f4pitaux et les centres m\u00e9dicaux.","_seopress_robots_index":""},"pwb-brand":[],"product_brand":[],"product_cat":[383,1076],"product_tag":[1203,1201],"product_folder":[1014],"class_list":{"0":"post-5855","1":"product","2":"type-product","3":"status-publish","4":"has-post-thumbnail","6":"product_cat-chariots-medicaux","7":"product_cat-tous-les-articles-physio-medical","8":"product_tag-chariots-medicaux","9":"product_tag-medical","11":"first","12":"instock","13":"taxable","14":"shipping-taxable","15":"purchasable","16":"product-type-simple"},"exclude_global_add_ons":[],"addons":[],"brands":[],"_links":{"self":[{"href":"https:\/\/swissmassage.ch\/fr\/wp-json\/wp\/v2\/product\/5855","targetHints":{"allow":["GET"]}}],"collection":[{"href":"https:\/\/swissmassage.ch\/fr\/wp-json\/wp\/v2\/product"}],"about":[{"href":"https:\/\/swissmassage.ch\/fr\/wp-json\/wp\/v2\/types\/product"}],"wp:featuredmedia":[{"embeddable":true,"href":"https:\/\/swissmassage.ch\/fr\/wp-json\/wp\/v2\/media\/7667"}],"wp:attachment":[{"href":"https:\/\/swissmassage.ch\/fr\/wp-json\/wp\/v2\/media?parent=5855"}],"wp:term":[{"taxonomy":"pwb-brand","embeddable":true,"href":"https:\/\/swissmassage.ch\/fr\/wp-json\/wp\/v2\/pwb-brand?post=5855"},{"taxonomy":"product_brand","embeddable":true,"href":"https:\/\/swissmassage.ch\/fr\/wp-json\/wp\/v2\/product_brand?post=5855"},{"taxonomy":"product_cat","embeddable":true,"href":"https:\/\/swissmassage.ch\/fr\/wp-json\/wp\/v2\/product_cat?post=5855"},{"taxonomy":"product_tag","embeddable":true,"href":"https:\/\/swissmassage.ch\/fr\/wp-json\/wp\/v2\/product_tag?post=5855"},{"taxonomy":"product_folder","embeddable":true,"href":"https:\/\/swissmassage.ch\/fr\/wp-json\/wp\/v2\/product_folder?post=5855"}],"curies":[{"name":"wp","href":"https:\/\/api.w.org\/{rel}","templated":true}]}}