{"id":5860,"date":"2023-05-24T15:29:36","date_gmt":"2023-05-24T15:29:36","guid":{"rendered":"https:\/\/suissemassage.digichablais.ch\/?product=chariot-medical-modele-anzi"},"modified":"2026-01-19T16:15:53","modified_gmt":"2026-01-19T15:15:53","slug":"chariot-medical-modele-anzi","status":"publish","type":"product","link":"https:\/\/swissmassage.ch\/fr\/produits\/chariot-medical-modele-anzi\/","title":{"rendered":"Chariot m\u00e9dical mod\u00e8le Anzi"},"content":{"rendered":"<h2>Chariot m\u00e9dical \u00e0 roulettes avec 5 tiroirs, mod\u00e8le Anzi, disponible sur commande.<\/h2>\n<p>Con\u00e7u pour les h\u00f4pitaux et les centres m\u00e9dicaux, le chariot m\u00e9dical mod\u00e8le Anzi se d\u00e9place facilement grace \u00e0 ses roues \u00e0 roulement \u00e0 billes.<br \/>\nil se trabilise avec son syst\u00e8me de freins \u00e0 pieds.<br \/>\nDot\u00e9 de cinq tiroirs fermants \u00e0 clefs, le chariot m\u00e9dical se rallonge avec une tablette extensible.<br \/>\nil porte deux poubelles grise et jaune, un panier blanc et un r\u00e9cipant polyvalent jaune.<br \/>\nLes tiroirs poss\u00e8dent des s\u00e9parateurs modulables.<br \/>\nil est surmont\u00e9 de petits statifs de suspension.<\/p>\n<h2>Description technique:<\/h2>\n<p>1 Etag\u00e8re d\u00e9fibrillateur<br \/>\n5 Tiroirs<br \/>\n1 Support de r\u00e9servoir d&rsquo;oxyg\u00e8ne<br \/>\n1 Conseil de RCP<br \/>\n2 poubelles<br \/>\n1 Panier en fil d&rsquo;acier inoxydable<br \/>\n1 Socle de prise<br \/>\n1 Plateau lat\u00e9ral extensible<br \/>\nS\u00e9parateurs pour organiser les tiroirs<br \/>\nGlissi\u00e8res \u00e0 fermeture douce<br \/>\nRoues verrouillables<br \/>\nSerrure centrale \u00e0 cl\u00e9<\/p>\n<h2>Dimensions:<\/h2>\n<p>Largeur : 67 cm<br \/>\nProfondeur : 50 cm<br \/>\nHauteur :100 cm<br \/>\n(surface)<br \/>\n\u00d8 roue : 10 cm<br \/>\nPoids : 52 kg<br \/>\nCharge max : 50 kg \/ tiroir<br \/>\nMat\u00e9riau :alliage aluminium et ABS<br \/>\nSurface : ABS blanc<br \/>\nCouleur : Rouge<\/p>\n<div style=\"width: 640px;\" class=\"wp-video\"><video class=\"wp-video-shortcode\" id=\"video-5860-1\" width=\"640\" height=\"368\" preload=\"auto\" controls=\"controls\"><source type=\"video\/mp4\" src=\"https:\/\/swissmassage.ch\/wp-content\/uploads\/Video-chariot-medical-Swissmassage-Anzi.mp4?_=1\" \/><a href=\"https:\/\/swissmassage.ch\/wp-content\/uploads\/Video-chariot-medical-Swissmassage-Anzi.mp4\">https:\/\/swissmassage.ch\/wp-content\/uploads\/Video-chariot-medical-Swissmassage-Anzi.mp4<\/a><\/video><\/div>\n","protected":false},"excerpt":{"rendered":"<p>Chariot m\u00e9dical \u00e0 roulettes avec 5 tiroirs, mod\u00e8le Anzi, disponible sur commande. Con\u00e7u pour les h\u00f4pitaux et les centres m\u00e9dicaux, le chariot m\u00e9dical mod\u00e8le Anzi se d\u00e9place facilement grace \u00e0 ses roues \u00e0 roulement \u00e0 billes. il se trabilise avec son syst\u00e8me de freins \u00e0 pieds. Dot\u00e9 de cinq tiroirs fermants \u00e0 clefs, le chariot&hellip;<\/p>\n","protected":false},"featured_media":7658,"template":"","meta":{"_seopress_robots_primary_cat":"none","_seopress_titles_title":"","_seopress_titles_desc":"Chariot m\u00e9dical mod\u00e8le Anzi pour les h\u00f4pitaux et les centres m\u00e9dicaux.","_seopress_robots_index":""},"pwb-brand":[],"product_brand":[],"product_cat":[383,1076],"product_tag":[1203,1201],"product_folder":[1014],"class_list":{"0":"post-5860","1":"product","2":"type-product","3":"status-publish","4":"has-post-thumbnail","6":"product_cat-chariots-medicaux","7":"product_cat-tous-les-articles-physio-medical","8":"product_tag-chariots-medicaux","9":"product_tag-medical","11":"first","12":"instock","13":"taxable","14":"shipping-taxable","15":"purchasable","16":"product-type-simple"},"exclude_global_add_ons":[],"addons":[],"brands":[],"_links":{"self":[{"href":"https:\/\/swissmassage.ch\/fr\/wp-json\/wp\/v2\/product\/5860","targetHints":{"allow":["GET"]}}],"collection":[{"href":"https:\/\/swissmassage.ch\/fr\/wp-json\/wp\/v2\/product"}],"about":[{"href":"https:\/\/swissmassage.ch\/fr\/wp-json\/wp\/v2\/types\/product"}],"wp:featuredmedia":[{"embeddable":true,"href":"https:\/\/swissmassage.ch\/fr\/wp-json\/wp\/v2\/media\/7658"}],"wp:attachment":[{"href":"https:\/\/swissmassage.ch\/fr\/wp-json\/wp\/v2\/media?parent=5860"}],"wp:term":[{"taxonomy":"pwb-brand","embeddable":true,"href":"https:\/\/swissmassage.ch\/fr\/wp-json\/wp\/v2\/pwb-brand?post=5860"},{"taxonomy":"product_brand","embeddable":true,"href":"https:\/\/swissmassage.ch\/fr\/wp-json\/wp\/v2\/product_brand?post=5860"},{"taxonomy":"product_cat","embeddable":true,"href":"https:\/\/swissmassage.ch\/fr\/wp-json\/wp\/v2\/product_cat?post=5860"},{"taxonomy":"product_tag","embeddable":true,"href":"https:\/\/swissmassage.ch\/fr\/wp-json\/wp\/v2\/product_tag?post=5860"},{"taxonomy":"product_folder","embeddable":true,"href":"https:\/\/swissmassage.ch\/fr\/wp-json\/wp\/v2\/product_folder?post=5860"}],"curies":[{"name":"wp","href":"https:\/\/api.w.org\/{rel}","templated":true}]}}