{"id":5910,"date":"2023-05-24T15:30:57","date_gmt":"2023-05-24T13:30:57","guid":{"rendered":"https:\/\/suissemassage.digichablais.ch\/?product=tabouret-cabinet-medical-modele-noble-iso-blanc"},"modified":"2026-02-12T11:43:42","modified_gmt":"2026-02-12T10:43:42","slug":"tabouret-cabinet-medical-modele-noble-iso-blanc","status":"publish","type":"product","link":"https:\/\/swissmassage.ch\/fr\/produits\/tabouret-cabinet-medical-modele-noble-iso-blanc\/","title":{"rendered":"Tabouret cabinet m\u00e9dical mod\u00e8le Noble ISO Blanc"},"content":{"rendered":"<h2>Tabouret pour cabinet m\u00e9dical mod\u00e8le Noble iso blanc.<\/h2>\n<p>Tabouret pour m\u00e9decins avec si\u00e8ge en forme de selle et dossier.<br \/>\nRev\u00eatement aux normes m\u00e9dicales.<br \/>\nR\u00e9glage de l&rsquo;inclinaison du si\u00e8ge.<br \/>\nR\u00e9glage de l&rsquo;inclinaison du dossier.<br \/>\nGrand r\u00e9glage de hauteur de 55 cm \u00e0 75 cm.<br \/>\nDimensions assise 42 cm.<br \/>\nPoids 11 kg. Poids maximum support\u00e9 100 kg<br \/>\nAvec commande \u00e0 main.<br \/>\nId\u00e9al pour les m\u00e9decins.<br \/>\nVeuillez noter qu&rsquo;en raison des diff\u00e9rences morphologiques de chaque personne, nous vous conseillons vivement d&rsquo;essayer les tabourets dans notre exposition \u00e0 Aigle avant de finaliser votre achat. En cas d&rsquo;erreur d&rsquo;achat, les tabourets ne pourront ni \u00eatre retourn\u00e9s ni \u00e9chang\u00e9s.<\/p>\n","protected":false},"excerpt":{"rendered":"<p>Tabouret pour cabinet m\u00e9dical mod\u00e8le Noble iso blanc. Tabouret pour m\u00e9decins avec si\u00e8ge en forme de selle et dossier. Rev\u00eatement aux normes m\u00e9dicales. R\u00e9glage de l&rsquo;inclinaison du si\u00e8ge. R\u00e9glage de l&rsquo;inclinaison du dossier. Grand r\u00e9glage de hauteur de 55 cm \u00e0 75 cm. Dimensions assise 42 cm. Poids 11 kg. Poids maximum support\u00e9 100 kg&hellip;<\/p>\n","protected":false},"featured_media":5911,"template":"","meta":{"_seopress_robots_primary_cat":"none","_seopress_titles_title":"Tabouret cabinet m\u00e9dical Noble ISO Blanc - Swissmassage","_seopress_titles_desc":"Tabouret m\u00e9dical mod\u00e8le Noble iso blanc, avec si\u00e8ge en forme de selle et dossier inclinables. Rev\u00eatement conforme aux normes m\u00e9dicales pour un confort optimal en cabinet m\u00e9dical.","_seopress_robots_index":""},"pwb-brand":[],"product_brand":[],"product_cat":[1050,1052,235,1051,1049,1079,1077,1076,1078,1075],"product_tag":[1037,1040,1038,1043],"product_folder":[992],"class_list":{"0":"post-5910","1":"product","2":"type-product","3":"status-publish","4":"has-post-thumbnail","6":"product_cat-chaises-pour-estheticiennes","7":"product_cat-tabourets-et-confort","8":"product_cat-esthetique-tabourets","9":"product_cat-tabourets-pour-spa","10":"product_cat-tabourets-pour-therapeutes","11":"product_cat-tous-les-accessoires-de-massage","12":"product_cat-tous-les-articles-esthetiques","13":"product_cat-tous-les-articles-physio-medical","14":"product_cat-tous-les-articles-spa-beaute","15":"product_cat-tous-les-articles-de-massage","16":"product_tag-tabouret","17":"product_tag-tabouret-en-forme-de-selle","18":"product_tag-tabouret-ergonomique","19":"product_tag-tabouret-medical","21":"first","22":"instock","23":"taxable","24":"shipping-taxable","25":"purchasable","26":"product-type-simple"},"exclude_global_add_ons":[],"addons":[],"brands":[],"_links":{"self":[{"href":"https:\/\/swissmassage.ch\/fr\/wp-json\/wp\/v2\/product\/5910","targetHints":{"allow":["GET"]}}],"collection":[{"href":"https:\/\/swissmassage.ch\/fr\/wp-json\/wp\/v2\/product"}],"about":[{"href":"https:\/\/swissmassage.ch\/fr\/wp-json\/wp\/v2\/types\/product"}],"wp:featuredmedia":[{"embeddable":true,"href":"https:\/\/swissmassage.ch\/fr\/wp-json\/wp\/v2\/media\/5911"}],"wp:attachment":[{"href":"https:\/\/swissmassage.ch\/fr\/wp-json\/wp\/v2\/media?parent=5910"}],"wp:term":[{"taxonomy":"pwb-brand","embeddable":true,"href":"https:\/\/swissmassage.ch\/fr\/wp-json\/wp\/v2\/pwb-brand?post=5910"},{"taxonomy":"product_brand","embeddable":true,"href":"https:\/\/swissmassage.ch\/fr\/wp-json\/wp\/v2\/product_brand?post=5910"},{"taxonomy":"product_cat","embeddable":true,"href":"https:\/\/swissmassage.ch\/fr\/wp-json\/wp\/v2\/product_cat?post=5910"},{"taxonomy":"product_tag","embeddable":true,"href":"https:\/\/swissmassage.ch\/fr\/wp-json\/wp\/v2\/product_tag?post=5910"},{"taxonomy":"product_folder","embeddable":true,"href":"https:\/\/swissmassage.ch\/fr\/wp-json\/wp\/v2\/product_folder?post=5910"}],"curies":[{"name":"wp","href":"https:\/\/api.w.org\/{rel}","templated":true}]}}