{"id":5931,"date":"2023-05-24T15:31:09","date_gmt":"2023-05-24T15:31:09","guid":{"rendered":"https:\/\/suissemassage.digichablais.ch\/?product=initiation-au-massage-sportif-ou-relaxant"},"modified":"2026-02-05T09:33:40","modified_gmt":"2026-02-05T08:33:40","slug":"initiation-au-massage-sportif","status":"publish","type":"product","link":"https:\/\/swissmassage.ch\/fr\/produits\/initiation-au-massage-sportif\/","title":{"rendered":"Cours d&rsquo;initiation au massage sportif"},"content":{"rendered":"<h2>Initiation au massage sportif<\/h2>\n<p>L&rsquo;initiation aux massages sportif est une excellente opportunit\u00e9 \u00e0 saisir pour les personnes qui cherchent \u00e0 apprendre la base des techniques de massage et \u00e0 acqu\u00e9rir des comp\u00e9tences pour offrir des massages \u00e0 leurs amis sportifs, leur famille ou \u00e0 eux-m\u00eames.<br \/>\nIl s&rsquo;agit d&rsquo;un atelier d\u2019une demi-journ\u00e9e durant laquelle une th\u00e9rapeute dipl\u00f4m\u00e9e vous enseigne les bases des techniques de massage sportif, en axant principalement l&rsquo;enseignement sur la pratique.<br \/>\nLes \u00e9quipements comme les tables de massage, les protections et les huiles, sont fournis par Swissmassage, ainsi qu&rsquo;un grand linge de massage format XL, qui vous est offert \u00e0 la fin du cours.<\/p>\n<h2>Programme de la matin\u00e9e :<\/h2>\n<p><strong>08:00 &#8211; 08:10<\/strong>\u00a0 Accueil et installation des tables de massage pliables<br \/>\n<strong>08:10 &#8211; 08:15<\/strong>\u00a0 Mot de bienvenue et programme de la matin\u00e9e<br \/>\n<strong>08:15 &#8211; 08:35<\/strong>\u00a0 Tour de table, relation de chacun au massage, int\u00e9r\u00eat et attentes des participants, rapide pr\u00e9sentation du parcours de l&rsquo;intervenant<br \/>\n<strong>08:35 &#8211; 08:45<\/strong>\u00a0 Explications des contre-indications au massage et points importants d&rsquo;une anamn\u00e8se<br \/>\n<strong>08:45 &#8211; 09:20<\/strong>\u00a0 D\u00e9monstrations des mouvements par partie, 1 (pied &#8211; jambe recto\/verso), 2 (dos, nuque, bras, pectoraux)<br \/>\n<strong>09:20 &#8211; 09:40<\/strong>\u00a0 Pratique des mouvements du groupe 1 (membres inf\u00e9rieurs)<br \/>\n<strong>09:40 &#8211; 10:00<\/strong>\u00a0 Pratique des mouvements du groupe 2 (membres inf\u00e9rieurs)<br \/>\n<strong>10:00 &#8211; 10:15<\/strong>\u00a0 Pause<br \/>\n<strong>10:15 &#8211; 10:45<\/strong>\u00a0 Pratique des mouvements du groupe 1 (membres sup\u00e9rieurs)<br \/>\n<strong>10:45 &#8211; 11:15<\/strong>\u00a0 Pratique des mouvements du groupe 2 (membres sup\u00e9rieurs)<br \/>\n<strong>11:15 &#8211; 11:30<\/strong>\u00a0 Questions et r\u00e9visions des passages du corps \u00e0 remontrer + revue des contre-indications au massage<br \/>\n<strong>11:30 &#8211; 11:50<\/strong>\u00a0 Pr\u00e9sentation des tables de massages, des huiles et des accessoires<br \/>\n<strong>11:50 &#8211; 12:00<\/strong>\u00a0 Cl\u00f4ture et bilan de la matin\u00e9e<\/p>\n<h2>Informations pratiques :<\/h2>\n<p>Le cours commence \u00e0 8h \u00e0 <a href=\"https:\/\/maps.app.goo.gl\/HLG517iD5GJQRj8w6\">Swissmassage (Chemin des \u00eeles 16, 1860 Aigle)<\/a> et se termine \u00e0 12h.<br \/>\nNous disposons de places de parking.<br \/>\nLe cours s&rsquo;effectue en bin\u00f4me. Chacun son tour, le masseur se fait mass\u00e9 et vice-versa.<br \/>\nSi vous ne vous inscrivez pas en bin\u00f4me, vous pourrez tout de m\u00eame effectuer le cours avec un autre participant inscrit seul.<br \/>\nPr\u00e9voyez de prendre un maillot de bain pour un bon confort.<br \/>\nTout au long du cours, vous pourrez bien entendu poser des questions et nous y r\u00e9pondrons avec plaisir.<br \/>\nUn linge de massage de grande taille vous est offert \u00e0 l&rsquo;issue de la matin\u00e9e.<\/p>\n<h2>Objectif de l&rsquo;atelier de massage sportif<\/h2>\n<p>En pratiquant rapidement apr\u00e8s un cours d&rsquo;initiation aux massages, vous \u00eates plus \u00e0 m\u00eame de retenir les informations et les comp\u00e9tences apprises, ce qui vous permet de les mettre en pratique de mani\u00e8re efficace. En massant\u00a0 r\u00e9guli\u00e8rement, vous pouvez d\u00e9velopper des comp\u00e9tences et des techniques avanc\u00e9es, pour proposer des massages adapt\u00e9s aux besoins sp\u00e9cifiques.<br \/>\nEn apprenant les diff\u00e9rences entre les techniques de massages, vous comprendrez les avantages et les bienfaits de chaque type de massage. Par exemple, le massage dit \u00ab\u00a0su\u00e9dois\u00a0\u00bb est un type de massage qui est souvent utilis\u00e9 pour la relaxation et le soulagement du stress, tandis que le massage sportif est utilis\u00e9 pour aider \u00e0 r\u00e9duire les courbatures et \u00e0 am\u00e9liorer la r\u00e9cup\u00e9ration apr\u00e8s une activit\u00e9 physique intense.<br \/>\nEn apprenant \u00e0 choisir la bonne huile de massage, vous pourrez cr\u00e9er une exp\u00e9rience de massage plus agr\u00e9able et b\u00e9n\u00e9fique. Choisir la bonne huile aidera \u00e0 am\u00e9liorer la fluidit\u00e9 du massage, ainsi qu&rsquo;\u00e0 offrir des avantages suppl\u00e9mentaires pour la peau.<br \/>\nL\u2019atelier \u00ab\u00a0Initiation aux massages\u00a0\u00bb peut \u00eatre une r\u00e9v\u00e9lation pour certaines personnes, en augmentant leur connaissance et leur compr\u00e9hension du corps humain, ainsi qu&rsquo;en leur permettant d&rsquo;offrir des massages relaxants et sportifs \u00e0 leur entourage proche. Cela peut \u00e9galement \u00eatre une excellente opportunit\u00e9 pour ceux qui cherchent \u00e0 d\u00e9velopper des comp\u00e9tences professionnelles dans le domaine du bien-\u00eatre et de la sant\u00e9.<\/p>\n","protected":false},"excerpt":{"rendered":"<p>Initiation au massage sportif L&rsquo;initiation aux massages sportif est une excellente opportunit\u00e9 \u00e0 saisir pour les personnes qui cherchent \u00e0 apprendre la base des techniques de massage et \u00e0 acqu\u00e9rir des comp\u00e9tences pour offrir des massages \u00e0 leurs amis sportifs, leur famille ou \u00e0 eux-m\u00eames. Il s&rsquo;agit d&rsquo;un atelier d\u2019une demi-journ\u00e9e durant laquelle une th\u00e9rapeute&hellip;<\/p>\n","protected":false},"featured_media":20129,"template":"","meta":{"_seopress_robots_primary_cat":"1228","_seopress_titles_title":"Cours d'initiation au massage sportif - Swissmassage","_seopress_titles_desc":"L'initiation aux massages est une excellente opportunit\u00e9 \u00e0 saisir pour les personnes qui cherchent \u00e0 apprendre la base des techniques de massage et \u00e0 acqu\u00e9rir des comp\u00e9tences.","_seopress_robots_index":""},"pwb-brand":[],"product_brand":[],"product_cat":[1228,1075],"product_tag":[],"product_folder":[1005],"class_list":{"0":"post-5931","1":"product","2":"type-product","3":"status-publish","4":"has-post-thumbnail","6":"product_cat-formation","7":"product_cat-tous-les-articles-de-massage","8":"product_shipping_class-frais-de-port-inclus-colis","10":"first","11":"instock","12":"taxable","13":"shipping-taxable","14":"purchasable","15":"product-type-simple"},"exclude_global_add_ons":[],"addons":[],"brands":[],"_links":{"self":[{"href":"https:\/\/swissmassage.ch\/fr\/wp-json\/wp\/v2\/product\/5931","targetHints":{"allow":["GET"]}}],"collection":[{"href":"https:\/\/swissmassage.ch\/fr\/wp-json\/wp\/v2\/product"}],"about":[{"href":"https:\/\/swissmassage.ch\/fr\/wp-json\/wp\/v2\/types\/product"}],"wp:featuredmedia":[{"embeddable":true,"href":"https:\/\/swissmassage.ch\/fr\/wp-json\/wp\/v2\/media\/20129"}],"wp:attachment":[{"href":"https:\/\/swissmassage.ch\/fr\/wp-json\/wp\/v2\/media?parent=5931"}],"wp:term":[{"taxonomy":"pwb-brand","embeddable":true,"href":"https:\/\/swissmassage.ch\/fr\/wp-json\/wp\/v2\/pwb-brand?post=5931"},{"taxonomy":"product_brand","embeddable":true,"href":"https:\/\/swissmassage.ch\/fr\/wp-json\/wp\/v2\/product_brand?post=5931"},{"taxonomy":"product_cat","embeddable":true,"href":"https:\/\/swissmassage.ch\/fr\/wp-json\/wp\/v2\/product_cat?post=5931"},{"taxonomy":"product_tag","embeddable":true,"href":"https:\/\/swissmassage.ch\/fr\/wp-json\/wp\/v2\/product_tag?post=5931"},{"taxonomy":"product_folder","embeddable":true,"href":"https:\/\/swissmassage.ch\/fr\/wp-json\/wp\/v2\/product_folder?post=5931"}],"curies":[{"name":"wp","href":"https:\/\/api.w.org\/{rel}","templated":true}]}}