{"id":7118,"date":"2023-10-19T17:07:20","date_gmt":"2023-10-19T15:07:20","guid":{"rendered":"https:\/\/suissemassage.digichablais.ch\/?post_type=product&#038;p=7118"},"modified":"2026-01-19T09:17:09","modified_gmt":"2026-01-19T08:17:09","slug":"table-de-massage-electrique-modele-noe","status":"publish","type":"product","link":"https:\/\/swissmassage.ch\/fr\/produits\/table-de-massage-electrique-modele-noe\/","title":{"rendered":"Table de massage \u00e9lectrique mod\u00e8le No\u00e9"},"content":{"rendered":"<h2>Table de massage \u00e9lectrique mod\u00e8le No\u00e9<\/h2>\n<p class=\"rouge\" style=\"text-align: justify;\">Description de la table de massage No\u00e9:<\/p>\n<p class=\"rouge\" style=\"text-align: justify;\"><span style=\"color: #000000;\">2 moteurs pour le r\u00e9glage de la hauteur de 70 cm \u00e0 101 cm.<\/span><br \/>\n<span style=\"color: #000000;\">1 moteur r\u00e8gle le dossier en position assise.<\/span><br \/>\n<span style=\"color: #000000;\">1\u00a0moteur permet de relever les jambes afin de soulager les lombaires.<\/span><br \/>\n<span style=\"color: #000000;\">Rev\u00eatement souple en Polyur\u00e9thane blanc.<\/span><br \/>\n<span style=\"color: #000000;\">Dossier avec trou facial et bouchon.<\/span><br \/>\n<span style=\"color: #000000;\">Repose bras r\u00e9glables pour un meilleur confort en position ventrale.<\/span><br \/>\n<span style=\"color: #000000;\">Mousse sp\u00e9ciale extra-confort de <\/span><span style=\"color: #000000;\">12 <span class=\"rouge\">cm<\/span><\/span><span style=\"color: #000000;\">.<\/span><br \/>\n<span style=\"color: #000000;\">Design id\u00e9al pour les H\u00f4tels, les SPA et les instituts modernes.<br \/>\nNatte chauffante int\u00e9gr\u00e9e. (!)<br \/>\n\u00c9clairage leds int\u00e9gr\u00e9.<\/span><br \/>\n<span style=\"color: #000000;\">Largeur 81 cm,<\/span><br \/>\n<span style=\"color: #000000;\">Longueur 200 cm.<\/span><br \/>\n<span style=\"color: #000000;\">Hauteur 70 \u00e0 101 cm.<\/span><br \/>\n<span style=\"color: #000000;\">Poids 110 kg.<br \/>\nPoids maximum de travail 200 kg.<br \/>\n<\/span><\/p>\n<p>(!)<br \/>\nLa natte chauffante int\u00e9gr\u00e9e est con\u00e7ue de fa\u00e7on \u00e0 ti\u00e9dir le matelas donnant au patient une sensation de bien-\u00eatre. La chaleur fournie est diffuse et n\u2019a pas de vocation th\u00e9rapeutique.<br \/>\nPour une utilisation th\u00e9rapeutique, nous conseillons l&rsquo;achat notre <a href=\"https:\/\/swissmassage.ch\/produit\/couverture-chauffante-table-de-massage\/\"><span style=\"color: #993366;\">couverture chauffante<\/span><\/a>, r\u00e9glable sur 10 niveaux de temp\u00e9ratures et \u00e9quip\u00e9e d\u2019un minuterie programmable de une \u00e0 dix heures qui s\u2019\u00e9teint automatiquement apr\u00e8s utilisation.<\/p>\n<h3>Philosophie de la table de massage mod\u00e8le No\u00e9:<\/h3>\n<p>Dans l&rsquo;atmosph\u00e8re feutr\u00e9e d&rsquo;un institut moderne ou d&rsquo;un luxueux spa, tr\u00f4ne majestueusement la table de massage \u00e9lectrique mod\u00e8le No\u00e9 de chez Swissmassage, une incarnation de l&rsquo;\u00e9l\u00e9gance et du confort. Imposante et accueillante, elle invite \u00e0 un voyage sensoriel hors du commun.<br \/>\nD&rsquo;une construction ing\u00e9nieuse, cette table est \u00e9quip\u00e9e de 2 moteurs permettant un ajustement parfait de la hauteur, s&rsquo;\u00e9levant de 58 cm \u00e0 78 cm pour s&rsquo;adapter \u00e0 toutes les pr\u00e9f\u00e9rences. Un moteur suppl\u00e9mentaire assure le r\u00e9glage du dossier, offrant une position assise id\u00e9ale pour les traitements sp\u00e9cifiques. Mais son innovation la plus saisissante r\u00e9side dans le moteur d\u00e9di\u00e9 \u00e0 relever les jambes, soulageant ainsi les lombaires du patient, un luxe de bien-\u00eatre in\u00e9gal\u00e9.<br \/>\nRev\u00eatue d&rsquo;un mat\u00e9riau souple en polyur\u00e9thane blanc, elle allie praticit\u00e9 et esth\u00e9tique raffin\u00e9e. Le dossier, dot\u00e9 d&rsquo;un trou facial discret et d&rsquo;un bouchon pour une polyvalence sans \u00e9gal, accueille le client dans un confort absolu. Les repose-bras r\u00e9glables ajoutent une touche de sophistication, garantissant une position ventrale des plus relaxantes.<br \/>\nL&rsquo;\u00e9paisseur de sa mousse sp\u00e9ciale extra-confort de 12 cm enveloppe le corps dans un cocon de douceur, tandis que son design \u00e9pur\u00e9 s&rsquo;harmonise parfaitement avec les d\u00e9cors des h\u00f4tels de prestige, des spas haut de gamme et des instituts de beaut\u00e9 modernes.<br \/>\nCe qui distingue v\u00e9ritablement la table No\u00e9, c&rsquo;est sa natte chauffante int\u00e9gr\u00e9e, une touche de luxe supr\u00eame. Con\u00e7ue pour r\u00e9chauffer subtilement le matelas, elle enveloppe le client d&rsquo;une chaleur diffuse, lui procurant une sensation de bien-\u00eatre in\u00e9gal\u00e9e. Il convient de noter que cette fonction n&rsquo;a pas de vocation th\u00e9rapeutique. Pour des besoins th\u00e9rapeutiques sp\u00e9cifiques, Swissmassage recommande l&rsquo;acquisition de la couverture chauffante ajustable, dot\u00e9e de fonctionnalit\u00e9s avanc\u00e9es telles que 10 niveaux de temp\u00e9rature et une minuterie programmable d\u2019une \u00e0 dix heures, garantissant un confort sur mesure et une s\u00e9curit\u00e9 optimale.<br \/>\nAvec des dimensions g\u00e9n\u00e9reuses de 80 cm de largeur et 200 cm de longueur, la table No\u00e9 accueille ais\u00e9ment une grande vari\u00e9t\u00e9 de clients, tandis que sa robustesse, avec un poids de 110 kg et une capacit\u00e9 de travail maximale de 200 kg, assure une fiabilit\u00e9 sans faille, gage d&rsquo;une exp\u00e9rience de massage exceptionnelle.<\/p>\n","protected":false},"excerpt":{"rendered":"<p>Table de massage \u00e9lectrique mod\u00e8le No\u00e9 Description de la table de massage No\u00e9: 2 moteurs pour le r\u00e9glage de la hauteur de 70 cm \u00e0 101 cm. 1 moteur r\u00e8gle le dossier en position assise. 1\u00a0moteur permet de relever les jambes afin de soulager les lombaires. Rev\u00eatement souple en Polyur\u00e9thane blanc. Dossier avec trou facial&hellip;<\/p>\n","protected":false},"featured_media":7869,"template":"","meta":{"_seopress_robots_primary_cat":"286","_seopress_titles_title":"","_seopress_titles_desc":"En plus d'un design tr\u00e8s \u00e9l\u00e9gant, la table de massage \u00e9lectrique No\u00e9 offre un tr\u00e8s bon confort gr\u00e2ce \u00e0 sa mousse sp\u00e9ciale de 12 cm.","_seopress_robots_index":""},"pwb-brand":[],"product_brand":[],"product_cat":[1136,213,286,1077,1078,1075],"product_tag":[1137,1134,1139,1064,1130,1065,1138],"product_folder":[987],"class_list":{"0":"post-7118","1":"product","2":"type-product","3":"status-publish","4":"has-post-thumbnail","6":"product_cat-tables-desthetique","7":"product_cat-table-de-massage-electrique","8":"product_cat-table-de-spa-fauteuil-de-spa-lit-de-spa","9":"product_cat-tous-les-articles-esthetiques","10":"product_cat-tous-les-articles-spa-beaute","11":"product_cat-tous-les-articles-de-massage","12":"product_tag-equipements-spa","13":"product_tag-esthetique","14":"product_tag-spa","15":"product_tag-table-de-massage","16":"product_tag-table-de-massage-electrique","17":"product_tag-table-de-spa","18":"product_tag-table-esthetique","20":"first","21":"instock","22":"taxable","23":"shipping-taxable","24":"purchasable","25":"product-type-simple"},"exclude_global_add_ons":false,"addons":[{"name":"Option d\u00e9rouleur de papier de protection","type":"multiple_choice","position":0,"required":false,"title_format":"label","description_enable":false,"description":"","placeholder_enable":false,"placeholder":"","display":"images","restrictions_type":"any_text","adjust_price":false,"price":"","price_type":"flat_fee","restrictions":false,"min":0,"max":0,"options":[{"label":"Avec d\u00e9rouleur de papier de protection","price":"50","price_type":"flat_fee","image":8565}],"id":1720448433},{"name":"Option t\u00e9l\u00e9commande \u00e0 pieds","type":"multiple_choice","position":1,"required":false,"title_format":"label","description_enable":false,"description":"La Commande \u00e0 main est incluse de toute fa\u00e7on.\r\nLa Commande \u00e0 pieds est une option.","placeholder_enable":false,"placeholder":"","display":"images","restrictions_type":"any_text","adjust_price":false,"price":"","price_type":"flat_fee","restrictions":false,"min":0,"max":0,"options":[{"label":"Avec commande \u00e0 pieds","price":"260","price_type":"flat_fee","image":8568}],"id":1720448434},{"name":"Option dessous de pieds en feutre, facilitent le d\u00e9placement","type":"multiple_choice","position":2,"required":false,"title_format":"label","description_enable":false,"description":"","placeholder_enable":false,"placeholder":"","display":"images","restrictions_type":"any_text","adjust_price":false,"price":"","price_type":"flat_fee","restrictions":false,"min":0,"max":0,"options":[{"label":"Avec dessous de pieds en feutre","price":"24","price_type":"flat_fee","image":8612}],"id":1720448435},{"name":"Option rallonge +16 cm","type":"multiple_choice","position":3,"required":false,"title_format":"label","description_enable":false,"description":"","placeholder_enable":false,"placeholder":"","display":"images","restrictions_type":"any_text","adjust_price":false,"price":"","price_type":"flat_fee","restrictions":false,"min":0,"max":0,"options":[{"label":"Option rallonge +16 cm","price":"260","price_type":"flat_fee","image":19778}],"id":1756911710},{"name":"Option de financement","type":"checkbox","position":4,"required":false,"title_format":"label","description_enable":false,"description":"","placeholder_enable":false,"placeholder":"","display":"select","restrictions_type":"any_text","adjust_price":false,"price":"","price_type":"flat_fee","restrictions":false,"min":0,"max":0,"options":[{"label":"Pour les professionnels, possibilit\u00e9 de financement sur 24 mois.","price":"","price_type":"flat_fee","image":0}],"id":1720448436}],"brands":[],"_links":{"self":[{"href":"https:\/\/swissmassage.ch\/fr\/wp-json\/wp\/v2\/product\/7118","targetHints":{"allow":["GET"]}}],"collection":[{"href":"https:\/\/swissmassage.ch\/fr\/wp-json\/wp\/v2\/product"}],"about":[{"href":"https:\/\/swissmassage.ch\/fr\/wp-json\/wp\/v2\/types\/product"}],"wp:featuredmedia":[{"embeddable":true,"href":"https:\/\/swissmassage.ch\/fr\/wp-json\/wp\/v2\/media\/7869"}],"wp:attachment":[{"href":"https:\/\/swissmassage.ch\/fr\/wp-json\/wp\/v2\/media?parent=7118"}],"wp:term":[{"taxonomy":"pwb-brand","embeddable":true,"href":"https:\/\/swissmassage.ch\/fr\/wp-json\/wp\/v2\/pwb-brand?post=7118"},{"taxonomy":"product_brand","embeddable":true,"href":"https:\/\/swissmassage.ch\/fr\/wp-json\/wp\/v2\/product_brand?post=7118"},{"taxonomy":"product_cat","embeddable":true,"href":"https:\/\/swissmassage.ch\/fr\/wp-json\/wp\/v2\/product_cat?post=7118"},{"taxonomy":"product_tag","embeddable":true,"href":"https:\/\/swissmassage.ch\/fr\/wp-json\/wp\/v2\/product_tag?post=7118"},{"taxonomy":"product_folder","embeddable":true,"href":"https:\/\/swissmassage.ch\/fr\/wp-json\/wp\/v2\/product_folder?post=7118"}],"curies":[{"name":"wp","href":"https:\/\/api.w.org\/{rel}","templated":true}]}}