{"id":7120,"date":"2023-10-20T11:42:09","date_gmt":"2023-10-20T09:42:09","guid":{"rendered":"https:\/\/suissemassage.digichablais.ch\/?post_type=product&#038;p=7120"},"modified":"2026-01-19T09:09:28","modified_gmt":"2026-01-19T08:09:28","slug":"table-de-massage-electrique-modele-triumph-blanche","status":"publish","type":"product","link":"https:\/\/swissmassage.ch\/fr\/produits\/table-de-massage-electrique-modele-triumph-blanche\/","title":{"rendered":"Table de massage \u00e9lectrique mod\u00e8le Triumph blanche"},"content":{"rendered":"<h2>Table de massage \u00e9lectrique mod\u00e8le Triumph blanche<\/h2>\n<p class=\"rouge\" style=\"text-align: justify;\">Description de la table de massage Triumph:<\/p>\n<p class=\"rouge\" style=\"text-align: justify;\"><span style=\"color: #000000;\">2 moteurs pour le r\u00e9glage de la hauteur de 65 cm \u00e0 86 cm.<\/span><br \/>\n<span style=\"color: #000000;\">1 moteur r\u00e8gle le dossier en position assise.<\/span><br \/>\n<span style=\"color: #000000;\">1\u00a0moteur permet de relever les jambes afin de soulager les lombaires.<\/span><br \/>\n<span style=\"color: #000000;\">Rev\u00eatement souple en Polyur\u00e9thane blanc.<\/span><br \/>\n<span style=\"color: #000000;\">Dossier avec trou facial et bouchon.<\/span><br \/>\n<span style=\"color: #000000;\">Repose bras r\u00e9glables pour un meilleur confort en position ventrale.<\/span><br \/>\n<span style=\"color: #000000;\">Mousse sp\u00e9ciale extra-confort de <\/span><span style=\"color: #000000;\">12 <span class=\"rouge\">cm<\/span><\/span><span style=\"color: #000000;\">.<\/span><br \/>\n<span style=\"color: #000000;\">Design id\u00e9al pour les H\u00f4tels, les SPA et les instituts modernes.<br \/>\nNatte chauffante int\u00e9gr\u00e9e. (!)<br \/>\n\u00c9clairage leds int\u00e9gr\u00e9.<br \/>\n2 casiers de rangements.<\/span><br \/>\n<span style=\"color: #000000;\">Largeur 79 cm,<\/span><br \/>\n<span style=\"color: #000000;\">Longueur 200 cm.<\/span><br \/>\n<span style=\"color: #000000;\">Hauteur 65 \u00e0 86 cm.<\/span><br \/>\n<span style=\"color: #000000;\">Poids 132 kg.<br \/>\nPoids maximum de travail 200 kg.<\/span><\/p>\n<p class=\"rouge\" style=\"text-align: justify;\"><span style=\"color: #000000;\">(!)<br \/>\nLa natte chauffante int\u00e9gr\u00e9e est con\u00e7ue de fa\u00e7on \u00e0 ti\u00e9dir le matelas donnant au patient une sensation de bien-\u00eatre tr\u00e8s appr\u00e9ci\u00e9e. La chaleur fournie est diffuse et n\u2019a pas de vocation th\u00e9rapeutique. Pour une utilisation th\u00e9rapeutique, nous conseillons l&rsquo;achat de notre<span style=\"color: #993300;\"> <a style=\"color: #993300;\" href=\"https:\/\/swissmassage.ch\/produit\/couverture-chauffante-table-de-massage\/\"><span style=\"color: #993366;\">couverture chauffante<\/span><\/a><\/span>, r\u00e9glable sur 10 niveaux de temp\u00e9ratures et \u00e9quip\u00e9e d\u2019un timer programmable de une \u00e0 dix heures qui s\u2019\u00e9teint automatiquement apr\u00e8s utilisation.<br \/>\n<\/span><\/p>\n<h3>Philosophie de la table de massage mod\u00e8le Triumph blanche:<\/h3>\n<p>Dans l&rsquo;atmosph\u00e8re apaisante d&rsquo;un spa ou d&rsquo;un institut de bien-\u00eatre, se trouve la table de massage \u00e9lectrique mod\u00e8le Triumph, une alli\u00e9e pr\u00e9cieuse pour la d\u00e9tente et le soulagement des tensions. Tr\u00e8s \u00e9l\u00e9gante, elle offre un confort remarquable et des fonctionnalit\u00e9s pens\u00e9es pour le bien-\u00eatre du patient.<br \/>\nAvec ses deux moteurs permettant un r\u00e9glage fluide de la hauteur et du dossier, ainsi que la possibilit\u00e9 de relever les jambes pour soulager les lombaires, cette table s&rsquo;adapte aux besoins de chacun. Son rev\u00eatement en polyur\u00e9thane blanc, souple et facile \u00e0 entretenir, cr\u00e9e un environnement accueillant, tandis que le dossier \u00e9quip\u00e9 d&rsquo;un trou facial assure une position confortable pour le client.<br \/>\nLa mousse sp\u00e9ciale extra-confort offre un soutien optimal, enveloppant le corps dans une sensation de douceur. Avec son design \u00e9pur\u00e9, la table s&rsquo;int\u00e8gre harmonieusement dans les espaces modernes, qu&rsquo;il s&rsquo;agisse d&rsquo;un h\u00f4tel de luxe, d&rsquo;un spa haut de gamme ou d&rsquo;un institut de beaut\u00e9.<br \/>\nLa natte chauffante int\u00e9gr\u00e9e ajoute une touche de luxe, procurant une chaleur douce et r\u00e9confortante. Bien que cette fonction ne soit pas th\u00e9rapeutique, elle offre une sensation de bien-\u00eatre tr\u00e8s appr\u00e9ci\u00e9e par les clients. Pour ceux qui recherchent des bienfaits th\u00e9rapeutiques, une couverture chauffante r\u00e9glable est recommand\u00e9e, avec une minuterie programmable pour une utilisation s\u00e9curis\u00e9e et personnalis\u00e9e.<br \/>\nAvec ses dimensions g\u00e9n\u00e9reuses et ses deux casiers de rangement pratiques, la table Triumph offre un espace de travail fonctionnel et organis\u00e9. Robuste et fiable, elle promet une exp\u00e9rience de massage agr\u00e9able et relaxante pour le client, tout en facilitant le travail du praticien.<\/p>\n","protected":false},"excerpt":{"rendered":"<p>Table de massage \u00e9lectrique mod\u00e8le Triumph blanche Description de la table de massage Triumph: 2 moteurs pour le r\u00e9glage de la hauteur de 65 cm \u00e0 86 cm. 1 moteur r\u00e8gle le dossier en position assise. 1\u00a0moteur permet de relever les jambes afin de soulager les lombaires. Rev\u00eatement souple en Polyur\u00e9thane blanc. Dossier avec trou&hellip;<\/p>\n","protected":false},"featured_media":7582,"template":"","meta":{"_seopress_robots_primary_cat":"286","_seopress_titles_title":"Table de massage \u00e9lectrique Triumph blanche - Swissmassage","_seopress_titles_desc":"Dans l'atmosph\u00e8re apaisante d'un institut de bien-\u00eatre, se trouve la table de massage \u00e9lectrique mod\u00e8le Triumph, une alli\u00e9e pr\u00e9cieuse pour la d\u00e9tente.","_seopress_robots_index":""},"pwb-brand":[],"product_brand":[],"product_cat":[1136,213,286,1077,1078,1075],"product_tag":[1137,1134,1139,1064,1130,1065,1138],"product_folder":[987],"class_list":{"0":"post-7120","1":"product","2":"type-product","3":"status-publish","4":"has-post-thumbnail","6":"product_cat-tables-desthetique","7":"product_cat-table-de-massage-electrique","8":"product_cat-table-de-spa-fauteuil-de-spa-lit-de-spa","9":"product_cat-tous-les-articles-esthetiques","10":"product_cat-tous-les-articles-spa-beaute","11":"product_cat-tous-les-articles-de-massage","12":"product_tag-equipements-spa","13":"product_tag-esthetique","14":"product_tag-spa","15":"product_tag-table-de-massage","16":"product_tag-table-de-massage-electrique","17":"product_tag-table-de-spa","18":"product_tag-table-esthetique","20":"first","21":"instock","22":"taxable","23":"shipping-taxable","24":"purchasable","25":"product-type-simple"},"exclude_global_add_ons":false,"addons":[{"name":"Option commande \u00e0 pieds","type":"multiple_choice","position":0,"required":false,"title_format":"label","description_enable":false,"description":"","placeholder_enable":false,"placeholder":"","display":"images","restrictions_type":"any_text","adjust_price":false,"price":"","price_type":"flat_fee","restrictions":false,"min":0,"max":0,"options":[{"label":"Avec commande \u00e0 pieds","price":"290","price_type":"flat_fee","image":8598}],"id":1720448555},{"name":"Option d\u00e9rouleur de papier de protection","type":"multiple_choice","position":1,"required":false,"title_format":"label","description_enable":false,"description":"","placeholder_enable":false,"placeholder":"","display":"images","restrictions_type":"any_text","adjust_price":false,"price":"","price_type":"flat_fee","restrictions":false,"min":0,"max":0,"options":[{"label":"Avec d\u00e9rouleur de papier de protection","price":"80","price_type":"flat_fee","image":8739}],"id":1720448556},{"name":"Option dessous de pieds en feutre, facilitent le d\u00e9placement","type":"multiple_choice","position":2,"required":false,"title_format":"label","description_enable":false,"description":"","placeholder_enable":false,"placeholder":"","display":"images","restrictions_type":"any_text","adjust_price":false,"price":"","price_type":"flat_fee","restrictions":false,"min":0,"max":0,"options":[{"label":"Avec dessous de pieds en feutre","price":"24","price_type":"flat_fee","image":8612}],"id":1720448557},{"name":"Option rallonge +16 cm","type":"multiple_choice","position":3,"required":false,"title_format":"label","description_enable":false,"description":"","placeholder_enable":false,"placeholder":"","display":"images","restrictions_type":"any_text","adjust_price":false,"price":"","price_type":"flat_fee","restrictions":false,"min":0,"max":0,"options":[{"label":"Option rallonge +16 cm","price":"260","price_type":"flat_fee","image":19778}],"id":1756911536},{"name":"Option de financement","type":"checkbox","position":4,"required":false,"title_format":"label","description_enable":false,"description":"","placeholder_enable":false,"placeholder":"","display":"select","restrictions_type":"any_text","adjust_price":false,"price":"","price_type":"flat_fee","restrictions":false,"min":0,"max":0,"options":[{"label":"Pour les professionnels, possibilit\u00e9 de financement sur 24 mois","price":"","price_type":"flat_fee","image":0}],"id":1720448558}],"brands":[],"_links":{"self":[{"href":"https:\/\/swissmassage.ch\/fr\/wp-json\/wp\/v2\/product\/7120","targetHints":{"allow":["GET"]}}],"collection":[{"href":"https:\/\/swissmassage.ch\/fr\/wp-json\/wp\/v2\/product"}],"about":[{"href":"https:\/\/swissmassage.ch\/fr\/wp-json\/wp\/v2\/types\/product"}],"wp:featuredmedia":[{"embeddable":true,"href":"https:\/\/swissmassage.ch\/fr\/wp-json\/wp\/v2\/media\/7582"}],"wp:attachment":[{"href":"https:\/\/swissmassage.ch\/fr\/wp-json\/wp\/v2\/media?parent=7120"}],"wp:term":[{"taxonomy":"pwb-brand","embeddable":true,"href":"https:\/\/swissmassage.ch\/fr\/wp-json\/wp\/v2\/pwb-brand?post=7120"},{"taxonomy":"product_brand","embeddable":true,"href":"https:\/\/swissmassage.ch\/fr\/wp-json\/wp\/v2\/product_brand?post=7120"},{"taxonomy":"product_cat","embeddable":true,"href":"https:\/\/swissmassage.ch\/fr\/wp-json\/wp\/v2\/product_cat?post=7120"},{"taxonomy":"product_tag","embeddable":true,"href":"https:\/\/swissmassage.ch\/fr\/wp-json\/wp\/v2\/product_tag?post=7120"},{"taxonomy":"product_folder","embeddable":true,"href":"https:\/\/swissmassage.ch\/fr\/wp-json\/wp\/v2\/product_folder?post=7120"}],"curies":[{"name":"wp","href":"https:\/\/api.w.org\/{rel}","templated":true}]}}