{"id":7131,"date":"2023-10-20T13:40:35","date_gmt":"2023-10-20T11:40:35","guid":{"rendered":"https:\/\/suissemassage.digichablais.ch\/?post_type=product&#038;p=7131"},"modified":"2026-01-19T09:07:39","modified_gmt":"2026-01-19T08:07:39","slug":"table-de-massage-electrique-modele-triumph-chene-clair","status":"publish","type":"product","link":"https:\/\/swissmassage.ch\/fr\/produits\/table-de-massage-electrique-modele-triumph-chene-clair\/","title":{"rendered":"Table de massage \u00e9lectrique mod\u00e8le Triumph Ch\u00eane clair"},"content":{"rendered":"<h2>Table de massage \u00e9lectrique mod\u00e8le Triumph Ch\u00eane clair<\/h2>\n<p class=\"rouge\" style=\"text-align: justify;\">Description de la table de massage Triumph:<\/p>\n<p class=\"rouge\" style=\"text-align: justify;\"><span style=\"color: #000000;\">2 moteurs pour le r\u00e9glage de la hauteur de 65 cm \u00e0 86 cm.<\/span><br \/>\n<span style=\"color: #000000;\">1 moteur r\u00e8gle le dossier en position assise.<\/span><br \/>\n<span style=\"color: #000000;\">1\u00a0moteur permet de relever les jambes afin de soulager les lombaires.<\/span><br \/>\n<span style=\"color: #000000;\">Rev\u00eatement souple en Polyur\u00e9thane blanc.<\/span><br \/>\n<span style=\"color: #000000;\">Dossier avec trou facial et bouchon.<\/span><br \/>\n<span style=\"color: #000000;\">Repose bras r\u00e9glables pour un meilleur confort en position ventrale.<\/span><br \/>\n<span style=\"color: #000000;\">Mousse sp\u00e9ciale extra-confort de <\/span><span style=\"color: #000000;\">12 <span class=\"rouge\">cm<\/span><\/span><span style=\"color: #000000;\">.<\/span><br \/>\n<span style=\"color: #000000;\">Design id\u00e9al pour les H\u00f4tels, les SPA et les instituts modernes.<br \/>\nNatte chauffante int\u00e9gr\u00e9e. (!)<br \/>\n\u00c9clairage leds int\u00e9gr\u00e9.<br \/>\n2 casiers de rangements.<\/span><br \/>\n<span style=\"color: #000000;\">Largeur 79 cm,<\/span><br \/>\n<span style=\"color: #000000;\">Longueur 200 cm.<\/span><br \/>\n<span style=\"color: #000000;\">Hauteur 65 \u00e0 86 cm.<\/span><br \/>\n<span style=\"color: #000000;\">Poids 132 kg.<br \/>\nPoids maximum de travail 200 kg.<\/span><\/p>\n<p class=\"rouge\" style=\"text-align: justify;\"><span style=\"color: #000000;\">(!)<br \/>\nLa natte chauffante int\u00e9gr\u00e9e est con\u00e7ue de fa\u00e7on \u00e0 ti\u00e9dir le matelas donnant au patient une sensation de bien-\u00eatre tr\u00e8s appr\u00e9ci\u00e9e. La chaleur fournie est diffuse et n\u2019a pas de vocation th\u00e9rapeutique. Pour une utilisation th\u00e9rapeutique, nous conseillons l\u2019achat de notre <a href=\"https:\/\/swissmassage.ch\/produit\/couverture-chauffante-table-de-massage\/\"><span style=\"color: #993300;\"><span style=\"color: #993366;\">couverture chauffante<\/span><\/span><\/a>, r\u00e9glable sur 10 niveaux de temp\u00e9ratures et \u00e9quip\u00e9e d\u2019un timer programmable de une \u00e0 dix heures qui s\u2019\u00e9teint automatiquement apr\u00e8s utilisation.<br \/>\n<\/span><\/p>\n<h3>Philosophie de la table de massage mod\u00e8le Triumph ch\u00eane clair:<\/h3>\n<p>Dans l&rsquo;atmosph\u00e8re relaxante d&rsquo;un spa ou d&rsquo;un institut de bien-\u00eatre, la table de massage \u00e9lectrique mod\u00e8le Triumph ch\u00eane clair \u00e9voque l&rsquo;harmonie entre le confort et l&rsquo;esth\u00e9tique. Avec sa conception raffin\u00e9e et ses caract\u00e9ristiques pens\u00e9es pour le bien-\u00eatre, elle offre une relaxation unique pour les clients les plus exigeants.<br \/>\n\u00c9quip\u00e9e de moteurs permettant d&rsquo;ajuster la hauteur et le dossier, ainsi que de relever les jambes pour soulager les tensions lombaires, cette table s&rsquo;adapte avec pr\u00e9cision aux besoins de chaque utilisateur. Son rev\u00eatement en polyur\u00e9thane blanc, souple et agr\u00e9able au toucher, invite \u00e0 la d\u00e9tente, tandis que le dossier dot\u00e9 d&rsquo;un trou facial discret garantit un confort optimal.<br \/>\nLa mousse sp\u00e9ciale extra-confort enveloppe le corps dans une sensation de douceur, offrant un soutien parfait pendant le massage. Son design \u00e9l\u00e9gant en ch\u00eane clair s&rsquo;harmonise avec les d\u00e9cors modernes des spas et des instituts de bien-\u00eatre, cr\u00e9ant ainsi une ambiance apaisante pour les clients.<br \/>\nL&rsquo;option de natte chauffante int\u00e9gr\u00e9e ajoute une touche de luxe, offrant une sensation de chaleur douce et r\u00e9confortante. Bien que non th\u00e9rapeutique, elle contribue \u00e0 l&rsquo;exp\u00e9rience de d\u00e9tente. Pour des besoins th\u00e9rapeutiques sp\u00e9cifiques, une couverture chauffante r\u00e9glable est recommand\u00e9e.<br \/>\nRobuste et fiable, la table de massage Triumph ch\u00eane clair promet une exp\u00e9rience de massage de qualit\u00e9 sup\u00e9rieure, que ce soit dans un cadre professionnel ou priv\u00e9. Elle incarne l&rsquo;engagement envers le bien-\u00eatre et la satisfaction des clients, offrant ainsi un espace de d\u00e9tente o\u00f9 le corps et l&rsquo;esprit peuvent se ressourcer.<\/p>\n","protected":false},"excerpt":{"rendered":"<p>Table de massage \u00e9lectrique mod\u00e8le Triumph Ch\u00eane clair Description de la table de massage Triumph: 2 moteurs pour le r\u00e9glage de la hauteur de 65 cm \u00e0 86 cm. 1 moteur r\u00e8gle le dossier en position assise. 1\u00a0moteur permet de relever les jambes afin de soulager les lombaires. Rev\u00eatement souple en Polyur\u00e9thane blanc. Dossier avec&hellip;<\/p>\n","protected":false},"featured_media":7866,"template":"","meta":{"_seopress_robots_primary_cat":"286","_seopress_titles_title":"Table de massage \u00e9lectrique Triumph ch\u00eane clair - Swissmassage","_seopress_titles_desc":"Robuste et fiable, la table de massage Triumph ch\u00eane clair promet une exp\u00e9rience de massage de qualit\u00e9 sup\u00e9rieure, que ce soit dans un cadre professionnel ou priv\u00e9.","_seopress_robots_index":""},"pwb-brand":[],"product_brand":[],"product_cat":[1136,213,286,1077,1078,1075],"product_tag":[1137,1134,1139,1064,1130,1065,1138],"product_folder":[987],"class_list":{"0":"post-7131","1":"product","2":"type-product","3":"status-publish","4":"has-post-thumbnail","6":"product_cat-tables-desthetique","7":"product_cat-table-de-massage-electrique","8":"product_cat-table-de-spa-fauteuil-de-spa-lit-de-spa","9":"product_cat-tous-les-articles-esthetiques","10":"product_cat-tous-les-articles-spa-beaute","11":"product_cat-tous-les-articles-de-massage","12":"product_tag-equipements-spa","13":"product_tag-esthetique","14":"product_tag-spa","15":"product_tag-table-de-massage","16":"product_tag-table-de-massage-electrique","17":"product_tag-table-de-spa","18":"product_tag-table-esthetique","20":"first","21":"instock","22":"taxable","23":"shipping-taxable","24":"purchasable","25":"product-type-simple"},"exclude_global_add_ons":false,"addons":[{"name":"Option commande \u00e0 pieds","type":"multiple_choice","position":0,"required":false,"title_format":"label","description_enable":false,"description":"","placeholder_enable":false,"placeholder":"","display":"images","restrictions_type":"any_text","adjust_price":false,"price":"","price_type":"flat_fee","restrictions":false,"min":0,"max":0,"options":[{"label":"Avec commande \u00e0 pieds","price":"290","price_type":"flat_fee","image":8598}],"id":1720448886},{"name":"Option d\u00e9rouleur de papier de protection","type":"multiple_choice","position":1,"required":false,"title_format":"label","description_enable":false,"description":"","placeholder_enable":false,"placeholder":"","display":"images","restrictions_type":"any_text","adjust_price":false,"price":"","price_type":"flat_fee","restrictions":false,"min":0,"max":0,"options":[{"label":"Avec d\u00e9rouleur de papier","price":"80","price_type":"flat_fee","image":8738}],"id":1720448887},{"name":"Option dessous de pieds en feutre, facilitent le d\u00e9placement","type":"multiple_choice","position":2,"required":false,"title_format":"label","description_enable":false,"description":"","placeholder_enable":false,"placeholder":"","display":"images","restrictions_type":"any_text","adjust_price":false,"price":"","price_type":"flat_fee","restrictions":false,"min":0,"max":0,"options":[{"label":"Avec dessous de pieds en feutre","price":"24","price_type":"flat_fee","image":8612}],"id":1720448888},{"name":"Option rallonge +16 cm","type":"multiple_choice","position":3,"required":false,"title_format":"label","description_enable":false,"description":"","placeholder_enable":false,"placeholder":"","display":"images","restrictions_type":"any_text","adjust_price":false,"price":"","price_type":"flat_fee","restrictions":false,"min":0,"max":0,"options":[{"label":"Option rallonge +16 cm","price":"260","price_type":"flat_fee","image":19778}],"id":1756911226},{"name":"Option de financement","type":"checkbox","position":4,"required":false,"title_format":"label","description_enable":false,"description":"","placeholder_enable":false,"placeholder":"","display":"select","restrictions_type":"any_text","adjust_price":false,"price":"","price_type":"flat_fee","restrictions":false,"min":0,"max":0,"options":[{"label":"Pour les professionnels, possibilit\u00e9 de financement sur 24 mois","price":"","price_type":"flat_fee","image":0}],"id":1720448889}],"brands":[],"_links":{"self":[{"href":"https:\/\/swissmassage.ch\/fr\/wp-json\/wp\/v2\/product\/7131","targetHints":{"allow":["GET"]}}],"collection":[{"href":"https:\/\/swissmassage.ch\/fr\/wp-json\/wp\/v2\/product"}],"about":[{"href":"https:\/\/swissmassage.ch\/fr\/wp-json\/wp\/v2\/types\/product"}],"wp:featuredmedia":[{"embeddable":true,"href":"https:\/\/swissmassage.ch\/fr\/wp-json\/wp\/v2\/media\/7866"}],"wp:attachment":[{"href":"https:\/\/swissmassage.ch\/fr\/wp-json\/wp\/v2\/media?parent=7131"}],"wp:term":[{"taxonomy":"pwb-brand","embeddable":true,"href":"https:\/\/swissmassage.ch\/fr\/wp-json\/wp\/v2\/pwb-brand?post=7131"},{"taxonomy":"product_brand","embeddable":true,"href":"https:\/\/swissmassage.ch\/fr\/wp-json\/wp\/v2\/product_brand?post=7131"},{"taxonomy":"product_cat","embeddable":true,"href":"https:\/\/swissmassage.ch\/fr\/wp-json\/wp\/v2\/product_cat?post=7131"},{"taxonomy":"product_tag","embeddable":true,"href":"https:\/\/swissmassage.ch\/fr\/wp-json\/wp\/v2\/product_tag?post=7131"},{"taxonomy":"product_folder","embeddable":true,"href":"https:\/\/swissmassage.ch\/fr\/wp-json\/wp\/v2\/product_folder?post=7131"}],"curies":[{"name":"wp","href":"https:\/\/api.w.org\/{rel}","templated":true}]}}