{"id":7798,"date":"2023-11-02T10:36:34","date_gmt":"2023-11-02T09:36:34","guid":{"rendered":"https:\/\/suissemassage.digichablais.ch\/?post_type=product&#038;p=7798"},"modified":"2024-07-09T13:44:38","modified_gmt":"2024-07-09T11:44:38","slug":"gueridon-esthetique-wood-chene-clair","status":"publish","type":"product","link":"https:\/\/swissmassage.ch\/fr\/produits\/gueridon-esthetique-wood-chene-clair\/","title":{"rendered":"Gu\u00e9ridon SPA Wood ch\u00eane clair"},"content":{"rendered":"<h2>Gu\u00e9ridon SPA mod\u00e8le Wood ch\u00eane clair.<\/h2>\n<p>Design Wood Alpin, id\u00e9al pour les SPA pour supporter les accessoires de massage. Tr\u00e8s appr\u00e9ci\u00e9 dans les centres SPA et Wellness, il est aussi utilis\u00e9 dans les cabine esth\u00e9tiques.<br \/>\nIl dispose de trois plateaux et d&rsquo;un tiroir fermant \u00e0 clef.<br \/>\nDimensions:<br \/>\nEncombrement, hauteur 87 cm, largeur 58.5 cm, profondeur 49 cm.<br \/>\nPlateau sup\u00e9rieur, largeur 55 cm, profondeur 40 cm.<br \/>\nPlateau central. largeur 55 cm, profondeur 38 cm.<br \/>\nPlateau du bas largeur 55 cm, profondeur 42 cm.<br \/>\nTiroir, largeur 46 cm, profondeur 33 cm, hauteur 8 cm.<br \/>\nKit roulettes.<\/p>\n","protected":false},"excerpt":{"rendered":"<p>Gu\u00e9ridon SPA mod\u00e8le Wood ch\u00eane clair. Design Wood Alpin, id\u00e9al pour les SPA pour supporter les accessoires de massage. Tr\u00e8s appr\u00e9ci\u00e9 dans les centres SPA et Wellness, il est aussi utilis\u00e9 dans les cabine esth\u00e9tiques. Il dispose de trois plateaux et d&rsquo;un tiroir fermant \u00e0 clef. Dimensions: Encombrement, hauteur 87 cm, largeur 58.5 cm, profondeur&hellip;<\/p>\n","protected":false},"featured_media":7154,"template":"","meta":{"_seopress_robots_primary_cat":"none","_seopress_titles_title":"","_seopress_titles_desc":"Design Wood Alpin, id\u00e9al pour les SPA pour supporter les accessoires de massage. Tr\u00e8s appr\u00e9ci\u00e9 dans les centres SPA et Wellness.","_seopress_robots_index":""},"pwb-brand":[],"product_brand":[],"product_cat":[234,1223,1077,1078],"product_tag":[1134,1163,1139],"product_folder":[1022],"class_list":{"0":"post-7798","1":"product","2":"type-product","3":"status-publish","4":"has-post-thumbnail","6":"product_cat-esthetique-gueridons","7":"product_cat-service-boy-spa","8":"product_cat-tous-les-articles-esthetiques","9":"product_cat-tous-les-articles-spa-beaute","10":"product_tag-esthetique","11":"product_tag-gueridon","12":"product_tag-spa","13":"product_shipping_class-swisspost-encombrant","15":"first","16":"instock","17":"taxable","18":"shipping-taxable","19":"purchasable","20":"product-type-simple"},"exclude_global_add_ons":[],"addons":[],"brands":[],"_links":{"self":[{"href":"https:\/\/swissmassage.ch\/fr\/wp-json\/wp\/v2\/product\/7798","targetHints":{"allow":["GET"]}}],"collection":[{"href":"https:\/\/swissmassage.ch\/fr\/wp-json\/wp\/v2\/product"}],"about":[{"href":"https:\/\/swissmassage.ch\/fr\/wp-json\/wp\/v2\/types\/product"}],"wp:featuredmedia":[{"embeddable":true,"href":"https:\/\/swissmassage.ch\/fr\/wp-json\/wp\/v2\/media\/7154"}],"wp:attachment":[{"href":"https:\/\/swissmassage.ch\/fr\/wp-json\/wp\/v2\/media?parent=7798"}],"wp:term":[{"taxonomy":"pwb-brand","embeddable":true,"href":"https:\/\/swissmassage.ch\/fr\/wp-json\/wp\/v2\/pwb-brand?post=7798"},{"taxonomy":"product_brand","embeddable":true,"href":"https:\/\/swissmassage.ch\/fr\/wp-json\/wp\/v2\/product_brand?post=7798"},{"taxonomy":"product_cat","embeddable":true,"href":"https:\/\/swissmassage.ch\/fr\/wp-json\/wp\/v2\/product_cat?post=7798"},{"taxonomy":"product_tag","embeddable":true,"href":"https:\/\/swissmassage.ch\/fr\/wp-json\/wp\/v2\/product_tag?post=7798"},{"taxonomy":"product_folder","embeddable":true,"href":"https:\/\/swissmassage.ch\/fr\/wp-json\/wp\/v2\/product_folder?post=7798"}],"curies":[{"name":"wp","href":"https:\/\/api.w.org\/{rel}","templated":true}]}}