{"id":8480,"date":"2023-11-12T08:37:23","date_gmt":"2023-11-12T07:37:23","guid":{"rendered":"https:\/\/suissemassage.digichablais.ch\/?post_type=product&#038;p=8480"},"modified":"2026-01-16T15:24:20","modified_gmt":"2026-01-16T14:24:20","slug":"table-d-osteopathie-modele-brume","status":"publish","type":"product","link":"https:\/\/swissmassage.ch\/fr\/produits\/table-d-osteopathie-modele-brume\/","title":{"rendered":"Table d&rsquo;ost\u00e9opathie mod\u00e8le Brume"},"content":{"rendered":"<h2>Table d Osteopathie mod\u00e8le Brume.<\/h2>\n<p>Table d&rsquo;osteo \u00e9lectrique 4 plans avec dossier inclinable en position positive et n\u00e9gative.<br \/>\nLes accoudoirs sont escamotables, ils ajoutent +10 cm de largeur de chaque c\u00f4t\u00e9 sur 50 cm de longueur.<br \/>\nLa commande cadre p\u00e9riph\u00e9rique r\u00e8gle la hauteur de 46 cm \u00e0 90 cm.<br \/>\nLa t\u00eati\u00e8re avec trou facial et bouchon, se r\u00e8gle de (-45\u00ba et +40\u00ba) par v\u00e9rin \u00e0 gaz, elle est \u00e9quip\u00e9e d&rsquo;un guidon de maintien pour les mains.<br \/>\nLe syst\u00e8me de roulettes r\u00e9tractables permet un d\u00e9placement rapide et l\u00e9ger qui facilite l&rsquo;entretien.<br \/>\nLa mousse 5 cm de haute densit\u00e9, 70 kg \/ m3 correspond aux standards Ost\u00e9o.<br \/>\nLe rev\u00eatement en vinyle couleur gris ciment permet l&rsquo;utilisation en milieu m\u00e9dical.<br \/>\nLes dimensions, longueur 195 cm, largeur 55 cm, id\u00e9ales pour la pratique classique en ost\u00e9opathie.<br \/>\nLa table d&rsquo;osteo supporte 250 kg au maximum, elle p\u00e8se 65 kg.<br \/>\nL&rsquo;\u00e9quipement est\u00a0Certifi\u00e9 (EU) 2017\/745. Dispositif m\u00e9dical de Classe I.<br \/>\nConforme au r\u00e8glement Europ\u00e9en des dispositifs m\u00e9dicaux.<\/p>\n<h3>Vid\u00e9o de la table d&rsquo;osteo Brume:<\/h3>\n<div style=\"width: 1170px;\" class=\"wp-video\"><video class=\"wp-video-shortcode\" id=\"video-8480-1\" width=\"1170\" height=\"658\" preload=\"metadata\" controls=\"controls\"><source type=\"video\/mp4\" src=\"https:\/\/swissmassage.ch\/wp-content\/uploads\/Video-Table-Osteo-Swissmassage-Brume.mp4?_=1\" \/><a href=\"https:\/\/swissmassage.ch\/wp-content\/uploads\/Video-Table-Osteo-Swissmassage-Brume.mp4\">https:\/\/swissmassage.ch\/wp-content\/uploads\/Video-Table-Osteo-Swissmassage-Brume.mp4<\/a><\/video><\/div>\n","protected":false},"excerpt":{"rendered":"<p>Table d Osteopathie mod\u00e8le Brume. Table d&rsquo;osteo \u00e9lectrique 4 plans avec dossier inclinable en position positive et n\u00e9gative. Les accoudoirs sont escamotables, ils ajoutent +10 cm de largeur de chaque c\u00f4t\u00e9 sur 50 cm de longueur. La commande cadre p\u00e9riph\u00e9rique r\u00e8gle la hauteur de 46 cm \u00e0 90 cm. La t\u00eati\u00e8re avec trou facial et&hellip;<\/p>\n","protected":false},"featured_media":8488,"template":"","meta":{"_seopress_robots_primary_cat":"none","_seopress_titles_title":"","_seopress_titles_desc":"Table d'ost\u00e9o \u00e9lectrique 4 plans avec dossier inclinable en position positive et n\u00e9gative. Les accoudoirs sont escamotables, ils ajoutent +10 cm de largeur de chaque c\u00f4t\u00e9.","_seopress_robots_index":""},"pwb-brand":[],"product_brand":[],"product_cat":[322,1076],"product_tag":[1201,1214,1215],"product_folder":[],"class_list":{"0":"post-8480","1":"product","2":"type-product","3":"status-publish","4":"has-post-thumbnail","6":"product_cat-table-osteopathie","7":"product_cat-tous-les-articles-physio-medical","8":"product_tag-medical","9":"product_tag-osteo","10":"product_tag-table-d-osteo","12":"first","13":"instock","14":"taxable","15":"shipping-taxable","16":"purchasable","17":"product-type-simple"},"exclude_global_add_ons":false,"addons":[{"name":"Support d\u00e9rouleur de papier d'examen","type":"multiple_choice","position":0,"required":false,"title_format":"label","description_enable":false,"description":"","placeholder_enable":false,"placeholder":"","display":"images","restrictions_type":"any_text","adjust_price":false,"price":"","price_type":"flat_fee","restrictions":false,"min":0,"max":0,"options":[{"label":"Avec d\u00e9rouleur de papier","price":"80","price_type":"flat_fee","image":8384}],"id":1717423779}],"brands":[],"_links":{"self":[{"href":"https:\/\/swissmassage.ch\/fr\/wp-json\/wp\/v2\/product\/8480","targetHints":{"allow":["GET"]}}],"collection":[{"href":"https:\/\/swissmassage.ch\/fr\/wp-json\/wp\/v2\/product"}],"about":[{"href":"https:\/\/swissmassage.ch\/fr\/wp-json\/wp\/v2\/types\/product"}],"wp:featuredmedia":[{"embeddable":true,"href":"https:\/\/swissmassage.ch\/fr\/wp-json\/wp\/v2\/media\/8488"}],"wp:attachment":[{"href":"https:\/\/swissmassage.ch\/fr\/wp-json\/wp\/v2\/media?parent=8480"}],"wp:term":[{"taxonomy":"pwb-brand","embeddable":true,"href":"https:\/\/swissmassage.ch\/fr\/wp-json\/wp\/v2\/pwb-brand?post=8480"},{"taxonomy":"product_brand","embeddable":true,"href":"https:\/\/swissmassage.ch\/fr\/wp-json\/wp\/v2\/product_brand?post=8480"},{"taxonomy":"product_cat","embeddable":true,"href":"https:\/\/swissmassage.ch\/fr\/wp-json\/wp\/v2\/product_cat?post=8480"},{"taxonomy":"product_tag","embeddable":true,"href":"https:\/\/swissmassage.ch\/fr\/wp-json\/wp\/v2\/product_tag?post=8480"},{"taxonomy":"product_folder","embeddable":true,"href":"https:\/\/swissmassage.ch\/fr\/wp-json\/wp\/v2\/product_folder?post=8480"}],"curies":[{"name":"wp","href":"https:\/\/api.w.org\/{rel}","templated":true}]}}