{"id":8855,"date":"2023-11-30T09:31:43","date_gmt":"2023-11-30T08:31:43","guid":{"rendered":"https:\/\/uat.swissmassage.ch\/?post_type=product&#038;p=8855"},"modified":"2026-01-16T17:23:47","modified_gmt":"2026-01-16T16:23:47","slug":"drap-housse-vinyle-protection-table-massage-noir","status":"publish","type":"product","link":"https:\/\/swissmassage.ch\/fr\/produits\/drap-housse-vinyle-protection-table-massage-noir\/","title":{"rendered":"Drap-Housse Vinyle protection table massage Noir"},"content":{"rendered":"<h2 style=\"text-align: left\">Housse de recouvrement en vinyle couleur noire pour table de massage usag\u00e9e.<\/h2>\n<p>Cette housse recouvre votre table de massage usag\u00e9e en masquant les effets d&rsquo;usure et de vieillissement.<br \/>\nElle redonnera l&rsquo;apparent d&rsquo;une table de massage neuve.<br \/>\n\u00c9lastique et s&rsquo;adapte particuli\u00e8rement sur les tables de 70 \u00e0 76 cm de large par 190 cm de long.<br \/>\nR\u00e9sistante \u00e0 l&rsquo;huile et \u00e0 l&rsquo;eau, elle peut \u00eatre lav\u00e9e en machine \u00e0 40\u00b0.<br \/>\nCouleur noire ou bleu-nuit, sans trou facial et sans t\u00eati\u00e8re.<\/p>\n<p>Livrable dans toute la Suisse. Ou \u00e0 l&#8217;emporter directement dans notre atelier.<br \/>\nMarque d\u00e9pos\u00e9e SWISSMASSAGE, garantie de s\u00e9rieux et de suivi.<\/p>\n","protected":false},"excerpt":{"rendered":"<p>Housse de recouvrement en vinyle couleur noire pour table de massage usag\u00e9e. Cette housse recouvre votre table de massage usag\u00e9e en masquant les effets d&rsquo;usure et de vieillissement. Elle redonnera l&rsquo;apparent d&rsquo;une table de massage neuve. \u00c9lastique et s&rsquo;adapte particuli\u00e8rement sur les tables de 70 \u00e0 76 cm de large par 190 cm de long.&hellip;<\/p>\n","protected":false},"featured_media":9822,"template":"","meta":{"_seopress_robots_primary_cat":"none","_seopress_titles_title":"%%post_title%%","_seopress_titles_desc":"Housse de recouvrement en vinyle couleur noire pour table de massage usag\u00e9e. Cette housse recouvre votre table de massage usag\u00e9e en masquant les effets d'usure et de vieillissement.","_seopress_robots_index":""},"pwb-brand":[],"product_brand":[],"product_cat":[271,1079],"product_tag":[1095,1094,1104],"product_folder":[1017],"class_list":{"0":"post-8855","1":"product","2":"type-product","3":"status-publish","4":"has-post-thumbnail","6":"product_cat-protection-table-de-massage","7":"product_cat-tous-les-accessoires-de-massage","8":"product_tag-drap-housse","9":"product_tag-protection","10":"product_tag-vinyle","12":"first","13":"instock","14":"taxable","15":"shipping-taxable","16":"purchasable","17":"product-type-simple"},"exclude_global_add_ons":[],"addons":[],"brands":[],"_links":{"self":[{"href":"https:\/\/swissmassage.ch\/fr\/wp-json\/wp\/v2\/product\/8855","targetHints":{"allow":["GET"]}}],"collection":[{"href":"https:\/\/swissmassage.ch\/fr\/wp-json\/wp\/v2\/product"}],"about":[{"href":"https:\/\/swissmassage.ch\/fr\/wp-json\/wp\/v2\/types\/product"}],"wp:featuredmedia":[{"embeddable":true,"href":"https:\/\/swissmassage.ch\/fr\/wp-json\/wp\/v2\/media\/9822"}],"wp:attachment":[{"href":"https:\/\/swissmassage.ch\/fr\/wp-json\/wp\/v2\/media?parent=8855"}],"wp:term":[{"taxonomy":"pwb-brand","embeddable":true,"href":"https:\/\/swissmassage.ch\/fr\/wp-json\/wp\/v2\/pwb-brand?post=8855"},{"taxonomy":"product_brand","embeddable":true,"href":"https:\/\/swissmassage.ch\/fr\/wp-json\/wp\/v2\/product_brand?post=8855"},{"taxonomy":"product_cat","embeddable":true,"href":"https:\/\/swissmassage.ch\/fr\/wp-json\/wp\/v2\/product_cat?post=8855"},{"taxonomy":"product_tag","embeddable":true,"href":"https:\/\/swissmassage.ch\/fr\/wp-json\/wp\/v2\/product_tag?post=8855"},{"taxonomy":"product_folder","embeddable":true,"href":"https:\/\/swissmassage.ch\/fr\/wp-json\/wp\/v2\/product_folder?post=8855"}],"curies":[{"name":"wp","href":"https:\/\/api.w.org\/{rel}","templated":true}]}}