{"id":8979,"date":"2023-12-06T16:48:53","date_gmt":"2023-12-06T15:48:53","guid":{"rendered":"https:\/\/swissmassage.ch\/?post_type=product&#038;p=8979"},"modified":"2026-04-10T10:39:25","modified_gmt":"2026-04-10T08:39:25","slug":"drap-dexamen-medicaux-lavable-80x200-cm-boite-1pcs","status":"publish","type":"product","link":"https:\/\/swissmassage.ch\/fr\/produits\/drap-dexamen-medicaux-lavable-80x200-cm-boite-1pcs\/","title":{"rendered":"Drap d&rsquo;examen m\u00e9dicaux lavable 80&#215;200 cm 1 Pcs 100g"},"content":{"rendered":"<h2>Drap pour table d\u2019examens m\u00e9dicaux 100g, r\u00e9sistant, agr\u00e9able au toucher et lavable 500x.<\/h2>\n<p><span style=\"font-size: 10pt\">Lavable plus de 500 fois sans perdre sa forme<br \/>\nPour une utilisation pratique et durable<br \/>\nR\u00e9sistant aux froissures et aux d\u00e9chirures, 4 x moins d&rsquo;espace dans la machine<br \/>\nR\u00e9duction des co\u00fbts de 90% par rapport aux couvertures traditionnelles<br \/>\nRespectueux de la peau, recyclable<br \/>\nDimensions: 200 x 80 cm, contenu 1 pi\u00e8ce.<\/span><\/p>\n<h2>Quelques astuces pour le lavage et le s\u00e9chage.<\/h2>\n<p><span style=\"font-size: 10pt\">Nous vous recommandons de laver les draps \u00e0 60\u00b0 <span style=\"font-size: 10pt\">et de les d\u00e9plier voir les froisser,<\/span> de mani\u00e8re qu&rsquo;ils ne pr\u00e9sentent pas d&rsquo;angles ou de plis, surtout lorsqu&rsquo;ils sont neufs, <span style=\"font-size: 10pt\">et pr\u00e9conisons l\u2019utilisation d\u2019un filet de lavage.<\/span><br \/>\nAu bout de quelques lavages, leur texture devient plus souple et plus douce.<br \/>\nPour le s\u00e9chage, quelques minutes dans le s\u00e8che- linge suffisent. Vous pouvez \u00e9galement \u00e9tendre les draps normalement apr\u00e8s essorage.<br \/>\nConseil : 1 drap par patient pour un cycle de traitement. Donnez au patient une feuille de fibres de lavage \u00e0 emporter chez lui et \u00e0 ramener \u00e0 chaque traitement.<\/span><\/p>\n<p style=\"text-align: left\"><span style=\"font-size: 10pt\">Livrable dans toute la Suisse. Ou \u00e0 l&#8217;emporter directement dans notre atelier.<br \/>\nMarque d\u00e9pos\u00e9e SWISSMASSAGE, garantie de s\u00e9rieux et de suivi.<\/span><\/p>\n","protected":false},"excerpt":{"rendered":"<p>Drap pour table d\u2019examens m\u00e9dicaux 100g, r\u00e9sistant, agr\u00e9able au toucher et lavable 500x. Lavable plus de 500 fois sans perdre sa forme Pour une utilisation pratique et durable R\u00e9sistant aux froissures et aux d\u00e9chirures, 4 x moins d&rsquo;espace dans la machine R\u00e9duction des co\u00fbts de 90% par rapport aux couvertures traditionnelles Respectueux de la peau,&hellip;<\/p>\n","protected":false},"featured_media":8983,"template":"","meta":{"_seopress_robots_primary_cat":"none","_seopress_titles_title":"Drap d'examen m\u00e9dicaux lavable 80x200 cm 1 Pcs 100g","_seopress_titles_desc":"Drap pour table d\u2019examens m\u00e9dicaux 100g, r\u00e9sistant, agr\u00e9able au toucher et lavable 500x. Lavable plus de 500 fois sans perdre sa forme.","_seopress_robots_index":""},"pwb-brand":[],"product_brand":[],"product_cat":[271,1079],"product_tag":[1090,1091,1094],"product_folder":[1017],"class_list":{"0":"post-8979","1":"product","2":"type-product","3":"status-publish","4":"has-post-thumbnail","6":"product_cat-protection-table-de-massage","7":"product_cat-tous-les-accessoires-de-massage","8":"product_tag-drap","9":"product_tag-drap-lavable","10":"product_tag-protection","11":"product_shipping_class-frais-de-port-inclus-colis","13":"first","14":"instock","15":"taxable","16":"shipping-taxable","17":"purchasable","18":"product-type-simple"},"exclude_global_add_ons":[],"addons":[],"brands":[],"_links":{"self":[{"href":"https:\/\/swissmassage.ch\/fr\/wp-json\/wp\/v2\/product\/8979","targetHints":{"allow":["GET"]}}],"collection":[{"href":"https:\/\/swissmassage.ch\/fr\/wp-json\/wp\/v2\/product"}],"about":[{"href":"https:\/\/swissmassage.ch\/fr\/wp-json\/wp\/v2\/types\/product"}],"wp:featuredmedia":[{"embeddable":true,"href":"https:\/\/swissmassage.ch\/fr\/wp-json\/wp\/v2\/media\/8983"}],"wp:attachment":[{"href":"https:\/\/swissmassage.ch\/fr\/wp-json\/wp\/v2\/media?parent=8979"}],"wp:term":[{"taxonomy":"pwb-brand","embeddable":true,"href":"https:\/\/swissmassage.ch\/fr\/wp-json\/wp\/v2\/pwb-brand?post=8979"},{"taxonomy":"product_brand","embeddable":true,"href":"https:\/\/swissmassage.ch\/fr\/wp-json\/wp\/v2\/product_brand?post=8979"},{"taxonomy":"product_cat","embeddable":true,"href":"https:\/\/swissmassage.ch\/fr\/wp-json\/wp\/v2\/product_cat?post=8979"},{"taxonomy":"product_tag","embeddable":true,"href":"https:\/\/swissmassage.ch\/fr\/wp-json\/wp\/v2\/product_tag?post=8979"},{"taxonomy":"product_folder","embeddable":true,"href":"https:\/\/swissmassage.ch\/fr\/wp-json\/wp\/v2\/product_folder?post=8979"}],"curies":[{"name":"wp","href":"https:\/\/api.w.org\/{rel}","templated":true}]}}