{"id":8997,"date":"2023-12-06T19:56:27","date_gmt":"2023-12-06T18:56:27","guid":{"rendered":"https:\/\/swissmassage.ch\/?post_type=product&#038;p=8997"},"modified":"2026-04-10T07:57:50","modified_gmt":"2026-04-10T05:57:50","slug":"papier-d-examen-pour-table-de-massage-70-cm-1-pcs","status":"publish","type":"product","link":"https:\/\/swissmassage.ch\/fr\/produits\/papier-d-examen-pour-table-de-massage-70-cm-1-pcs\/","title":{"rendered":"Papier d Examen pour table de massage 70 cm 1 rouleau."},"content":{"rendered":"<h2 style=\"text-align: left\">Papier d&rsquo;examen sp\u00e9cial pour tables de massage largeur 70 cm, longueur 100 m, 1 rouleau.<\/h2>\n<p>Papier d&rsquo;examen sp\u00e9cial massage, plus doux et beaucoup plus r\u00e9sistant que le papier classique. ( Des variations de largeurs peuvent \u00eatre constat\u00e9es de 68 cm \u00e0 71 cm, elles sont dans la tol\u00e9rance de fabrication.)<br \/>\nEconomique, doux et agr\u00e9able.<br \/>\nNe fait pas de bruit \u00e0 l&rsquo;utilisation.<br \/>\nEchantillons \u00e0 disposition pour tests, envoie par poste possible.<br \/>\nLivrable dans toute la Suisse.<br \/>\nOu \u00e0 l&#8217;emporter directement dans notre atelier, \u00e0 la pi\u00e8ce prix 52.- \/pcs.<\/p>\n","protected":false},"excerpt":{"rendered":"<p>Papier d&rsquo;examen sp\u00e9cial pour tables de massage largeur 70 cm, longueur 100 m, 1 rouleau. Papier d&rsquo;examen sp\u00e9cial massage, plus doux et beaucoup plus r\u00e9sistant que le papier classique. ( Des variations de largeurs peuvent \u00eatre constat\u00e9es de 68 cm \u00e0 71 cm, elles sont dans la tol\u00e9rance de fabrication.) Economique, doux et agr\u00e9able. Ne&hellip;<\/p>\n","protected":false},"featured_media":8994,"template":"","meta":{"_seopress_robots_primary_cat":"none","_seopress_titles_title":"%%post_title%%","_seopress_titles_desc":"Papier d'examen sp\u00e9cial pour tables de massage largeur 70 cm, longueur 100 m, 1 rouleau. Ne fait pas de bruit \u00e0 l'utilisation.","_seopress_robots_index":""},"pwb-brand":[],"product_brand":[],"product_cat":[271,1079],"product_tag":[1096,1094,1097],"product_folder":[1017],"class_list":{"0":"post-8997","1":"product","2":"type-product","3":"status-publish","4":"has-post-thumbnail","6":"product_cat-protection-table-de-massage","7":"product_cat-tous-les-accessoires-de-massage","8":"product_tag-papier","9":"product_tag-protection","10":"product_tag-rouleau-papier","12":"first","13":"instock","14":"taxable","15":"shipping-taxable","16":"purchasable","17":"product-type-simple"},"exclude_global_add_ons":[],"addons":[],"brands":[],"_links":{"self":[{"href":"https:\/\/swissmassage.ch\/fr\/wp-json\/wp\/v2\/product\/8997","targetHints":{"allow":["GET"]}}],"collection":[{"href":"https:\/\/swissmassage.ch\/fr\/wp-json\/wp\/v2\/product"}],"about":[{"href":"https:\/\/swissmassage.ch\/fr\/wp-json\/wp\/v2\/types\/product"}],"wp:featuredmedia":[{"embeddable":true,"href":"https:\/\/swissmassage.ch\/fr\/wp-json\/wp\/v2\/media\/8994"}],"wp:attachment":[{"href":"https:\/\/swissmassage.ch\/fr\/wp-json\/wp\/v2\/media?parent=8997"}],"wp:term":[{"taxonomy":"pwb-brand","embeddable":true,"href":"https:\/\/swissmassage.ch\/fr\/wp-json\/wp\/v2\/pwb-brand?post=8997"},{"taxonomy":"product_brand","embeddable":true,"href":"https:\/\/swissmassage.ch\/fr\/wp-json\/wp\/v2\/product_brand?post=8997"},{"taxonomy":"product_cat","embeddable":true,"href":"https:\/\/swissmassage.ch\/fr\/wp-json\/wp\/v2\/product_cat?post=8997"},{"taxonomy":"product_tag","embeddable":true,"href":"https:\/\/swissmassage.ch\/fr\/wp-json\/wp\/v2\/product_tag?post=8997"},{"taxonomy":"product_folder","embeddable":true,"href":"https:\/\/swissmassage.ch\/fr\/wp-json\/wp\/v2\/product_folder?post=8997"}],"curies":[{"name":"wp","href":"https:\/\/api.w.org\/{rel}","templated":true}]}}