{"id":9000,"date":"2023-12-06T21:23:02","date_gmt":"2023-12-06T20:23:02","guid":{"rendered":"https:\/\/swissmassage.ch\/?post_type=product&#038;p=9000"},"modified":"2026-04-14T21:22:01","modified_gmt":"2026-04-14T19:22:01","slug":"papier-d-examen-pour-table-de-massage-80-cm-1-rouleau","status":"publish","type":"product","link":"https:\/\/swissmassage.ch\/fr\/produits\/papier-d-examen-pour-table-de-massage-80-cm-1-rouleau\/","title":{"rendered":"Papier d Examen pour table de massage 80 cm 1 rouleau"},"content":{"rendered":"<h2 style=\"text-align: left\">Papier d&rsquo;examen sp\u00e9cial pour tables de massage larges 1 rouleau.<\/h2>\n<p>largeur 80 cm longueur 100 m par rouleau 30 gr. ( Des variations de largeurs peuvent \u00eatre constat\u00e9es de 78 cm \u00e0 81 cm, elles sont dans la tol\u00e9rance de fabrication.)<br \/>\nPapier d&rsquo;examen sp\u00e9cial massage, plus doux et beaucoup plus r\u00e9sistant que le papier classique.<br \/>\nEconomique, doux et agr\u00e9able.<br \/>\nNe fait pas de bruit \u00e0 l&rsquo;utilisation.<br \/>\nEchantillons \u00e0 disposition pour tests, envoie par poste possible.<br \/>\nLivrable dans toute la Suisse.<br \/>\nOu \u00e0 l&#8217;emporter directement dans notre atelier \u00e0 la pi\u00e8ce prix 58.-\/pcs<\/p>\n","protected":false},"excerpt":{"rendered":"<p>Papier d&rsquo;examen sp\u00e9cial pour tables de massage larges 1 rouleau. largeur 80 cm longueur 100 m par rouleau 30 gr. ( Des variations de largeurs peuvent \u00eatre constat\u00e9es de 78 cm \u00e0 81 cm, elles sont dans la tol\u00e9rance de fabrication.) Papier d&rsquo;examen sp\u00e9cial massage, plus doux et beaucoup plus r\u00e9sistant que le papier classique.&hellip;<\/p>\n","protected":false},"featured_media":8995,"template":"","meta":{"_seopress_robots_primary_cat":"none","_seopress_titles_title":"%%post_title%%","_seopress_titles_desc":"Papier d'examen sp\u00e9cial massage, plus doux et beaucoup plus r\u00e9sistant que le papier classique. Ne fait pas de bruit \u00e0 l'utilisation. Livrable dans toute la Suisse.","_seopress_robots_index":""},"pwb-brand":[],"product_brand":[],"product_cat":[271,1079],"product_tag":[1096,1094,1097],"product_folder":[1017],"class_list":{"0":"post-9000","1":"product","2":"type-product","3":"status-publish","4":"has-post-thumbnail","6":"product_cat-protection-table-de-massage","7":"product_cat-tous-les-accessoires-de-massage","8":"product_tag-papier","9":"product_tag-protection","10":"product_tag-rouleau-papier","12":"first","13":"instock","14":"taxable","15":"shipping-taxable","16":"purchasable","17":"product-type-simple"},"exclude_global_add_ons":[],"addons":[],"brands":[],"_links":{"self":[{"href":"https:\/\/swissmassage.ch\/fr\/wp-json\/wp\/v2\/product\/9000","targetHints":{"allow":["GET"]}}],"collection":[{"href":"https:\/\/swissmassage.ch\/fr\/wp-json\/wp\/v2\/product"}],"about":[{"href":"https:\/\/swissmassage.ch\/fr\/wp-json\/wp\/v2\/types\/product"}],"wp:featuredmedia":[{"embeddable":true,"href":"https:\/\/swissmassage.ch\/fr\/wp-json\/wp\/v2\/media\/8995"}],"wp:attachment":[{"href":"https:\/\/swissmassage.ch\/fr\/wp-json\/wp\/v2\/media?parent=9000"}],"wp:term":[{"taxonomy":"pwb-brand","embeddable":true,"href":"https:\/\/swissmassage.ch\/fr\/wp-json\/wp\/v2\/pwb-brand?post=9000"},{"taxonomy":"product_brand","embeddable":true,"href":"https:\/\/swissmassage.ch\/fr\/wp-json\/wp\/v2\/product_brand?post=9000"},{"taxonomy":"product_cat","embeddable":true,"href":"https:\/\/swissmassage.ch\/fr\/wp-json\/wp\/v2\/product_cat?post=9000"},{"taxonomy":"product_tag","embeddable":true,"href":"https:\/\/swissmassage.ch\/fr\/wp-json\/wp\/v2\/product_tag?post=9000"},{"taxonomy":"product_folder","embeddable":true,"href":"https:\/\/swissmassage.ch\/fr\/wp-json\/wp\/v2\/product_folder?post=9000"}],"curies":[{"name":"wp","href":"https:\/\/api.w.org\/{rel}","templated":true}]}}