{"id":9011,"date":"2023-12-07T07:58:58","date_gmt":"2023-12-07T06:58:58","guid":{"rendered":"https:\/\/swissmassage.ch\/?post_type=product&#038;p=9011"},"modified":"2026-01-15T10:45:25","modified_gmt":"2026-01-15T09:45:25","slug":"tabouret-medical-ergonomique-modele-perinee","status":"publish","type":"product","link":"https:\/\/swissmassage.ch\/fr\/produits\/tabouret-medical-ergonomique-modele-perinee\/","title":{"rendered":"Tabouret m\u00e9dical ergonomique P\u00e9rin\u00e9e"},"content":{"rendered":"<h1>Tabouret m\u00e9dical P\u00e9rin\u00e9e.<\/h1>\n<p>Tabouret si\u00e8ge ergonomique avec ouverture p\u00e9rin\u00e9e.<br \/>\nR\u00e9glage de hauteur de 54 cm \u00e0 72 cm.<br \/>\nAssise 44 cm de large par 40 cm<br \/>\nR\u00e9glage de l&rsquo;inclinaison de l&rsquo;assise.<br \/>\nP\u00e8se 12 kg, supporte 180 kg.<br \/>\nId\u00e9al pour les personnes ayant une sensibilit\u00e9 au niveau du p\u00e9rin\u00e9e.<br \/>\nVeuillez noter qu&rsquo;en raison des diff\u00e9rences morphologiques de chaque personne, nous vous conseillons vivement d&rsquo;essayer les tabourets dans notre exposition \u00e0 Aigle avant de finaliser votre achat. En cas d&rsquo;erreur d&rsquo;achat, les tabourets ne pourront ni \u00eatre retourn\u00e9s ni \u00e9chang\u00e9s.<\/p>\n","protected":false},"excerpt":{"rendered":"<p>Tabouret m\u00e9dical P\u00e9rin\u00e9e. Tabouret si\u00e8ge ergonomique avec ouverture p\u00e9rin\u00e9e. R\u00e9glage de hauteur de 54 cm \u00e0 72 cm. Assise 44 cm de large par 40 cm R\u00e9glage de l&rsquo;inclinaison de l&rsquo;assise. P\u00e8se 12 kg, supporte 180 kg. Id\u00e9al pour les personnes ayant une sensibilit\u00e9 au niveau du p\u00e9rin\u00e9e. Veuillez noter qu&rsquo;en raison des diff\u00e9rences morphologiques&hellip;<\/p>\n","protected":false},"featured_media":9013,"template":"","meta":{"_seopress_robots_primary_cat":"none","_seopress_titles_title":"","_seopress_titles_desc":"Tabouret m\u00e9dical P\u00e9rin\u00e9e : si\u00e8ge ergonomique avec ouverture p\u00e9rin\u00e9e, r\u00e9glable en hauteur de 54 \u00e0 72 cm. Assise de 44 cm de large par 40 cm pour un confort optimal.","_seopress_robots_index":""},"pwb-brand":[],"product_brand":[],"product_cat":[1050,1052,235,1051,1049,1079,1077,1076,1078,1075],"product_tag":[1037,1040,1038,1043,1083,1039],"product_folder":[],"class_list":{"0":"post-9011","1":"product","2":"type-product","3":"status-publish","4":"has-post-thumbnail","6":"product_cat-chaises-pour-estheticiennes","7":"product_cat-tabourets-et-confort","8":"product_cat-esthetique-tabourets","9":"product_cat-tabourets-pour-spa","10":"product_cat-tabourets-pour-therapeutes","11":"product_cat-tous-les-accessoires-de-massage","12":"product_cat-tous-les-articles-esthetiques","13":"product_cat-tous-les-articles-physio-medical","14":"product_cat-tous-les-articles-spa-beaute","15":"product_cat-tous-les-articles-de-massage","16":"product_tag-tabouret","17":"product_tag-tabouret-en-forme-de-selle","18":"product_tag-tabouret-ergonomique","19":"product_tag-tabouret-medical","20":"product_tag-tabouret-roulettes","21":"product_tag-tabourets-medicaux","23":"first","24":"instock","25":"sale","26":"taxable","27":"shipping-taxable","28":"purchasable","29":"product-type-simple"},"exclude_global_add_ons":false,"addons":[{"name":"Option cercle repose pieds","type":"multiple_choice","position":0,"required":false,"title_format":"label","description_enable":false,"description":"","placeholder_enable":false,"placeholder":"","display":"images","restrictions_type":"any_text","adjust_price":false,"price":"","price_type":"flat_fee","restrictions":false,"min":0,"max":0,"options":[{"label":"Avec option cercle repose pieds","price":"38","price_type":"flat_fee","image":9017}],"id":1720451325}],"brands":[],"_links":{"self":[{"href":"https:\/\/swissmassage.ch\/fr\/wp-json\/wp\/v2\/product\/9011","targetHints":{"allow":["GET"]}}],"collection":[{"href":"https:\/\/swissmassage.ch\/fr\/wp-json\/wp\/v2\/product"}],"about":[{"href":"https:\/\/swissmassage.ch\/fr\/wp-json\/wp\/v2\/types\/product"}],"wp:featuredmedia":[{"embeddable":true,"href":"https:\/\/swissmassage.ch\/fr\/wp-json\/wp\/v2\/media\/9013"}],"wp:attachment":[{"href":"https:\/\/swissmassage.ch\/fr\/wp-json\/wp\/v2\/media?parent=9011"}],"wp:term":[{"taxonomy":"pwb-brand","embeddable":true,"href":"https:\/\/swissmassage.ch\/fr\/wp-json\/wp\/v2\/pwb-brand?post=9011"},{"taxonomy":"product_brand","embeddable":true,"href":"https:\/\/swissmassage.ch\/fr\/wp-json\/wp\/v2\/product_brand?post=9011"},{"taxonomy":"product_cat","embeddable":true,"href":"https:\/\/swissmassage.ch\/fr\/wp-json\/wp\/v2\/product_cat?post=9011"},{"taxonomy":"product_tag","embeddable":true,"href":"https:\/\/swissmassage.ch\/fr\/wp-json\/wp\/v2\/product_tag?post=9011"},{"taxonomy":"product_folder","embeddable":true,"href":"https:\/\/swissmassage.ch\/fr\/wp-json\/wp\/v2\/product_folder?post=9011"}],"curies":[{"name":"wp","href":"https:\/\/api.w.org\/{rel}","templated":true}]}}