{"id":9523,"date":"2024-01-31T09:57:18","date_gmt":"2024-01-31T08:57:18","guid":{"rendered":"https:\/\/swissmassage.ch\/?post_type=product&#038;p=9523"},"modified":"2024-07-09T09:16:19","modified_gmt":"2024-07-09T07:16:19","slug":"offrez-un-bon-cadeau-swissmassage","status":"publish","type":"product","link":"https:\/\/swissmassage.ch\/fr\/produits\/offrez-un-bon-cadeau-swissmassage\/","title":{"rendered":"Offrez un bon cadeau Swissmassage"},"content":{"rendered":"","protected":false},"excerpt":{"rendered":"<p>Vous avez la possibilit\u00e9 d&rsquo;offrir un bon cadeau original \u00e0 une personne que vous appr\u00e9ciez, que ce soit pour un cadeau d&rsquo;anniversaire, un cadeau de no\u00ebl, un cadeau de d\u00e9part ou un coup de pouce pour un changement d&rsquo;orientation professionnelle.<br \/>\nLa limite minimum administrative \u00e9tant de 100.-, faites votre choix, vous recevrez par courriel le bon cadeau num\u00e9rot\u00e9 et certifi\u00e9, Swissmassage.<\/p>\n","protected":false},"featured_media":9550,"template":"","meta":{"_seopress_robots_primary_cat":"none","_seopress_titles_title":"%%post_title%%","_seopress_titles_desc":"Offrez un bon cadeau Swissmassage et faites ainsi plaisir \u00e0 vos proches. Ce bon est valable sur notre site ou directement \u00e0 notre showroom.","_seopress_robots_index":""},"pwb-brand":[],"product_brand":[],"product_cat":[1228,710,1079,1077,1075],"product_tag":[],"product_folder":[],"class_list":{"0":"post-9523","1":"product","2":"type-product","3":"status-publish","4":"has-post-thumbnail","6":"product_cat-formation","7":"product_cat-non-classe","8":"product_cat-tous-les-accessoires-de-massage","9":"product_cat-tous-les-articles-esthetiques","10":"product_cat-tous-les-articles-de-massage","11":"product_shipping_class-frais-de-port-inclus-colis","13":"first","14":"instock","15":"taxable","16":"shipping-taxable","17":"purchasable","18":"product-type-variable","19":"has-default-attributes"},"exclude_global_add_ons":[],"addons":[],"brands":[],"_links":{"self":[{"href":"https:\/\/swissmassage.ch\/fr\/wp-json\/wp\/v2\/product\/9523","targetHints":{"allow":["GET"]}}],"collection":[{"href":"https:\/\/swissmassage.ch\/fr\/wp-json\/wp\/v2\/product"}],"about":[{"href":"https:\/\/swissmassage.ch\/fr\/wp-json\/wp\/v2\/types\/product"}],"wp:featuredmedia":[{"embeddable":true,"href":"https:\/\/swissmassage.ch\/fr\/wp-json\/wp\/v2\/media\/9550"}],"wp:attachment":[{"href":"https:\/\/swissmassage.ch\/fr\/wp-json\/wp\/v2\/media?parent=9523"}],"wp:term":[{"taxonomy":"pwb-brand","embeddable":true,"href":"https:\/\/swissmassage.ch\/fr\/wp-json\/wp\/v2\/pwb-brand?post=9523"},{"taxonomy":"product_brand","embeddable":true,"href":"https:\/\/swissmassage.ch\/fr\/wp-json\/wp\/v2\/product_brand?post=9523"},{"taxonomy":"product_cat","embeddable":true,"href":"https:\/\/swissmassage.ch\/fr\/wp-json\/wp\/v2\/product_cat?post=9523"},{"taxonomy":"product_tag","embeddable":true,"href":"https:\/\/swissmassage.ch\/fr\/wp-json\/wp\/v2\/product_tag?post=9523"},{"taxonomy":"product_folder","embeddable":true,"href":"https:\/\/swissmassage.ch\/fr\/wp-json\/wp\/v2\/product_folder?post=9523"}],"curies":[{"name":"wp","href":"https:\/\/api.w.org\/{rel}","templated":true}]}}