{"id":9850,"date":"2024-03-04T15:08:07","date_gmt":"2024-03-04T14:08:07","guid":{"rendered":"https:\/\/swissmassage.ch\/?post_type=product&#038;p=9850"},"modified":"2025-10-02T15:01:07","modified_gmt":"2025-10-02T13:01:07","slug":"table-de-chiropratique-modele-lym-plus","status":"publish","type":"product","link":"https:\/\/swissmassage.ch\/fr\/produits\/table-de-chiropratique-modele-lym-plus\/","title":{"rendered":"Table de Chiropratique mod\u00e8le Appa"},"content":{"rendered":"<h2>Table de Chiropratique mod\u00e8le Appa<\/h2>\n<p><strong>Fonctions motoris\u00e9es:<\/strong><br \/>\nHauteur (position \u00e0 plat): 60-80 cm<\/p>\n<p><strong>Fonctions Manuelles:<\/strong><br \/>\nRepose-t\u00eate r\u00e9glable: inclinaison, hauteur et distance entre les deux sections<br \/>\nSection repose-pied extensible jusqu\u2019\u00e0 13 cm et inclinaison r\u00e9glable (0\u00ba a +30\u00ba)<br \/>\n3 sections avec drop r\u00e9glable et actionnement \u00e0 pied: thoracique, lombaire et pelvienne.<br \/>\n1 section avec drop r\u00e9glable et actionnement manuel: cervical<\/p>\n<p><strong>Inclus:<\/strong><br \/>\nHauteur (position \u00e0 plat): 60-80 cm<br \/>\nRepose-t\u00eate r\u00e9glable: inclinaison, hauteur et distance entre les deux sections<br \/>\nSection repose-pied extensible jusqu\u2019\u00e0 13 cm et inclinaison r\u00e9glable (0\u00ba a +30\u00ba)<br \/>\n3 sections avec drop r\u00e9glable et actionnement \u00e0 pied: thoracique, lombaire et pelvienne.<br \/>\n1 section avec drop r\u00e9glable et actionnement manuel: cervical<br \/>\nT\u00e9l\u00e9commande \u00e0 pied<br \/>\nAccoudoirs<br \/>\nPorte-rouleau dans la partie sup\u00e9rieure<br \/>\n2 roues pour in d\u00e9placement facilit\u00e9<br \/>\nPied ajustable afin de garantir la stabilit\u00e9<\/p>\n<p><strong>Caract\u00e9ristiques techniques:<\/strong><br \/>\nLongueur: 176-189 cm Largeur: 54 cm Hauteur: 60-80 cm<br \/>\nPoids: 100 kg<br \/>\nCharge maximale 225 kg<br \/>\nMoteurs: 1<br \/>\n\u00c9paisseur de la mousse 9,5 cm<br \/>\nDensit\u00e9: 36 kg\/m3<br \/>\nRev\u00eatement: MED PVC<br \/>\nTable \u00e0 7 plans<\/p>\n<p><span style=\"font-size: 10pt;\"><strong>Certification:<\/strong><br \/>\nDispositif M\u00e9dical de Classe I. R\u00e8glement Europ\u00e9en des Dispositifs<br \/>\nM\u00e9dicaux (UE) 2017\/745<\/span><\/p>\n<p><strong>Vid\u00e9o Table de Chiro:<\/strong><\/p>\n<div style=\"width: 1170px;\" class=\"wp-video\"><video class=\"wp-video-shortcode\" id=\"video-9850-1\" width=\"1170\" height=\"658\" preload=\"metadata\" controls=\"controls\"><source type=\"video\/mp4\" src=\"https:\/\/swissmassage.ch\/wp-content\/uploads\/Table-de-Chiropratie-modele-Lym-Plus-de-Coinfycare-Swissmassage.mp4?_=1\" \/><a href=\"https:\/\/swissmassage.ch\/wp-content\/uploads\/Table-de-Chiropratie-modele-Lym-Plus-de-Coinfycare-Swissmassage.mp4\">https:\/\/swissmassage.ch\/wp-content\/uploads\/Table-de-Chiropratie-modele-Lym-Plus-de-Coinfycare-Swissmassage.mp4<\/a><\/video><\/div>\n","protected":false},"excerpt":{"rendered":"<p>Table de Chiropratique mod\u00e8le Appa Fonctions motoris\u00e9es: Hauteur (position \u00e0 plat): 60-80 cm Fonctions Manuelles: Repose-t\u00eate r\u00e9glable: inclinaison, hauteur et distance entre les deux sections Section repose-pied extensible jusqu\u2019\u00e0 13 cm et inclinaison r\u00e9glable (0\u00ba a +30\u00ba) 3 sections avec drop r\u00e9glable et actionnement \u00e0 pied: thoracique, lombaire et pelvienne. 1 section avec drop r\u00e9glable&hellip;<\/p>\n","protected":false},"featured_media":9851,"template":"","meta":{"_seopress_robots_primary_cat":"none","_seopress_titles_title":"Table de Chiropratique mod\u00e8le Lym Plus - Swissmassage","_seopress_titles_desc":"La table de chiropratique mod\u00e8le Lym Plus assure un soutien optimal et un confort sup\u00e9rieur pour des traitements chiropratiques efficaces et professionnels.","_seopress_robots_index":""},"pwb-brand":[],"product_brand":[],"product_cat":[353,1076],"product_tag":[1220,1201,1221],"product_folder":[],"class_list":{"0":"post-9850","1":"product","2":"type-product","3":"status-publish","4":"has-post-thumbnail","6":"product_cat-table-de-chiropratique","7":"product_cat-tous-les-articles-physio-medical","8":"product_tag-chiro","9":"product_tag-medical","10":"product_tag-table-de-chiro","12":"first","13":"instock","14":"sale","15":"taxable","16":"shipping-taxable","17":"purchasable","18":"product-type-simple"},"exclude_global_add_ons":[],"addons":[],"brands":[],"_links":{"self":[{"href":"https:\/\/swissmassage.ch\/fr\/wp-json\/wp\/v2\/product\/9850","targetHints":{"allow":["GET"]}}],"collection":[{"href":"https:\/\/swissmassage.ch\/fr\/wp-json\/wp\/v2\/product"}],"about":[{"href":"https:\/\/swissmassage.ch\/fr\/wp-json\/wp\/v2\/types\/product"}],"wp:featuredmedia":[{"embeddable":true,"href":"https:\/\/swissmassage.ch\/fr\/wp-json\/wp\/v2\/media\/9851"}],"wp:attachment":[{"href":"https:\/\/swissmassage.ch\/fr\/wp-json\/wp\/v2\/media?parent=9850"}],"wp:term":[{"taxonomy":"pwb-brand","embeddable":true,"href":"https:\/\/swissmassage.ch\/fr\/wp-json\/wp\/v2\/pwb-brand?post=9850"},{"taxonomy":"product_brand","embeddable":true,"href":"https:\/\/swissmassage.ch\/fr\/wp-json\/wp\/v2\/product_brand?post=9850"},{"taxonomy":"product_cat","embeddable":true,"href":"https:\/\/swissmassage.ch\/fr\/wp-json\/wp\/v2\/product_cat?post=9850"},{"taxonomy":"product_tag","embeddable":true,"href":"https:\/\/swissmassage.ch\/fr\/wp-json\/wp\/v2\/product_tag?post=9850"},{"taxonomy":"product_folder","embeddable":true,"href":"https:\/\/swissmassage.ch\/fr\/wp-json\/wp\/v2\/product_folder?post=9850"}],"curies":[{"name":"wp","href":"https:\/\/api.w.org\/{rel}","templated":true}]}}