{"id":9857,"date":"2024-03-04T16:16:31","date_gmt":"2024-03-04T15:16:31","guid":{"rendered":"https:\/\/swissmassage.ch\/?post_type=product&#038;p=9857"},"modified":"2025-10-02T14:16:17","modified_gmt":"2025-10-02T12:16:17","slug":"table-de-chiropratique-modele-bhal","status":"publish","type":"product","link":"https:\/\/swissmassage.ch\/fr\/produits\/table-de-chiropratique-modele-bhal\/","title":{"rendered":"Table de Chiropratique mod\u00e8le Scall"},"content":{"rendered":"<h2>Table de Chiropratique mod\u00e8le Scall<\/h2>\n<p><strong>Fonctions motoris\u00e9es:<\/strong><br \/>\nHauteur 48,5-66 cm. Par commande au pied.<\/p>\n<p><strong>Fonctions Manuelles:<\/strong><br \/>\nAppui-t\u00eate r\u00e9glable (-15\u00ba to +20\u00ba). Piston \u00e0 gaz<br \/>\nSection thoracique r\u00e9glable (-18\u00ba a +20\u00ba). Piston \u00e0 gaz<br \/>\nSection pelvienne r\u00e9glable (0\u00ba a +20\u00ba). Manuelle<br \/>\nRepose-pieds r\u00e9glable (0\u00ba a +50\u00ba). Manuelle<\/p>\n<p><strong>Inclus:<\/strong><br \/>\nDeux roues pivotantes r\u00e9tractables et 2 roues fixes pour un d\u00e9placement facile<br \/>\nTrois sections de chute: cervicale, thoracique et lombaire<br \/>\nConception abdominale fendue &#8211; la section de la poitrine peut \u00eatre relev\u00e9e ou abaiss\u00e9e<\/p>\n<p><strong>Caract\u00e9ristiques techniques:<\/strong><br \/>\nLongueur: 183 cm Largeur: 51 cm Hauteur: 48.5-66 cm<br \/>\nPoids: 110 kg<br \/>\nCharge maximale 250 kg<br \/>\nMoteurs: 1<br \/>\n\u00c9paisseur de la mousse 7 cm<br \/>\nDensit\u00e9: 36 kg\/m3<br \/>\nRev\u00eatement: MED PVC<br \/>\nTable \u00e0 7 plans<\/p>\n<p><span style=\"font-size: 10pt;\"><strong>Certification:<\/strong><br \/>\nDispositif M\u00e9dical de Classe I. R\u00e8glement Europ\u00e9en des Dispositifs<br \/>\nM\u00e9dicaux CE, FDA, ISO13485-2016, EN60601<br \/>\n<\/span><\/p>\n<p><strong>Vid\u00e9o Table de Chiro mod\u00e8le Scall:<br \/>\n<\/strong><\/p>\n<div style=\"width: 640px;\" class=\"wp-video\"><video class=\"wp-video-shortcode\" id=\"video-9857-1\" width=\"640\" height=\"368\" preload=\"metadata\" controls=\"controls\"><source type=\"video\/mp4\" src=\"https:\/\/swissmassage.ch\/wp-content\/uploads\/Video-table-de-Chiro-modele-Coinfycare-Bhal.mp4?_=1\" \/><a href=\"https:\/\/swissmassage.ch\/wp-content\/uploads\/Video-table-de-Chiro-modele-Coinfycare-Bhal.mp4\">https:\/\/swissmassage.ch\/wp-content\/uploads\/Video-table-de-Chiro-modele-Coinfycare-Bhal.mp4<\/a><\/video><\/div>\n<p><strong>\u00a0<\/strong><\/p>\n","protected":false},"excerpt":{"rendered":"<p>Table de Chiropratique mod\u00e8le Scall Fonctions motoris\u00e9es: Hauteur 48,5-66 cm. Par commande au pied. Fonctions Manuelles: Appui-t\u00eate r\u00e9glable (-15\u00ba to +20\u00ba). Piston \u00e0 gaz Section thoracique r\u00e9glable (-18\u00ba a +20\u00ba). Piston \u00e0 gaz Section pelvienne r\u00e9glable (0\u00ba a +20\u00ba). Manuelle Repose-pieds r\u00e9glable (0\u00ba a +50\u00ba). Manuelle Inclus: Deux roues pivotantes r\u00e9tractables et 2 roues fixes&hellip;<\/p>\n","protected":false},"featured_media":9862,"template":"","meta":{"_seopress_robots_primary_cat":"none","_seopress_titles_title":"","_seopress_titles_desc":"La table de chiropratique mod\u00e8le Bhal offre un soutien optimal et un confort sup\u00e9rieur pour des traitements chiropratiques efficaces.","_seopress_robots_index":""},"pwb-brand":[],"product_brand":[],"product_cat":[353,1076],"product_tag":[1220,1201,1221],"product_folder":[],"class_list":{"0":"post-9857","1":"product","2":"type-product","3":"status-publish","4":"has-post-thumbnail","6":"product_cat-table-de-chiropratique","7":"product_cat-tous-les-articles-physio-medical","8":"product_tag-chiro","9":"product_tag-medical","10":"product_tag-table-de-chiro","12":"first","13":"instock","14":"taxable","15":"shipping-taxable","16":"purchasable","17":"product-type-simple"},"exclude_global_add_ons":[],"addons":[],"brands":[],"_links":{"self":[{"href":"https:\/\/swissmassage.ch\/fr\/wp-json\/wp\/v2\/product\/9857","targetHints":{"allow":["GET"]}}],"collection":[{"href":"https:\/\/swissmassage.ch\/fr\/wp-json\/wp\/v2\/product"}],"about":[{"href":"https:\/\/swissmassage.ch\/fr\/wp-json\/wp\/v2\/types\/product"}],"wp:featuredmedia":[{"embeddable":true,"href":"https:\/\/swissmassage.ch\/fr\/wp-json\/wp\/v2\/media\/9862"}],"wp:attachment":[{"href":"https:\/\/swissmassage.ch\/fr\/wp-json\/wp\/v2\/media?parent=9857"}],"wp:term":[{"taxonomy":"pwb-brand","embeddable":true,"href":"https:\/\/swissmassage.ch\/fr\/wp-json\/wp\/v2\/pwb-brand?post=9857"},{"taxonomy":"product_brand","embeddable":true,"href":"https:\/\/swissmassage.ch\/fr\/wp-json\/wp\/v2\/product_brand?post=9857"},{"taxonomy":"product_cat","embeddable":true,"href":"https:\/\/swissmassage.ch\/fr\/wp-json\/wp\/v2\/product_cat?post=9857"},{"taxonomy":"product_tag","embeddable":true,"href":"https:\/\/swissmassage.ch\/fr\/wp-json\/wp\/v2\/product_tag?post=9857"},{"taxonomy":"product_folder","embeddable":true,"href":"https:\/\/swissmassage.ch\/fr\/wp-json\/wp\/v2\/product_folder?post=9857"}],"curies":[{"name":"wp","href":"https:\/\/api.w.org\/{rel}","templated":true}]}}