{"id":9875,"date":"2024-03-04T17:00:06","date_gmt":"2024-03-04T16:00:06","guid":{"rendered":"https:\/\/swissmassage.ch\/?post_type=product&#038;p=9875"},"modified":"2025-10-03T09:17:23","modified_gmt":"2025-10-03T07:17:23","slug":"table-de-chiropratique-modele-goond","status":"publish","type":"product","link":"https:\/\/swissmassage.ch\/fr\/produits\/table-de-chiropratique-modele-goond\/","title":{"rendered":"Table de Chiropratique mod\u00e8le Alma"},"content":{"rendered":"<h2>Table de Chiropratique mod\u00e8le Alma<\/h2>\n<p><strong>Fonctions motoris\u00e9es:<\/strong><br \/>\nHauteur 56-80 cm. Par commande au pied.<\/p>\n<p><strong>Fonctions Manuelles:<\/strong><br \/>\nAppui-t\u00eate r\u00e9glable (-15\u00ba to +20\u00ba). Piston \u00e0 gaz<br \/>\nSection thoracique r\u00e9glable (-15\u00ba a +18\u00ba). Piston \u00e0 gaz<br \/>\nSection pelvienne r\u00e9glable (0\u00ba a +20\u00ba). Manuelle<br \/>\nRepose-pieds r\u00e9glable (0\u00ba a +50\u00ba). Manuelle<\/p>\n<p><strong>Inclus:<\/strong><br \/>\nDeux roues pivotantes r\u00e9tractables et 2 roues fixes pour un d\u00e9placement facile<br \/>\nQuatre sections : cervicale, thoracique, lombaire et pelvienne<br \/>\nConception abdominale fendue &#8211; la section de la poitrine peut \u00eatre relev\u00e9e ou abaiss\u00e9e<br \/>\nDistance de traction maximale 10 cm (entre la section lombaire et pelvienne)<\/p>\n<p><strong>Caract\u00e9ristiques techniques:<\/strong><br \/>\nLongueur: 172 cm Largeur: 56 cm Hauteur: 56-80 cm<br \/>\nPoids: 136 kg<br \/>\nCharge maximale 250 kg<br \/>\nMoteurs: 2<br \/>\n\u00c9paisseur de la mousse 7 cm<br \/>\nDensit\u00e9: 36 kg\/m3<br \/>\nRev\u00eatement: MED PVC<br \/>\nTable \u00e0 7 plans<\/p>\n<p><span style=\"font-size: 10pt;\"><strong>Certification:<\/strong><br \/>\nDispositif M\u00e9dical de Classe I. R\u00e8glement Europ\u00e9en des Dispositifs<br \/>\nM\u00e9dicaux CE, FDA, ISO13485-2016, EN60601<br \/>\n<\/span><\/p>\n<p><strong>Vid\u00e9o Table de Chiro mod\u00e8le Alma:<br \/>\n<\/strong><\/p>\n<div style=\"width: 1170px;\" class=\"wp-video\"><video class=\"wp-video-shortcode\" id=\"video-9875-1\" width=\"1170\" height=\"658\" preload=\"metadata\" controls=\"controls\"><source type=\"video\/mp4\" src=\"https:\/\/swissmassage.ch\/wp-content\/uploads\/Video-table-de-Chiro-modele-Goond-Coinfycare-Swissmassage.mp4?_=1\" \/><a href=\"https:\/\/swissmassage.ch\/wp-content\/uploads\/Video-table-de-Chiro-modele-Goond-Coinfycare-Swissmassage.mp4\">https:\/\/swissmassage.ch\/wp-content\/uploads\/Video-table-de-Chiro-modele-Goond-Coinfycare-Swissmassage.mp4<\/a><\/video><\/div>\n<p><strong>\u00a0<\/strong><\/p>\n","protected":false},"excerpt":{"rendered":"<p>Table de Chiropratique mod\u00e8le Alma Fonctions motoris\u00e9es: Hauteur 56-80 cm. Par commande au pied. Fonctions Manuelles: Appui-t\u00eate r\u00e9glable (-15\u00ba to +20\u00ba). Piston \u00e0 gaz Section thoracique r\u00e9glable (-15\u00ba a +18\u00ba). Piston \u00e0 gaz Section pelvienne r\u00e9glable (0\u00ba a +20\u00ba). Manuelle Repose-pieds r\u00e9glable (0\u00ba a +50\u00ba). Manuelle Inclus: Deux roues pivotantes r\u00e9tractables et 2 roues fixes&hellip;<\/p>\n","protected":false},"featured_media":9872,"template":"","meta":{"_seopress_robots_primary_cat":"none","_seopress_titles_title":"Table de Chiropratique mod\u00e8le Goond - Swissmassage","_seopress_titles_desc":"Deux roues pivotantes r\u00e9tractables et 2 roues fixes pour un d\u00e9placement facile. Quatre sections : cervicale, thoracique, lombaire et pelvienne.","_seopress_robots_index":""},"pwb-brand":[],"product_brand":[],"product_cat":[353,1076],"product_tag":[1220,1201,1221],"product_folder":[],"class_list":{"0":"post-9875","1":"product","2":"type-product","3":"status-publish","4":"has-post-thumbnail","6":"product_cat-table-de-chiropratique","7":"product_cat-tous-les-articles-physio-medical","8":"product_tag-chiro","9":"product_tag-medical","10":"product_tag-table-de-chiro","12":"first","13":"instock","14":"sale","15":"taxable","16":"shipping-taxable","17":"purchasable","18":"product-type-simple"},"exclude_global_add_ons":[],"addons":[],"brands":[],"_links":{"self":[{"href":"https:\/\/swissmassage.ch\/fr\/wp-json\/wp\/v2\/product\/9875","targetHints":{"allow":["GET"]}}],"collection":[{"href":"https:\/\/swissmassage.ch\/fr\/wp-json\/wp\/v2\/product"}],"about":[{"href":"https:\/\/swissmassage.ch\/fr\/wp-json\/wp\/v2\/types\/product"}],"wp:featuredmedia":[{"embeddable":true,"href":"https:\/\/swissmassage.ch\/fr\/wp-json\/wp\/v2\/media\/9872"}],"wp:attachment":[{"href":"https:\/\/swissmassage.ch\/fr\/wp-json\/wp\/v2\/media?parent=9875"}],"wp:term":[{"taxonomy":"pwb-brand","embeddable":true,"href":"https:\/\/swissmassage.ch\/fr\/wp-json\/wp\/v2\/pwb-brand?post=9875"},{"taxonomy":"product_brand","embeddable":true,"href":"https:\/\/swissmassage.ch\/fr\/wp-json\/wp\/v2\/product_brand?post=9875"},{"taxonomy":"product_cat","embeddable":true,"href":"https:\/\/swissmassage.ch\/fr\/wp-json\/wp\/v2\/product_cat?post=9875"},{"taxonomy":"product_tag","embeddable":true,"href":"https:\/\/swissmassage.ch\/fr\/wp-json\/wp\/v2\/product_tag?post=9875"},{"taxonomy":"product_folder","embeddable":true,"href":"https:\/\/swissmassage.ch\/fr\/wp-json\/wp\/v2\/product_folder?post=9875"}],"curies":[{"name":"wp","href":"https:\/\/api.w.org\/{rel}","templated":true}]}}