{"id":9989,"date":"2024-03-15T11:44:36","date_gmt":"2024-03-15T10:44:36","guid":{"rendered":"https:\/\/swissmassage.ch\/?post_type=product&#038;p=9989"},"modified":"2026-03-25T12:09:05","modified_gmt":"2026-03-25T11:09:05","slug":"huile-de-massage-jouvence","status":"publish","type":"product","link":"https:\/\/swissmassage.ch\/fr\/produits\/huile-de-massage-jouvence\/","title":{"rendered":"Huile de massage Jouvence"},"content":{"rendered":"<h2>L\u2019huile de massage Jouvence.<\/h2>\n<p>Elle poss\u00e8de un \u00e9l\u00e9gant parfum floral aux notes de jasmin, d\u2019orange et de miel. Elle est hypoallerg\u00e9nique et sans huile essentielle.<\/p>\n<p>L\u2019huile de massage Jouvence convient parfaitement pour les th\u00e9rapeutes ainsi que pour les instants cocooning \u00e0 la maison.<br \/>\nSans huile essentielle et sans allerg\u00e8ne \u2013 Elle permet des massages en toute s\u00e9r\u00e9nit\u00e9<\/p>\n<div>\n<p><strong>Utilisation<\/strong>\u00a0: S\u2019utilise comme huile de massage si bien que comme huile de soin pour hydrater et parfum\u00e9 le corps et le visage.<br \/>\n<strong>Parfum<\/strong>: Agr\u00e9ables notes florales tr\u00e8s douces rappelant la jeune enfance.<br \/>\n<strong>Propri\u00e9t\u00e9s<\/strong>\u00a0: Nourrit, lisse et apaise la peau en raison de ses Vitamines E et D ainsi que des Om\u00e9ga 3, 6 et 9 contenus naturellement.<br \/>\n<strong>Texture<\/strong>\u00a0: Id\u00e9ale pour masser, poss\u00e8de un toucher velours sans laisser de film gras.<br \/>\n<strong>Naturel<\/strong>\u00a0: 99.7%<br \/>\n<strong>Biologique<\/strong>\u00a0: 99.2%<br \/>\n<strong>Huile essentielle<\/strong>\u00a0: Aucune<br \/>\n<strong>Pr\u00e9cautions<\/strong>\u00a0: Aucune\u00a0 \/\/\u00a0 Convient pendant la grossesse, l\u2019allaitement et pour les enfants.<br \/>\n<strong>Ingr\u00e9dients<\/strong> : Huile de Tournesol, Huile d\u2019Olive, Parfum, Extrait de Romarin CO2<em><br \/>\n<\/em><\/p>\n<p>Fabriqu\u00e9e en Suisse.<\/p>\n<h2>Conseils d\u2019utilisation<strong><br \/>\n<\/strong><\/h2>\n<h3><strong>Huile de Massage pour Th\u00e9rapeutes mais pas seulement !<\/strong><\/h3>\n<p><strong>Pour un<span class=\"ILfuVd\" lang=\"fr\"><span class=\"hgKElc\">\u00a0massage:\u00a0<\/span><\/span><\/strong><span class=\"ILfuVd\" lang=\"fr\"><span class=\"hgKElc\">Utilisez la main enti\u00e8re et non simplement le bout des doigts. Variez les techniques de massage : p\u00e9trissage, effleurage, tapotements, pressions ponctuelles ou frottements profonds. Cette huile s\u2019utilise aussi bien pour les massages th\u00e9rapeutiques que pour une utilisation \u00e0 la maison.<\/span><\/span><br \/>\n<strong>Pour hydrater et parfumer la peau:<\/strong>\u00a0Au quotidien, apr\u00e8s la douche ou le bain, sur une peau encore l\u00e9g\u00e8rement humide, verser quelques gouttes dans le creux de la main et masser doucement jusqu\u2019\u00e0 absorption compl\u00e8te du produit.<\/p>\n<h2>Informations compl\u00e9mentaires<\/h2>\n<p><strong>Peut-on chauffer l\u2019huile Jouvence?<\/strong><br \/>\nOui car nos huiles de massage sont compos\u00e9es d\u2019huiles v\u00e9g\u00e9tales obtenues par premi\u00e8re pression \u00e0 froid, non raffin\u00e9es et biologiques, ces caract\u00e9ristiques en font des huiles plus sensibles \u00e0 l\u2019oxydation que des huiles v\u00e9g\u00e9tales \u00ab ordinaires\/raffin\u00e9es \u00bb ou que de l\u2019huile min\u00e9rale. Il est possible de chauffer l\u00e9g\u00e8rement les huiles de massage et de pr\u00e9f\u00e9rence par <strong>petites quantit\u00e9s, <\/strong>nous d\u00e9conseillons de d\u00e9passer les 55\u00b0C.<\/p>\n<p><strong>Combien de temps se conservent les huiles de massage ?<\/strong><br \/>\nActuellement les huiles de massage se conservent 12 mois apr\u00e8s ouverture, n\u00e9anmoins apr\u00e8s cette date, nous conseillons de sentir le produit pour en v\u00e9rifier l\u2019\u00e9tat car elles peuvent encore s\u2019utiliser un long moment apr\u00e8s.<br \/>\nDe mauvaises conditions de stockage peuvent diminuer le temps de conservation. Pour pr\u00e9server la qualit\u00e9 des huiles de massage, il faut que le bouchon soit bien ferm\u00e9 sur son flacon d\u2019origine et \u00e0 l\u2019abri de l\u2019air, de la chaleur et de la lumi\u00e8re.<\/p>\n<p><strong>Est-ce que l\u2019huile Jouvence est photosensibilisante?<\/strong><br \/>\nNon car l\u2019huile de massage Jouvence ainsi que toutes les huiles ne contiennent pas d\u2019huiles essentielles reconnus comme photosensibilisantes. Ce sont certains compos\u00e9s des huiles essentielles (principalement les furocoumarines) qui sont responsables des r\u00e9actions cutan\u00e9es lors d\u2019une exposition au Soleil (rayons UV).<\/p>\n<h2>Philosophie de l&rsquo;huile de massage Jouvence<\/h2>\n<p>L&rsquo;huile de massage Jouvence est un bien-\u00eatre pour la peau, \u00e9labor\u00e9e avec \u00e0 partir d&rsquo;ingr\u00e9dients biologiques s\u00e9lectionn\u00e9s pour leurs vertus nourrissantes et r\u00e9g\u00e9n\u00e9rantes. Cette huile apporte une sensation de douceur et de vitalit\u00e9, tout en enveloppant votre corps d&rsquo;un parfum d\u00e9licat et envo\u00fbtant.<br \/>\nGr\u00e2ce \u00e0 sa base d&rsquo;huiles v\u00e9g\u00e9tales de tournesol et d&rsquo;olive, l&rsquo;huile de massage Jouvence hydrate et nourrit la peau en profondeur, la laissant douce, souple et radieuse. Ces huiles riches en acides gras essentiels aident \u00e0 restaurer la barri\u00e8re cutan\u00e9e naturelle, offrant une protection contre la d\u00e9shydratation et les agressions ext\u00e9rieures.<br \/>\nLe parfum subtil de l&rsquo;huile de massage Jouvence est un v\u00e9ritable enchantement pour les sens. D\u00e9licatement parfum\u00e9e, cette huile laisse sur la peau un voile parfum\u00e9 enivrant, \u00e9voquant les senteurs envo\u00fbtantes des fleurs et des plantes. Ce parfum apaisant et r\u00e9confortant cr\u00e9e une atmosph\u00e8re propice \u00e0 la d\u00e9tente et \u00e0 la relaxation, invitant \u00e0 un voyage sensoriel apaisant et revitalisant.<br \/>\nL&rsquo;extrait de romarin contenu dans l&rsquo;huile de massage Jouvence apporte ses propri\u00e9t\u00e9s antioxydantes et r\u00e9g\u00e9n\u00e9rantes. Il aide \u00e0 prot\u00e9ger la peau contre les radicaux libres responsables du vieillissement pr\u00e9matur\u00e9, tout en favorisant le renouvellement cellulaire pour une peau plus lumineuse et plus jeune.<br \/>\nL&rsquo;huile de massage Jouvence est un v\u00e9ritable tr\u00e9sor de bien-\u00eatre pour la peau et les sens. Enveloppant votre corps d&rsquo;une douceur exquise et d&rsquo;un parfum envo\u00fbtant, cette huile vous invite \u00e0 vous d\u00e9tendre, \u00e0 vous ressourcer et \u00e0 retrouver votre \u00e9clat naturel.<\/p>\n<\/div>\n","protected":false},"excerpt":{"rendered":"<p>L\u2019huile de massage Jouvence. Elle poss\u00e8de un \u00e9l\u00e9gant parfum floral aux notes de jasmin, d\u2019orange et de miel. Elle est hypoallerg\u00e9nique et sans huile essentielle. L\u2019huile de massage Jouvence convient parfaitement pour les th\u00e9rapeutes ainsi que pour les instants cocooning \u00e0 la maison. Sans huile essentielle et sans allerg\u00e8ne \u2013 Elle permet des massages en&hellip;<\/p>\n","protected":false},"featured_media":17561,"template":"","meta":{"_seopress_robots_primary_cat":"none","_seopress_titles_title":"","_seopress_titles_desc":"Cette huile de massage poss\u00e8de un \u00e9l\u00e9gant parfum floral aux notes de jasmin, d\u2019orange et de miel. Elle est hypoallerg\u00e9nique et sans huile essentielle.","_seopress_robots_index":""},"pwb-brand":[],"product_brand":[],"product_cat":[1273,1298,1079,1075],"product_tag":[1295,1293,1292,1301],"product_folder":[],"class_list":{"0":"post-9989","1":"product","2":"type-product","3":"status-publish","4":"has-post-thumbnail","6":"product_cat-huiles-de-massage","7":"product_cat-huiles-de-massage-suisses","8":"product_cat-tous-les-accessoires-de-massage","9":"product_cat-tous-les-articles-de-massage","10":"product_tag-huile-de-massage","11":"product_tag-huiles","12":"product_tag-huiles-de-massage","13":"product_tag-relaxation","15":"first","16":"instock","17":"purchasable","18":"product-type-variable"},"exclude_global_add_ons":[],"addons":[],"brands":[],"_links":{"self":[{"href":"https:\/\/swissmassage.ch\/fr\/wp-json\/wp\/v2\/product\/9989","targetHints":{"allow":["GET"]}}],"collection":[{"href":"https:\/\/swissmassage.ch\/fr\/wp-json\/wp\/v2\/product"}],"about":[{"href":"https:\/\/swissmassage.ch\/fr\/wp-json\/wp\/v2\/types\/product"}],"wp:featuredmedia":[{"embeddable":true,"href":"https:\/\/swissmassage.ch\/fr\/wp-json\/wp\/v2\/media\/17561"}],"wp:attachment":[{"href":"https:\/\/swissmassage.ch\/fr\/wp-json\/wp\/v2\/media?parent=9989"}],"wp:term":[{"taxonomy":"pwb-brand","embeddable":true,"href":"https:\/\/swissmassage.ch\/fr\/wp-json\/wp\/v2\/pwb-brand?post=9989"},{"taxonomy":"product_brand","embeddable":true,"href":"https:\/\/swissmassage.ch\/fr\/wp-json\/wp\/v2\/product_brand?post=9989"},{"taxonomy":"product_cat","embeddable":true,"href":"https:\/\/swissmassage.ch\/fr\/wp-json\/wp\/v2\/product_cat?post=9989"},{"taxonomy":"product_tag","embeddable":true,"href":"https:\/\/swissmassage.ch\/fr\/wp-json\/wp\/v2\/product_tag?post=9989"},{"taxonomy":"product_folder","embeddable":true,"href":"https:\/\/swissmassage.ch\/fr\/wp-json\/wp\/v2\/product_folder?post=9989"}],"curies":[{"name":"wp","href":"https:\/\/api.w.org\/{rel}","templated":true}]}}